{"id":98,"date":"2014-06-20T14:17:19","date_gmt":"2014-06-20T13:17:19","guid":{"rendered":"http:\/\/www.sidpa72.fr\/w\/?page_id=98"},"modified":"2018-06-28T15:48:54","modified_gmt":"2018-06-28T14:48:54","slug":"sidpa-2","status":"publish","type":"page","link":"https:\/\/www.sidpa72.fr\/w\/en","title":{"rendered":"Sidpa"},"content":{"rendered":"<p><div class=\"fusion-fullwidth fullwidth-box fusion-builder-row-1 nonhundred-percent-fullwidth non-hundred-percent-height-scrolling block_top\" style=\"--awb-border-radius-top-left:0px;--awb-border-radius-top-right:0px;--awb-border-radius-bottom-right:0px;--awb-border-radius-bottom-left:0px;--awb-flex-wrap:wrap;\" ><div class=\"fusion-builder-row fusion-row\"><div class=\"fusion-layout-column fusion_builder_column fusion-builder-column-0 fusion_builder_column_3_4 3_4 fusion-three-fourth fusion-column-first presentation_texte\" style=\"--awb-bg-size:cover;--awb-margin-bottom:0px;width:74%; margin-right: 4%;\"><div class=\"fusion-column-wrapper fusion-flex-column-wrapper-legacy\"><div class=\"fusion-text fusion-text-1\"><p>At SIDPA we draw on over 20 years experience to design the layout of your laboratory according to your requirements and in compliance with current norms in force in France and abroad.<\/p>\n<p>SIDPA France employs 17 people at our production site and premises of 2000 m2 and has clients all over France abroad.<\/p>\n<p>Design and personalised studies using CAD (new project, extension, refurbishment, adaptation for a new site). Production on numerically controlled machines ensuring a perfect finish and excellent quality.<\/p>\n<\/div><div class=\"fusion-clearfix\"><\/div><\/div><\/div><div class=\"fusion-layout-column fusion_builder_column fusion-builder-column-1 fusion_builder_column_1_4 1_4 fusion-one-fourth fusion-column-last\" style=\"--awb-bg-size:cover;--awb-margin-bottom:0px;width:22%;\"><div class=\"fusion-column-wrapper fusion-flex-column-wrapper-legacy\"><div class=\"fusion-text fusion-text-2\"><p><a href=\"http:\/\/www.qualibat.com\" target=\"_blank\" rel=\"noopener\"><img decoding=\"async\" class=\"alignnone size-full wp-image-20\" src=\"http:\/\/www.sidpa72.fr\/w\/wp-content\/uploads\/2014\/06\/qualibat.png\" alt=\"qualibat\" width=\"76\" height=\"71\" srcset=\"https:\/\/www.sidpa72.fr\/w\/wp-content\/uploads\/2014\/06\/qualibat-52x50.png 52w, https:\/\/www.sidpa72.fr\/w\/wp-content\/uploads\/2014\/06\/qualibat.png 76w\" sizes=\"(max-width: 76px) 100vw, 76px\" \/><\/a>\u00a0 \u00a0\u00a0<img decoding=\"async\" class=\"alignnone size-full wp-image-19\" src=\"http:\/\/www.sidpa72.fr\/w\/wp-content\/uploads\/2014\/06\/made-in-france-e1403267051169.png\" alt=\"made-in-france\" width=\"75\" height=\"75\" \/><\/p>\n<p>&nbsp;<\/p>\n<\/div><div class=\"fusion-clearfix\"><\/div><\/div><\/div><\/div><\/div><div class=\"fusion-fullwidth fullwidth-box fusion-builder-row-2 nonhundred-percent-fullwidth non-hundred-percent-height-scrolling fusion-equal-height-columns\" style=\"--awb-border-radius-top-left:0px;--awb-border-radius-top-right:0px;--awb-border-radius-bottom-right:0px;--awb-border-radius-bottom-left:0px;--awb-margin-top:0px;--awb-margin-bottom:0px;--awb-background-color:#cacaca;--awb-flex-wrap:wrap;\" ><div class=\"fusion-builder-row fusion-row\"><div class=\"fusion-layout-column fusion_builder_column fusion-builder-column-2 fusion_builder_column_1_1 1_1 fusion-one-full fusion-column-first fusion-column-last notre_actualite\" style=\"--awb-bg-size:cover;\"><div class=\"fusion-column-wrapper fusion-flex-column-wrapper-legacy\"><div class=\"fusion-text fusion-text-3\"><h2>News<\/h2>\n<\/div><div class=\"fusion-clearfix\"><\/div><\/div><\/div><\/div><\/div><div class=\"fusion-fullwidth fullwidth-box fusion-builder-row-3 nonhundred-percent-fullwidth non-hundred-percent-height-scrolling\" style=\"--awb-border-radius-top-left:0px;--awb-border-radius-top-right:0px;--awb-border-radius-bottom-right:0px;--awb-border-radius-bottom-left:0px;--awb-flex-wrap:wrap;\" ><div class=\"fusion-builder-row fusion-row\"><div class=\"fusion-layout-column fusion_builder_column fusion-builder-column-3 fusion_builder_column_1_1 1_1 fusion-one-full fusion-column-first fusion-column-last\" style=\"--awb-bg-size:cover;--awb-margin-bottom:0px;\"><div class=\"fusion-column-wrapper fusion-flex-column-wrapper-legacy\"><div class=\"fusion-section-separator section-separator triangle fusion-section-separator-1\" style=\"--awb-border-bottom:1px solid #cacaca;--awb-spacer-height:1px;--awb-svg-margin-left:0;--awb-svg-margin-right:0;--awb-icon-color:#ffffff;\"><div class=\"fusion-section-separator-svg\"><div class=\"divider-candy-arrow bottom\" style=\"top:0px;border-top-color: #cacaca;\"><\/div><div class=\"divider-candy bottom\" style=\"bottom:-21px;border-bottom:1px solid #cacaca;border-left:1px solid #cacaca;\"><\/div><\/div><div class=\"fusion-section-separator-spacer\"><div class=\"fusion-section-separator-spacer-height\"><\/div><\/div><\/div><div class=\"fusion-sep-clear\"><\/div><div class=\"fusion-separator fusion-full-width-sep\" style=\"margin-left: auto;margin-right: auto;margin-top:50px;width:100%;\"><\/div><div class=\"fusion-sep-clear\"><\/div><div class=\"fusion-clearfix\"><\/div><\/div><\/div><div class=\"fusion-layout-column fusion_builder_column fusion-builder-column-4 fusion_builder_column_1_1 1_1 fusion-one-full fusion-column-first fusion-column-last\" style=\"--awb-bg-size:cover;\"><div class=\"fusion-column-wrapper fusion-flex-column-wrapper-legacy\"><div class=\"fusion-clearfix\"><\/div><\/div><\/div><\/div><\/div><\/p>\n","protected":false},"excerpt":{"rendered":"","protected":false},"author":1,"featured_media":0,"parent":0,"menu_order":0,"comment_status":"closed","ping_status":"closed","template":"100-width.php","meta":{"footnotes":""},"class_list":["post-98","page","type-page","status-publish","hentry"],"yoast_head":"<!-- This site is optimized with the Yoast SEO plugin v27.2 - https:\/\/yoast.com\/product\/yoast-seo-wordpress\/ -->\n<title>Sidpa | Sidpa<\/title>\n<meta name=\"description\" content=\"laboratoire, paillasse de laboratoire, labo, lab, mobilier de labo, mobilier de laboratoire, meubles bahut, sorbonne, sidpa, servilab, sur mesure, labo sur mesure, laboratoire sur mesure, laboratoire sur mesure devis, laboratoire complet, meubles de laboratoire, \u00e9quipement de labo, \u00e9quipement de laboratoire, paillasse, meuble labo, chaise labo, paillasse scolaire, table labo, paillasse \u00e9cole, meuble laboratoire \u00e9cole, meuble labo \u00e9cole, agencement de laboratoire, agencement labo, paillasse PMR, hotte de laboratoire, hotte labo, labo le mans, le mans laboratoire,\" \/>\n<meta name=\"robots\" content=\"index, follow, max-snippet:-1, max-image-preview:large, max-video-preview:-1\" \/>\n<link rel=\"canonical\" href=\"https:\/\/www.sidpa72.fr\/w\/en\" \/>\n<meta property=\"og:locale\" content=\"en_US\" \/>\n<meta property=\"og:type\" content=\"article\" \/>\n<meta property=\"og:title\" content=\"Sidpa | Sidpa\" \/>\n<meta property=\"og:description\" content=\"laboratoire, paillasse de laboratoire, labo, lab, mobilier de labo, mobilier de laboratoire, meubles bahut, sorbonne, sidpa, servilab, sur mesure, labo sur mesure, laboratoire sur mesure, laboratoire sur mesure devis, laboratoire complet, meubles de laboratoire, \u00e9quipement de labo, \u00e9quipement de laboratoire, paillasse, meuble labo, chaise labo, paillasse scolaire, table labo, paillasse \u00e9cole, meuble laboratoire \u00e9cole, meuble labo \u00e9cole, agencement de laboratoire, agencement labo, paillasse PMR, hotte de laboratoire, hotte labo, labo le mans, le mans laboratoire,\" \/>\n<meta property=\"og:url\" content=\"https:\/\/www.sidpa72.fr\/w\/en\" \/>\n<meta property=\"og:site_name\" content=\"Sidpa\" \/>\n<meta property=\"article:modified_time\" content=\"2018-06-28T14:48:54+00:00\" \/>\n<meta property=\"og:image\" content=\"http:\/\/www.sidpa72.fr\/w\/wp-content\/uploads\/2014\/06\/qualibat.png\" \/>\n<meta name=\"twitter:label1\" content=\"Est. reading time\" \/>\n\t<meta name=\"twitter:data1\" content=\"4 minutes\" \/>\n<script type=\"application\/ld+json\" class=\"yoast-schema-graph\">{\"@context\":\"https:\/\/schema.org\",\"@graph\":[{\"@type\":\"WebPage\",\"@id\":\"https:\/\/www.sidpa72.fr\/w\/en\",\"url\":\"https:\/\/www.sidpa72.fr\/w\/en\",\"name\":\"Sidpa | Sidpa\",\"isPartOf\":{\"@id\":\"https:\/\/www.sidpa72.fr\/w\/#website\"},\"primaryImageOfPage\":{\"@id\":\"https:\/\/www.sidpa72.fr\/w\/en#primaryimage\"},\"image\":{\"@id\":\"https:\/\/www.sidpa72.fr\/w\/en#primaryimage\"},\"thumbnailUrl\":\"http:\/\/www.sidpa72.fr\/w\/wp-content\/uploads\/2014\/06\/qualibat.png\",\"datePublished\":\"2014-06-20T13:17:19+00:00\",\"dateModified\":\"2018-06-28T14:48:54+00:00\",\"description\":\"laboratoire, paillasse de laboratoire, labo, lab, mobilier de labo, mobilier de laboratoire, meubles bahut, sorbonne, sidpa, servilab, sur mesure, labo sur mesure, laboratoire sur mesure, laboratoire sur mesure devis, laboratoire complet, meubles de laboratoire, \u00e9quipement de labo, \u00e9quipement de laboratoire, paillasse, meuble labo, chaise labo, paillasse scolaire, table labo, paillasse \u00e9cole, meuble laboratoire \u00e9cole, meuble labo \u00e9cole, agencement de laboratoire, agencement labo, paillasse PMR, hotte de laboratoire, hotte labo, labo le mans, le mans laboratoire,\",\"breadcrumb\":{\"@id\":\"https:\/\/www.sidpa72.fr\/w\/en#breadcrumb\"},\"inLanguage\":\"en-US\",\"potentialAction\":[{\"@type\":\"ReadAction\",\"target\":[\"https:\/\/www.sidpa72.fr\/w\/en\"]}]},{\"@type\":\"ImageObject\",\"inLanguage\":\"en-US\",\"@id\":\"https:\/\/www.sidpa72.fr\/w\/en#primaryimage\",\"url\":\"http:\/\/www.sidpa72.fr\/w\/wp-content\/uploads\/2014\/06\/qualibat.png\",\"contentUrl\":\"http:\/\/www.sidpa72.fr\/w\/wp-content\/uploads\/2014\/06\/qualibat.png\"},{\"@type\":\"BreadcrumbList\",\"@id\":\"https:\/\/www.sidpa72.fr\/w\/en#breadcrumb\",\"itemListElement\":[{\"@type\":\"ListItem\",\"position\":1,\"name\":\"Home\",\"item\":\"https:\/\/www.sidpa72.fr\/w\/en\"},{\"@type\":\"ListItem\",\"position\":2,\"name\":\"Sidpa\"}]},{\"@type\":\"WebSite\",\"@id\":\"https:\/\/www.sidpa72.fr\/w\/#website\",\"url\":\"https:\/\/www.sidpa72.fr\/w\/\",\"name\":\"Sidpa\",\"description\":\"\",\"potentialAction\":[{\"@type\":\"SearchAction\",\"target\":{\"@type\":\"EntryPoint\",\"urlTemplate\":\"https:\/\/www.sidpa72.fr\/w\/?s={search_term_string}\"},\"query-input\":{\"@type\":\"PropertyValueSpecification\",\"valueRequired\":true,\"valueName\":\"search_term_string\"}}],\"inLanguage\":\"en-US\"}]}<\/script>\n<!-- \/ Yoast SEO plugin. -->","yoast_head_json":{"title":"Sidpa | Sidpa","description":"laboratoire, paillasse de laboratoire, labo, lab, mobilier de labo, mobilier de laboratoire, meubles bahut, sorbonne, sidpa, servilab, sur mesure, labo sur mesure, laboratoire sur mesure, laboratoire sur mesure devis, laboratoire complet, meubles de laboratoire, \u00e9quipement de labo, \u00e9quipement de laboratoire, paillasse, meuble labo, chaise labo, paillasse scolaire, table labo, paillasse \u00e9cole, meuble laboratoire \u00e9cole, meuble labo \u00e9cole, agencement de laboratoire, agencement labo, paillasse PMR, hotte de laboratoire, hotte labo, labo le mans, le mans laboratoire,","robots":{"index":"index","follow":"follow","max-snippet":"max-snippet:-1","max-image-preview":"max-image-preview:large","max-video-preview":"max-video-preview:-1"},"canonical":"https:\/\/www.sidpa72.fr\/w\/en","og_locale":"en_US","og_type":"article","og_title":"Sidpa | Sidpa","og_description":"laboratoire, paillasse de laboratoire, labo, lab, mobilier de labo, mobilier de laboratoire, meubles bahut, sorbonne, sidpa, servilab, sur mesure, labo sur mesure, laboratoire sur mesure, laboratoire sur mesure devis, laboratoire complet, meubles de laboratoire, \u00e9quipement de labo, \u00e9quipement de laboratoire, paillasse, meuble labo, chaise labo, paillasse scolaire, table labo, paillasse \u00e9cole, meuble laboratoire \u00e9cole, meuble labo \u00e9cole, agencement de laboratoire, agencement labo, paillasse PMR, hotte de laboratoire, hotte labo, labo le mans, le mans laboratoire,","og_url":"https:\/\/www.sidpa72.fr\/w\/en","og_site_name":"Sidpa","article_modified_time":"2018-06-28T14:48:54+00:00","og_image":[{"url":"http:\/\/www.sidpa72.fr\/w\/wp-content\/uploads\/2014\/06\/qualibat.png","type":"","width":"","height":""}],"twitter_misc":{"Est. reading time":"4 minutes"},"schema":{"@context":"https:\/\/schema.org","@graph":[{"@type":"WebPage","@id":"https:\/\/www.sidpa72.fr\/w\/en","url":"https:\/\/www.sidpa72.fr\/w\/en","name":"Sidpa | Sidpa","isPartOf":{"@id":"https:\/\/www.sidpa72.fr\/w\/#website"},"primaryImageOfPage":{"@id":"https:\/\/www.sidpa72.fr\/w\/en#primaryimage"},"image":{"@id":"https:\/\/www.sidpa72.fr\/w\/en#primaryimage"},"thumbnailUrl":"http:\/\/www.sidpa72.fr\/w\/wp-content\/uploads\/2014\/06\/qualibat.png","datePublished":"2014-06-20T13:17:19+00:00","dateModified":"2018-06-28T14:48:54+00:00","description":"laboratoire, paillasse de laboratoire, labo, lab, mobilier de labo, mobilier de laboratoire, meubles bahut, sorbonne, sidpa, servilab, sur mesure, labo sur mesure, laboratoire sur mesure, laboratoire sur mesure devis, laboratoire complet, meubles de laboratoire, \u00e9quipement de labo, \u00e9quipement de laboratoire, paillasse, meuble labo, chaise labo, paillasse scolaire, table labo, paillasse \u00e9cole, meuble laboratoire \u00e9cole, meuble labo \u00e9cole, agencement de laboratoire, agencement labo, paillasse PMR, hotte de laboratoire, hotte labo, labo le mans, le mans laboratoire,","breadcrumb":{"@id":"https:\/\/www.sidpa72.fr\/w\/en#breadcrumb"},"inLanguage":"en-US","potentialAction":[{"@type":"ReadAction","target":["https:\/\/www.sidpa72.fr\/w\/en"]}]},{"@type":"ImageObject","inLanguage":"en-US","@id":"https:\/\/www.sidpa72.fr\/w\/en#primaryimage","url":"http:\/\/www.sidpa72.fr\/w\/wp-content\/uploads\/2014\/06\/qualibat.png","contentUrl":"http:\/\/www.sidpa72.fr\/w\/wp-content\/uploads\/2014\/06\/qualibat.png"},{"@type":"BreadcrumbList","@id":"https:\/\/www.sidpa72.fr\/w\/en#breadcrumb","itemListElement":[{"@type":"ListItem","position":1,"name":"Home","item":"https:\/\/www.sidpa72.fr\/w\/en"},{"@type":"ListItem","position":2,"name":"Sidpa"}]},{"@type":"WebSite","@id":"https:\/\/www.sidpa72.fr\/w\/#website","url":"https:\/\/www.sidpa72.fr\/w\/","name":"Sidpa","description":"","potentialAction":[{"@type":"SearchAction","target":{"@type":"EntryPoint","urlTemplate":"https:\/\/www.sidpa72.fr\/w\/?s={search_term_string}"},"query-input":{"@type":"PropertyValueSpecification","valueRequired":true,"valueName":"search_term_string"}}],"inLanguage":"en-US"}]}},"_links":{"self":[{"href":"https:\/\/www.sidpa72.fr\/w\/en\/wp-json\/wp\/v2\/pages\/98","targetHints":{"allow":["GET"]}}],"collection":[{"href":"https:\/\/www.sidpa72.fr\/w\/en\/wp-json\/wp\/v2\/pages"}],"about":[{"href":"https:\/\/www.sidpa72.fr\/w\/en\/wp-json\/wp\/v2\/types\/page"}],"author":[{"embeddable":true,"href":"https:\/\/www.sidpa72.fr\/w\/en\/wp-json\/wp\/v2\/users\/1"}],"replies":[{"embeddable":true,"href":"https:\/\/www.sidpa72.fr\/w\/en\/wp-json\/wp\/v2\/comments?post=98"}],"version-history":[{"count":9,"href":"https:\/\/www.sidpa72.fr\/w\/en\/wp-json\/wp\/v2\/pages\/98\/revisions"}],"predecessor-version":[{"id":15400,"href":"https:\/\/www.sidpa72.fr\/w\/en\/wp-json\/wp\/v2\/pages\/98\/revisions\/15400"}],"wp:attachment":[{"href":"https:\/\/www.sidpa72.fr\/w\/en\/wp-json\/wp\/v2\/media?parent=98"}],"curies":[{"name":"wp","href":"https:\/\/api.w.org\/{rel}","templated":true}]}}