{"id":466,"date":"2014-06-30T15:58:26","date_gmt":"2014-06-30T14:58:26","guid":{"rendered":"http:\/\/www.sidpa72.fr\/w\/product\/mini-extractor"},"modified":"2014-06-30T15:58:26","modified_gmt":"2014-06-30T14:58:26","slug":"mini-extractor","status":"publish","type":"product","link":"https:\/\/www.sidpa72.fr\/w\/en\/produit\/mini-extractor","title":{"rendered":"Mini-extractor"},"content":{"rendered":"<ul style=\"color: #000000;\">\n<li>2 articulated extraction arms, \u00c3\u02dc 50, 75 or 100mm<\/li>\n<li>Various arm lengths<\/li>\n<li>Fixed on worktop, wall or ceiling<\/li>\n<li>8 capture accessories (nozzles, cones etc.)<\/li>\n<\/ul>\n","protected":false},"excerpt":{"rendered":"<p>2 articulated extraction arms, \u00c3\u02dc 50, 75 or 100mm Various arm lengths Fixed on worktop, wall or ceiling 8 capture accessories (nozzles, cones etc.)<\/p>\n","protected":false},"featured_media":355,"template":"","meta":[],"product_brand":[],"product_cat":[28],"product_tag":[],"class_list":{"0":"post-466","1":"product","2":"type-product","3":"status-publish","4":"has-post-thumbnail","6":"product_cat-equipements-en","8":"first","9":"instock","10":"shipping-taxable","11":"product-type-simple"},"yoast_head":"<!-- This site is optimized with the Yoast SEO plugin v27.2 - https:\/\/yoast.com\/product\/yoast-seo-wordpress\/ -->\n<title>Mini-extractor | Sidpa<\/title>\n<meta name=\"description\" content=\"laboratoire, paillasse de laboratoire, labo, lab, mobilier de labo, mobilier de laboratoire, meubles bahut, sorbonne, sidpa, servilab, sur mesure, labo sur mesure, laboratoire sur mesure, laboratoire sur mesure devis, laboratoire complet, meubles de laboratoire, \u00e9quipement de labo, \u00e9quipement de laboratoire, paillasse, meuble labo, chaise labo, paillasse scolaire, table labo, paillasse \u00e9cole, meuble laboratoire \u00e9cole, meuble labo \u00e9cole, agencement de laboratoire, agencement labo, paillasse PMR, hotte de laboratoire, hotte labo,\" \/>\n<meta name=\"robots\" content=\"index, follow, max-snippet:-1, max-image-preview:large, max-video-preview:-1\" \/>\n<link rel=\"canonical\" href=\"https:\/\/www.sidpa72.fr\/w\/produit\/mini-capteur-poussieres-fumees-vapeurs-gaz\" \/>\n<meta property=\"og:locale\" content=\"en_US\" \/>\n<meta property=\"og:type\" content=\"article\" \/>\n<meta property=\"og:title\" content=\"Mini-extractor | Sidpa\" \/>\n<meta property=\"og:description\" content=\"laboratoire, paillasse de laboratoire, labo, lab, mobilier de labo, mobilier de laboratoire, meubles bahut, sorbonne, sidpa, servilab, sur mesure, labo sur mesure, laboratoire sur mesure, laboratoire sur mesure devis, laboratoire complet, meubles de laboratoire, \u00e9quipement de labo, \u00e9quipement de laboratoire, paillasse, meuble labo, chaise labo, paillasse scolaire, table labo, paillasse \u00e9cole, meuble laboratoire \u00e9cole, meuble labo \u00e9cole, agencement de laboratoire, agencement labo, paillasse PMR, hotte de laboratoire, hotte labo,\" \/>\n<meta property=\"og:url\" content=\"https:\/\/www.sidpa72.fr\/w\/produit\/mini-capteur-poussieres-fumees-vapeurs-gaz\" \/>\n<meta property=\"og:site_name\" content=\"Sidpa\" \/>\n<meta property=\"og:image\" content=\"https:\/\/www.sidpa72.fr\/w\/wp-content\/uploads\/2014\/06\/Mini-capteur-poussi\u00e8res-fum\u00e9es-vapeurs-et-gaz-image-produit.jpg\" \/>\n\t<meta property=\"og:image:width\" content=\"600\" \/>\n\t<meta property=\"og:image:height\" content=\"600\" \/>\n\t<meta property=\"og:image:type\" content=\"image\/jpeg\" \/>\n<script type=\"application\/ld+json\" class=\"yoast-schema-graph\">{\"@context\":\"https:\/\/schema.org\",\"@graph\":[{\"@type\":\"WebPage\",\"@id\":\"https:\/\/www.sidpa72.fr\/w\/produit\/mini-capteur-poussieres-fumees-vapeurs-gaz\",\"url\":\"https:\/\/www.sidpa72.fr\/w\/produit\/mini-capteur-poussieres-fumees-vapeurs-gaz\",\"name\":\"Mini-extractor | Sidpa\",\"isPartOf\":{\"@id\":\"https:\/\/www.sidpa72.fr\/w\/#website\"},\"primaryImageOfPage\":{\"@id\":\"https:\/\/www.sidpa72.fr\/w\/produit\/mini-capteur-poussieres-fumees-vapeurs-gaz#primaryimage\"},\"image\":{\"@id\":\"https:\/\/www.sidpa72.fr\/w\/produit\/mini-capteur-poussieres-fumees-vapeurs-gaz#primaryimage\"},\"thumbnailUrl\":\"https:\/\/www.sidpa72.fr\/w\/wp-content\/uploads\/2014\/06\/Mini-capteur-poussi\u00e8res-fum\u00e9es-vapeurs-et-gaz-image-produit.jpg\",\"datePublished\":\"2014-06-30T14:58:26+00:00\",\"description\":\"laboratoire, paillasse de laboratoire, labo, lab, mobilier de labo, mobilier de laboratoire, meubles bahut, sorbonne, sidpa, servilab, sur mesure, labo sur mesure, laboratoire sur mesure, laboratoire sur mesure devis, laboratoire complet, meubles de laboratoire, \u00e9quipement de labo, \u00e9quipement de laboratoire, paillasse, meuble labo, chaise labo, paillasse scolaire, table labo, paillasse \u00e9cole, meuble laboratoire \u00e9cole, meuble labo \u00e9cole, agencement de laboratoire, agencement labo, paillasse PMR, hotte de laboratoire, hotte labo,\",\"breadcrumb\":{\"@id\":\"https:\/\/www.sidpa72.fr\/w\/produit\/mini-capteur-poussieres-fumees-vapeurs-gaz#breadcrumb\"},\"inLanguage\":\"en-US\",\"potentialAction\":[{\"@type\":\"ReadAction\",\"target\":[\"https:\/\/www.sidpa72.fr\/w\/produit\/mini-capteur-poussieres-fumees-vapeurs-gaz\"]}]},{\"@type\":\"ImageObject\",\"inLanguage\":\"en-US\",\"@id\":\"https:\/\/www.sidpa72.fr\/w\/produit\/mini-capteur-poussieres-fumees-vapeurs-gaz#primaryimage\",\"url\":\"https:\/\/www.sidpa72.fr\/w\/wp-content\/uploads\/2014\/06\/Mini-capteur-poussi\u00e8res-fum\u00e9es-vapeurs-et-gaz-image-produit.jpg\",\"contentUrl\":\"https:\/\/www.sidpa72.fr\/w\/wp-content\/uploads\/2014\/06\/Mini-capteur-poussi\u00e8res-fum\u00e9es-vapeurs-et-gaz-image-produit.jpg\",\"width\":600,\"height\":600},{\"@type\":\"BreadcrumbList\",\"@id\":\"https:\/\/www.sidpa72.fr\/w\/produit\/mini-capteur-poussieres-fumees-vapeurs-gaz#breadcrumb\",\"itemListElement\":[{\"@type\":\"ListItem\",\"position\":1,\"name\":\"Home\",\"item\":\"https:\/\/www.sidpa72.fr\/w\/en\"},{\"@type\":\"ListItem\",\"position\":2,\"name\":\"Products\",\"item\":\"https:\/\/www.sidpa72.fr\/w\/en\/products\"},{\"@type\":\"ListItem\",\"position\":3,\"name\":\"Mini-extractor\"}]},{\"@type\":\"WebSite\",\"@id\":\"https:\/\/www.sidpa72.fr\/w\/#website\",\"url\":\"https:\/\/www.sidpa72.fr\/w\/\",\"name\":\"Sidpa\",\"description\":\"\",\"potentialAction\":[{\"@type\":\"SearchAction\",\"target\":{\"@type\":\"EntryPoint\",\"urlTemplate\":\"https:\/\/www.sidpa72.fr\/w\/?s={search_term_string}\"},\"query-input\":{\"@type\":\"PropertyValueSpecification\",\"valueRequired\":true,\"valueName\":\"search_term_string\"}}],\"inLanguage\":\"en-US\"}]}<\/script>\n<!-- \/ Yoast SEO plugin. -->","yoast_head_json":{"title":"Mini-extractor | Sidpa","description":"laboratoire, paillasse de laboratoire, labo, lab, mobilier de labo, mobilier de laboratoire, meubles bahut, sorbonne, sidpa, servilab, sur mesure, labo sur mesure, laboratoire sur mesure, laboratoire sur mesure devis, laboratoire complet, meubles de laboratoire, \u00e9quipement de labo, \u00e9quipement de laboratoire, paillasse, meuble labo, chaise labo, paillasse scolaire, table labo, paillasse \u00e9cole, meuble laboratoire \u00e9cole, meuble labo \u00e9cole, agencement de laboratoire, agencement labo, paillasse PMR, hotte de laboratoire, hotte labo,","robots":{"index":"index","follow":"follow","max-snippet":"max-snippet:-1","max-image-preview":"max-image-preview:large","max-video-preview":"max-video-preview:-1"},"canonical":"https:\/\/www.sidpa72.fr\/w\/produit\/mini-capteur-poussieres-fumees-vapeurs-gaz","og_locale":"en_US","og_type":"article","og_title":"Mini-extractor | Sidpa","og_description":"laboratoire, paillasse de laboratoire, labo, lab, mobilier de labo, mobilier de laboratoire, meubles bahut, sorbonne, sidpa, servilab, sur mesure, labo sur mesure, laboratoire sur mesure, laboratoire sur mesure devis, laboratoire complet, meubles de laboratoire, \u00e9quipement de labo, \u00e9quipement de laboratoire, paillasse, meuble labo, chaise labo, paillasse scolaire, table labo, paillasse \u00e9cole, meuble laboratoire \u00e9cole, meuble labo \u00e9cole, agencement de laboratoire, agencement labo, paillasse PMR, hotte de laboratoire, hotte labo,","og_url":"https:\/\/www.sidpa72.fr\/w\/produit\/mini-capteur-poussieres-fumees-vapeurs-gaz","og_site_name":"Sidpa","og_image":[{"width":600,"height":600,"url":"https:\/\/www.sidpa72.fr\/w\/wp-content\/uploads\/2014\/06\/Mini-capteur-poussi\u00e8res-fum\u00e9es-vapeurs-et-gaz-image-produit.jpg","type":"image\/jpeg"}],"schema":{"@context":"https:\/\/schema.org","@graph":[{"@type":"WebPage","@id":"https:\/\/www.sidpa72.fr\/w\/produit\/mini-capteur-poussieres-fumees-vapeurs-gaz","url":"https:\/\/www.sidpa72.fr\/w\/produit\/mini-capteur-poussieres-fumees-vapeurs-gaz","name":"Mini-extractor | Sidpa","isPartOf":{"@id":"https:\/\/www.sidpa72.fr\/w\/#website"},"primaryImageOfPage":{"@id":"https:\/\/www.sidpa72.fr\/w\/produit\/mini-capteur-poussieres-fumees-vapeurs-gaz#primaryimage"},"image":{"@id":"https:\/\/www.sidpa72.fr\/w\/produit\/mini-capteur-poussieres-fumees-vapeurs-gaz#primaryimage"},"thumbnailUrl":"https:\/\/www.sidpa72.fr\/w\/wp-content\/uploads\/2014\/06\/Mini-capteur-poussi\u00e8res-fum\u00e9es-vapeurs-et-gaz-image-produit.jpg","datePublished":"2014-06-30T14:58:26+00:00","description":"laboratoire, paillasse de laboratoire, labo, lab, mobilier de labo, mobilier de laboratoire, meubles bahut, sorbonne, sidpa, servilab, sur mesure, labo sur mesure, laboratoire sur mesure, laboratoire sur mesure devis, laboratoire complet, meubles de laboratoire, \u00e9quipement de labo, \u00e9quipement de laboratoire, paillasse, meuble labo, chaise labo, paillasse scolaire, table labo, paillasse \u00e9cole, meuble laboratoire \u00e9cole, meuble labo \u00e9cole, agencement de laboratoire, agencement labo, paillasse PMR, hotte de laboratoire, hotte labo,","breadcrumb":{"@id":"https:\/\/www.sidpa72.fr\/w\/produit\/mini-capteur-poussieres-fumees-vapeurs-gaz#breadcrumb"},"inLanguage":"en-US","potentialAction":[{"@type":"ReadAction","target":["https:\/\/www.sidpa72.fr\/w\/produit\/mini-capteur-poussieres-fumees-vapeurs-gaz"]}]},{"@type":"ImageObject","inLanguage":"en-US","@id":"https:\/\/www.sidpa72.fr\/w\/produit\/mini-capteur-poussieres-fumees-vapeurs-gaz#primaryimage","url":"https:\/\/www.sidpa72.fr\/w\/wp-content\/uploads\/2014\/06\/Mini-capteur-poussi\u00e8res-fum\u00e9es-vapeurs-et-gaz-image-produit.jpg","contentUrl":"https:\/\/www.sidpa72.fr\/w\/wp-content\/uploads\/2014\/06\/Mini-capteur-poussi\u00e8res-fum\u00e9es-vapeurs-et-gaz-image-produit.jpg","width":600,"height":600},{"@type":"BreadcrumbList","@id":"https:\/\/www.sidpa72.fr\/w\/produit\/mini-capteur-poussieres-fumees-vapeurs-gaz#breadcrumb","itemListElement":[{"@type":"ListItem","position":1,"name":"Home","item":"https:\/\/www.sidpa72.fr\/w\/en"},{"@type":"ListItem","position":2,"name":"Products","item":"https:\/\/www.sidpa72.fr\/w\/en\/products"},{"@type":"ListItem","position":3,"name":"Mini-extractor"}]},{"@type":"WebSite","@id":"https:\/\/www.sidpa72.fr\/w\/#website","url":"https:\/\/www.sidpa72.fr\/w\/","name":"Sidpa","description":"","potentialAction":[{"@type":"SearchAction","target":{"@type":"EntryPoint","urlTemplate":"https:\/\/www.sidpa72.fr\/w\/?s={search_term_string}"},"query-input":{"@type":"PropertyValueSpecification","valueRequired":true,"valueName":"search_term_string"}}],"inLanguage":"en-US"}]}},"_links":{"self":[{"href":"https:\/\/www.sidpa72.fr\/w\/en\/wp-json\/wp\/v2\/product\/466","targetHints":{"allow":["GET"]}}],"collection":[{"href":"https:\/\/www.sidpa72.fr\/w\/en\/wp-json\/wp\/v2\/product"}],"about":[{"href":"https:\/\/www.sidpa72.fr\/w\/en\/wp-json\/wp\/v2\/types\/product"}],"wp:featuredmedia":[{"embeddable":true,"href":"https:\/\/www.sidpa72.fr\/w\/en\/wp-json\/wp\/v2\/media\/355"}],"wp:attachment":[{"href":"https:\/\/www.sidpa72.fr\/w\/en\/wp-json\/wp\/v2\/media?parent=466"}],"wp:term":[{"taxonomy":"product_brand","embeddable":true,"href":"https:\/\/www.sidpa72.fr\/w\/en\/wp-json\/wp\/v2\/product_brand?post=466"},{"taxonomy":"product_cat","embeddable":true,"href":"https:\/\/www.sidpa72.fr\/w\/en\/wp-json\/wp\/v2\/product_cat?post=466"},{"taxonomy":"product_tag","embeddable":true,"href":"https:\/\/www.sidpa72.fr\/w\/en\/wp-json\/wp\/v2\/product_tag?post=466"}],"curies":[{"name":"wp","href":"https:\/\/api.w.org\/{rel}","templated":true}]}}