{"id":467,"date":"2014-07-01T08:20:24","date_gmt":"2014-07-01T07:20:24","guid":{"rendered":"http:\/\/www.sidpa72.fr\/w\/product\/extractor-for-atomic-absorption-spectrophotometer"},"modified":"2014-07-01T08:20:24","modified_gmt":"2014-07-01T07:20:24","slug":"extractor-for-atomic-absorption-spectrophotometer","status":"publish","type":"product","link":"https:\/\/www.sidpa72.fr\/w\/en\/produit\/extractor-for-atomic-absorption-spectrophotometer","title":{"rendered":"Extractor for atomic absorption spectrophotometer"},"content":{"rendered":"<ul style=\"color: #000000;\">\n<li>\u00c3\u02dc 100 mm tube and bend in stainless steel<\/li>\n<li>stainless steel centrifugal ventilator<\/li>\n<li>300 X 300 stainless steel extraction cone on \u00c3\u02dc 125 mm flexible stainless steel tube (or other)<\/li>\n<\/ul>\n","protected":false},"excerpt":{"rendered":"<p>\u00c3\u02dc 100 mm tube and bend in stainless steel stainless steel centrifugal ventilator 300 X 300 stainless steel extraction cone on \u00c3\u02dc 125 mm flexible stainless steel tube (or other)<\/p>\n","protected":false},"featured_media":361,"template":"","meta":[],"product_brand":[],"product_cat":[28],"product_tag":[],"class_list":{"0":"post-467","1":"product","2":"type-product","3":"status-publish","4":"has-post-thumbnail","6":"product_cat-equipements-en","8":"first","9":"instock","10":"shipping-taxable","11":"product-type-simple"},"yoast_head":"<!-- This site is optimized with the Yoast SEO plugin v27.2 - https:\/\/yoast.com\/product\/yoast-seo-wordpress\/ -->\n<title>Extractor for atomic absorption spectrophotometer | Sidpa<\/title>\n<meta name=\"description\" content=\"laboratoire, paillasse de laboratoire, labo, lab, mobilier de labo, mobilier de laboratoire, meubles bahut, sorbonne, sidpa, servilab, sur mesure, labo sur mesure, laboratoire sur mesure, laboratoire sur mesure devis, laboratoire complet, meubles de laboratoire, \u00e9quipement de labo, \u00e9quipement de laboratoire, paillasse, meuble labo, chaise labo, paillasse scolaire, table labo, paillasse \u00e9cole, meuble laboratoire \u00e9cole, meuble labo \u00e9cole, agencement de laboratoire, agencement labo, paillasse PMR, hotte de laboratoire, hotte labo,\" \/>\n<meta name=\"robots\" content=\"index, follow, max-snippet:-1, max-image-preview:large, max-video-preview:-1\" \/>\n<link rel=\"canonical\" href=\"https:\/\/www.sidpa72.fr\/w\/produit\/capteur-spectrophotometre-absorption-atomique\" \/>\n<meta property=\"og:locale\" content=\"en_US\" \/>\n<meta property=\"og:type\" content=\"article\" \/>\n<meta property=\"og:title\" content=\"Extractor for atomic absorption spectrophotometer | Sidpa\" \/>\n<meta property=\"og:description\" content=\"laboratoire, paillasse de laboratoire, labo, lab, mobilier de labo, mobilier de laboratoire, meubles bahut, sorbonne, sidpa, servilab, sur mesure, labo sur mesure, laboratoire sur mesure, laboratoire sur mesure devis, laboratoire complet, meubles de laboratoire, \u00e9quipement de labo, \u00e9quipement de laboratoire, paillasse, meuble labo, chaise labo, paillasse scolaire, table labo, paillasse \u00e9cole, meuble laboratoire \u00e9cole, meuble labo \u00e9cole, agencement de laboratoire, agencement labo, paillasse PMR, hotte de laboratoire, hotte labo,\" \/>\n<meta property=\"og:url\" content=\"https:\/\/www.sidpa72.fr\/w\/produit\/capteur-spectrophotometre-absorption-atomique\" \/>\n<meta property=\"og:site_name\" content=\"Sidpa\" \/>\n<meta property=\"og:image\" content=\"https:\/\/www.sidpa72.fr\/w\/wp-content\/uploads\/2014\/07\/Capteur-pour-sp\u00e9ctrophotom\u00e8tre-\u00e0-absorption-atomique-image-produit.jpg\" \/>\n\t<meta property=\"og:image:width\" content=\"600\" \/>\n\t<meta property=\"og:image:height\" content=\"600\" \/>\n\t<meta property=\"og:image:type\" content=\"image\/jpeg\" \/>\n<script type=\"application\/ld+json\" class=\"yoast-schema-graph\">{\"@context\":\"https:\/\/schema.org\",\"@graph\":[{\"@type\":\"WebPage\",\"@id\":\"https:\/\/www.sidpa72.fr\/w\/produit\/capteur-spectrophotometre-absorption-atomique\",\"url\":\"https:\/\/www.sidpa72.fr\/w\/produit\/capteur-spectrophotometre-absorption-atomique\",\"name\":\"Extractor for atomic absorption spectrophotometer | Sidpa\",\"isPartOf\":{\"@id\":\"https:\/\/www.sidpa72.fr\/w\/#website\"},\"primaryImageOfPage\":{\"@id\":\"https:\/\/www.sidpa72.fr\/w\/produit\/capteur-spectrophotometre-absorption-atomique#primaryimage\"},\"image\":{\"@id\":\"https:\/\/www.sidpa72.fr\/w\/produit\/capteur-spectrophotometre-absorption-atomique#primaryimage\"},\"thumbnailUrl\":\"https:\/\/www.sidpa72.fr\/w\/wp-content\/uploads\/2014\/07\/Capteur-pour-sp\u00e9ctrophotom\u00e8tre-\u00e0-absorption-atomique-image-produit.jpg\",\"datePublished\":\"2014-07-01T07:20:24+00:00\",\"description\":\"laboratoire, paillasse de laboratoire, labo, lab, mobilier de labo, mobilier de laboratoire, meubles bahut, sorbonne, sidpa, servilab, sur mesure, labo sur mesure, laboratoire sur mesure, laboratoire sur mesure devis, laboratoire complet, meubles de laboratoire, \u00e9quipement de labo, \u00e9quipement de laboratoire, paillasse, meuble labo, chaise labo, paillasse scolaire, table labo, paillasse \u00e9cole, meuble laboratoire \u00e9cole, meuble labo \u00e9cole, agencement de laboratoire, agencement labo, paillasse PMR, hotte de laboratoire, hotte labo,\",\"breadcrumb\":{\"@id\":\"https:\/\/www.sidpa72.fr\/w\/produit\/capteur-spectrophotometre-absorption-atomique#breadcrumb\"},\"inLanguage\":\"en-US\",\"potentialAction\":[{\"@type\":\"ReadAction\",\"target\":[\"https:\/\/www.sidpa72.fr\/w\/produit\/capteur-spectrophotometre-absorption-atomique\"]}]},{\"@type\":\"ImageObject\",\"inLanguage\":\"en-US\",\"@id\":\"https:\/\/www.sidpa72.fr\/w\/produit\/capteur-spectrophotometre-absorption-atomique#primaryimage\",\"url\":\"https:\/\/www.sidpa72.fr\/w\/wp-content\/uploads\/2014\/07\/Capteur-pour-sp\u00e9ctrophotom\u00e8tre-\u00e0-absorption-atomique-image-produit.jpg\",\"contentUrl\":\"https:\/\/www.sidpa72.fr\/w\/wp-content\/uploads\/2014\/07\/Capteur-pour-sp\u00e9ctrophotom\u00e8tre-\u00e0-absorption-atomique-image-produit.jpg\",\"width\":600,\"height\":600},{\"@type\":\"BreadcrumbList\",\"@id\":\"https:\/\/www.sidpa72.fr\/w\/produit\/capteur-spectrophotometre-absorption-atomique#breadcrumb\",\"itemListElement\":[{\"@type\":\"ListItem\",\"position\":1,\"name\":\"Home\",\"item\":\"https:\/\/www.sidpa72.fr\/w\/en\"},{\"@type\":\"ListItem\",\"position\":2,\"name\":\"Products\",\"item\":\"https:\/\/www.sidpa72.fr\/w\/en\/products\"},{\"@type\":\"ListItem\",\"position\":3,\"name\":\"Extractor for atomic absorption spectrophotometer\"}]},{\"@type\":\"WebSite\",\"@id\":\"https:\/\/www.sidpa72.fr\/w\/#website\",\"url\":\"https:\/\/www.sidpa72.fr\/w\/\",\"name\":\"Sidpa\",\"description\":\"\",\"potentialAction\":[{\"@type\":\"SearchAction\",\"target\":{\"@type\":\"EntryPoint\",\"urlTemplate\":\"https:\/\/www.sidpa72.fr\/w\/?s={search_term_string}\"},\"query-input\":{\"@type\":\"PropertyValueSpecification\",\"valueRequired\":true,\"valueName\":\"search_term_string\"}}],\"inLanguage\":\"en-US\"}]}<\/script>\n<!-- \/ Yoast SEO plugin. -->","yoast_head_json":{"title":"Extractor for atomic absorption spectrophotometer | Sidpa","description":"laboratoire, paillasse de laboratoire, labo, lab, mobilier de labo, mobilier de laboratoire, meubles bahut, sorbonne, sidpa, servilab, sur mesure, labo sur mesure, laboratoire sur mesure, laboratoire sur mesure devis, laboratoire complet, meubles de laboratoire, \u00e9quipement de labo, \u00e9quipement de laboratoire, paillasse, meuble labo, chaise labo, paillasse scolaire, table labo, paillasse \u00e9cole, meuble laboratoire \u00e9cole, meuble labo \u00e9cole, agencement de laboratoire, agencement labo, paillasse PMR, hotte de laboratoire, hotte labo,","robots":{"index":"index","follow":"follow","max-snippet":"max-snippet:-1","max-image-preview":"max-image-preview:large","max-video-preview":"max-video-preview:-1"},"canonical":"https:\/\/www.sidpa72.fr\/w\/produit\/capteur-spectrophotometre-absorption-atomique","og_locale":"en_US","og_type":"article","og_title":"Extractor for atomic absorption spectrophotometer | Sidpa","og_description":"laboratoire, paillasse de laboratoire, labo, lab, mobilier de labo, mobilier de laboratoire, meubles bahut, sorbonne, sidpa, servilab, sur mesure, labo sur mesure, laboratoire sur mesure, laboratoire sur mesure devis, laboratoire complet, meubles de laboratoire, \u00e9quipement de labo, \u00e9quipement de laboratoire, paillasse, meuble labo, chaise labo, paillasse scolaire, table labo, paillasse \u00e9cole, meuble laboratoire \u00e9cole, meuble labo \u00e9cole, agencement de laboratoire, agencement labo, paillasse PMR, hotte de laboratoire, hotte labo,","og_url":"https:\/\/www.sidpa72.fr\/w\/produit\/capteur-spectrophotometre-absorption-atomique","og_site_name":"Sidpa","og_image":[{"width":600,"height":600,"url":"https:\/\/www.sidpa72.fr\/w\/wp-content\/uploads\/2014\/07\/Capteur-pour-sp\u00e9ctrophotom\u00e8tre-\u00e0-absorption-atomique-image-produit.jpg","type":"image\/jpeg"}],"schema":{"@context":"https:\/\/schema.org","@graph":[{"@type":"WebPage","@id":"https:\/\/www.sidpa72.fr\/w\/produit\/capteur-spectrophotometre-absorption-atomique","url":"https:\/\/www.sidpa72.fr\/w\/produit\/capteur-spectrophotometre-absorption-atomique","name":"Extractor for atomic absorption spectrophotometer | Sidpa","isPartOf":{"@id":"https:\/\/www.sidpa72.fr\/w\/#website"},"primaryImageOfPage":{"@id":"https:\/\/www.sidpa72.fr\/w\/produit\/capteur-spectrophotometre-absorption-atomique#primaryimage"},"image":{"@id":"https:\/\/www.sidpa72.fr\/w\/produit\/capteur-spectrophotometre-absorption-atomique#primaryimage"},"thumbnailUrl":"https:\/\/www.sidpa72.fr\/w\/wp-content\/uploads\/2014\/07\/Capteur-pour-sp\u00e9ctrophotom\u00e8tre-\u00e0-absorption-atomique-image-produit.jpg","datePublished":"2014-07-01T07:20:24+00:00","description":"laboratoire, paillasse de laboratoire, labo, lab, mobilier de labo, mobilier de laboratoire, meubles bahut, sorbonne, sidpa, servilab, sur mesure, labo sur mesure, laboratoire sur mesure, laboratoire sur mesure devis, laboratoire complet, meubles de laboratoire, \u00e9quipement de labo, \u00e9quipement de laboratoire, paillasse, meuble labo, chaise labo, paillasse scolaire, table labo, paillasse \u00e9cole, meuble laboratoire \u00e9cole, meuble labo \u00e9cole, agencement de laboratoire, agencement labo, paillasse PMR, hotte de laboratoire, hotte labo,","breadcrumb":{"@id":"https:\/\/www.sidpa72.fr\/w\/produit\/capteur-spectrophotometre-absorption-atomique#breadcrumb"},"inLanguage":"en-US","potentialAction":[{"@type":"ReadAction","target":["https:\/\/www.sidpa72.fr\/w\/produit\/capteur-spectrophotometre-absorption-atomique"]}]},{"@type":"ImageObject","inLanguage":"en-US","@id":"https:\/\/www.sidpa72.fr\/w\/produit\/capteur-spectrophotometre-absorption-atomique#primaryimage","url":"https:\/\/www.sidpa72.fr\/w\/wp-content\/uploads\/2014\/07\/Capteur-pour-sp\u00e9ctrophotom\u00e8tre-\u00e0-absorption-atomique-image-produit.jpg","contentUrl":"https:\/\/www.sidpa72.fr\/w\/wp-content\/uploads\/2014\/07\/Capteur-pour-sp\u00e9ctrophotom\u00e8tre-\u00e0-absorption-atomique-image-produit.jpg","width":600,"height":600},{"@type":"BreadcrumbList","@id":"https:\/\/www.sidpa72.fr\/w\/produit\/capteur-spectrophotometre-absorption-atomique#breadcrumb","itemListElement":[{"@type":"ListItem","position":1,"name":"Home","item":"https:\/\/www.sidpa72.fr\/w\/en"},{"@type":"ListItem","position":2,"name":"Products","item":"https:\/\/www.sidpa72.fr\/w\/en\/products"},{"@type":"ListItem","position":3,"name":"Extractor for atomic absorption spectrophotometer"}]},{"@type":"WebSite","@id":"https:\/\/www.sidpa72.fr\/w\/#website","url":"https:\/\/www.sidpa72.fr\/w\/","name":"Sidpa","description":"","potentialAction":[{"@type":"SearchAction","target":{"@type":"EntryPoint","urlTemplate":"https:\/\/www.sidpa72.fr\/w\/?s={search_term_string}"},"query-input":{"@type":"PropertyValueSpecification","valueRequired":true,"valueName":"search_term_string"}}],"inLanguage":"en-US"}]}},"_links":{"self":[{"href":"https:\/\/www.sidpa72.fr\/w\/en\/wp-json\/wp\/v2\/product\/467","targetHints":{"allow":["GET"]}}],"collection":[{"href":"https:\/\/www.sidpa72.fr\/w\/en\/wp-json\/wp\/v2\/product"}],"about":[{"href":"https:\/\/www.sidpa72.fr\/w\/en\/wp-json\/wp\/v2\/types\/product"}],"wp:featuredmedia":[{"embeddable":true,"href":"https:\/\/www.sidpa72.fr\/w\/en\/wp-json\/wp\/v2\/media\/361"}],"wp:attachment":[{"href":"https:\/\/www.sidpa72.fr\/w\/en\/wp-json\/wp\/v2\/media?parent=467"}],"wp:term":[{"taxonomy":"product_brand","embeddable":true,"href":"https:\/\/www.sidpa72.fr\/w\/en\/wp-json\/wp\/v2\/product_brand?post=467"},{"taxonomy":"product_cat","embeddable":true,"href":"https:\/\/www.sidpa72.fr\/w\/en\/wp-json\/wp\/v2\/product_cat?post=467"},{"taxonomy":"product_tag","embeddable":true,"href":"https:\/\/www.sidpa72.fr\/w\/en\/wp-json\/wp\/v2\/product_tag?post=467"}],"curies":[{"name":"wp","href":"https:\/\/api.w.org\/{rel}","templated":true}]}}