{"id":22,"date":"2014-06-20T12:49:01","date_gmt":"2014-06-20T11:49:01","guid":{"rendered":"http:\/\/www.sidpa72.fr\/w\/?page_id=22"},"modified":"2023-07-26T14:42:02","modified_gmt":"2023-07-26T13:42:02","slug":"qui-sommes-nous","status":"publish","type":"page","link":"https:\/\/www.sidpa72.fr\/w\/qui-sommes-nous","title":{"rendered":"Qui sommes-nous ?"},"content":{"rendered":"<p><div class=\"fusion-fullwidth fullwidth-box fusion-builder-row-1 nonhundred-percent-fullwidth non-hundred-percent-height-scrolling\" style=\"--awb-border-radius-top-left:0px;--awb-border-radius-top-right:0px;--awb-border-radius-bottom-right:0px;--awb-border-radius-bottom-left:0px;--awb-flex-wrap:wrap;\" ><div class=\"fusion-builder-row fusion-row\"><div class=\"fusion-layout-column fusion_builder_column fusion-builder-column-0 fusion_builder_column_2_3 2_3 fusion-two-third fusion-column-first\" style=\"--awb-bg-size:cover;width:66.666666666667%;width:calc(66.666666666667% - ( ( 4% ) * 0.66666666666667 ) );margin-right: 4%;\"><div class=\"fusion-column-wrapper fusion-flex-column-wrapper-legacy\"><div class=\"fusion-text fusion-text-1\"><p>Cr\u00e9\u00e9e en 1985, SIDPA 72 avait pour vocation l\u2019am\u00e9nagement int\u00e9rieur et ext\u00e9rieur des habitations avant de se sp\u00e9cialiser en 1992 dans la fabrication de mobilier de laboratoire.<br \/>\nFort d\u2019un savoir-faire de plus de 30 ans, SIDPA 72 devient <span style=\"color: #82a7b0;\">SIDPA France<\/span> en 2012 suite au rachat de l\u2019entreprise par C\u00e9line et Yohann BIGOLET.<br \/>\nNous fabriquons et installons du mobilier de laboratoire pour l\u2019industrie, les laboratoires prestataires d\u2019analyses, la recherche, l\u2019enseignement, les services publics &#8230; Tous vos travaux sont r\u00e9alis\u00e9s selon<span style=\"color: #82a7b0;\"> vos besoins<\/span>, afin de r\u00e9pondre au mieux \u00e0 vos attentes et de vous donner enti\u00e8re satisfaction.<\/p>\n<p>SIDPA France s\u2019efforce depuis toujours de ma\u00eetriser la fabrication de ses produits en s\u2019appuyant sur ses comp\u00e9tences techniques, mais aussi en collaborant avec des partenaires reconnus pour leur savoir-faire, leurs prestations de qualit\u00e9 et le plus souvent exer\u00e7ant leur activit\u00e9 en France.<\/p>\n<p><span style=\"color: #82a7b0;\"><strong>NOTRE SAVOIR-FAIRE :<\/strong><\/span><\/p>\n<p>La force de SIDPA est d\u2019int\u00e9grer la totalit\u00e9 de sa prestation :<\/p>\n<p>\u2022 \u00c9coute active de vos besoins pour \u00e9tablir une premi\u00e8re analyse technique.<br \/>\n\u2022 Proposition d\u2019une offre conforme \u00e0 vos souhaits par notre service technico-commercial.<br \/>\n\u2022 Prise en charge de votre dossier, suivi et \u00e9laboration des plans d\u2019implantations par nos chefs de projet.<br \/>\n\u2022 Fabrication de vos paillasses, sorbonnes et mobilier de laboratoire dans notre usine de production en ad\u00e9quation avec les plans \u00e9tablis par le bureau d\u2019\u00e9tude.<br \/>\n\u2022 Pr\u00e9montage de vos produits dans notre atelier avant la livraison sur le chantier afin d\u2019assurer une qualit\u00e9 optimale.<br \/>\n\u2022 Installation par nos techniciens ou par nos prestataires agr\u00e9\u00e9s dans l\u2019agencement de laboratoire.<\/p>\n<\/div><div class=\"fusion-clearfix\"><\/div><\/div><\/div><div class=\"fusion-layout-column fusion_builder_column fusion-builder-column-1 fusion_builder_column_1_3 1_3 fusion-one-third fusion-column-last\" style=\"--awb-bg-size:cover;width:33.333333333333%;width:calc(33.333333333333% - ( ( 4% ) * 0.33333333333333 ) );\"><div class=\"fusion-column-wrapper fusion-flex-column-wrapper-legacy\"><div class=\"fusion-text fusion-text-2\"><p><a href=\"https:\/\/www.sidpa72.fr\/w\/wp-content\/uploads\/2019\/11\/mr_mme_bigolet.png\"><img decoding=\"async\" class=\"size-medium wp-image-17207 aligncenter\" src=\"https:\/\/www.sidpa72.fr\/w\/wp-content\/uploads\/2019\/11\/mr_mme_bigolet-300x257.png\" alt=\"\" width=\"300\" height=\"257\" srcset=\"https:\/\/www.sidpa72.fr\/w\/wp-content\/uploads\/2019\/11\/mr_mme_bigolet-200x171.png 200w, https:\/\/www.sidpa72.fr\/w\/wp-content\/uploads\/2019\/11\/mr_mme_bigolet-300x257.png 300w, https:\/\/www.sidpa72.fr\/w\/wp-content\/uploads\/2019\/11\/mr_mme_bigolet-400x342.png 400w, https:\/\/www.sidpa72.fr\/w\/wp-content\/uploads\/2019\/11\/mr_mme_bigolet-500x428.png 500w, https:\/\/www.sidpa72.fr\/w\/wp-content\/uploads\/2019\/11\/mr_mme_bigolet-600x513.png 600w, https:\/\/www.sidpa72.fr\/w\/wp-content\/uploads\/2019\/11\/mr_mme_bigolet-768x657.png 768w, https:\/\/www.sidpa72.fr\/w\/wp-content\/uploads\/2019\/11\/mr_mme_bigolet-800x684.png 800w, https:\/\/www.sidpa72.fr\/w\/wp-content\/uploads\/2019\/11\/mr_mme_bigolet-1024x876.png 1024w, https:\/\/www.sidpa72.fr\/w\/wp-content\/uploads\/2019\/11\/mr_mme_bigolet-1200x1027.png 1200w, https:\/\/www.sidpa72.fr\/w\/wp-content\/uploads\/2019\/11\/mr_mme_bigolet-1536x1314.png 1536w, https:\/\/www.sidpa72.fr\/w\/wp-content\/uploads\/2019\/11\/mr_mme_bigolet.png 1674w\" sizes=\"(max-width: 300px) 100vw, 300px\" \/><\/a><\/p>\n<p style=\"text-align: center;\">C\u00e9line et Yohann BIGOLET<br \/>\nDirigeants<\/p>\n<\/div><div class=\"fusion-clearfix\"><\/div><\/div><\/div><\/div><\/div><div class=\"fusion-fullwidth fullwidth-box fusion-builder-row-2 nonhundred-percent-fullwidth non-hundred-percent-height-scrolling\" style=\"--awb-border-radius-top-left:0px;--awb-border-radius-top-right:0px;--awb-border-radius-bottom-right:0px;--awb-border-radius-bottom-left:0px;--awb-flex-wrap:wrap;\" ><div class=\"fusion-builder-row fusion-row\"><div class=\"fusion-layout-column fusion_builder_column fusion-builder-column-2 fusion_builder_column_2_3 2_3 fusion-two-third fusion-column-first\" style=\"--awb-bg-size:cover;width:66.666666666667%;width:calc(66.666666666667% - ( ( 4% ) * 0.66666666666667 ) );margin-right: 4%;\"><div class=\"fusion-column-wrapper fusion-flex-column-wrapper-legacy\"><div class=\"fusion-text fusion-text-3\"><p><strong>Sidpa France<\/strong> est une entreprise certifi\u00e9e<\/p>\n<\/div><div class=\"fusion-clearfix\"><\/div><\/div><\/div><div class=\"fusion-layout-column fusion_builder_column fusion-builder-column-3 fusion_builder_column_1_3 1_3 fusion-one-third fusion-column-last\" style=\"--awb-bg-size:cover;width:33.333333333333%;width:calc(33.333333333333% - ( ( 4% ) * 0.33333333333333 ) );\"><div class=\"fusion-column-wrapper fusion-flex-column-wrapper-legacy\"><div class=\"fusion-text fusion-text-4\"><p><a href=\"http:\/\/www.qualibat.com\" target=\"_blank\" rel=\"noopener noreferrer\"><img decoding=\"async\" class=\"alignnone  wp-image-535\" src=\"https:\/\/www.sidpa72.fr\/w\/wp-content\/uploads\/2019\/11\/logo_qualibat_2020.png\" alt=\"\" width=\"68\" height=\"64\" \/><\/a><\/p>\n<\/div><div class=\"fusion-clearfix\"><\/div><\/div><\/div><\/div><\/div><\/p>\n","protected":false},"excerpt":{"rendered":"","protected":false},"author":1,"featured_media":0,"parent":0,"menu_order":0,"comment_status":"closed","ping_status":"closed","template":"100-width.php","meta":{"footnotes":""},"class_list":["post-22","page","type-page","status-publish","hentry"],"yoast_head":"<!-- This site is optimized with the Yoast SEO plugin v27.2 - https:\/\/yoast.com\/product\/yoast-seo-wordpress\/ -->\n<title>Qui sommes-nous ? | Sidpa France<\/title>\n<meta name=\"description\" content=\"laboratoire, paillasse de laboratoire, labo, lab, mobilier de labo, mobilier de laboratoire, meubles bahut, sorbonne, sidpa, servilab, sur mesure, labo sur mesure, laboratoire sur mesure, laboratoire sur mesure devis, laboratoire complet, meubles de laboratoire, \u00e9quipement de labo, \u00e9quipement de laboratoire, paillasse, meuble labo, chaise labo, paillasse scolaire, table labo, paillasse \u00e9cole, meuble laboratoire \u00e9cole, meuble labo \u00e9cole, agencement de laboratoire, agencement labo, paillasse PMR, hotte de laboratoire, hotte labo, labo le mans, le mans laboratoire,\" \/>\n<meta name=\"robots\" content=\"index, follow, max-snippet:-1, max-image-preview:large, max-video-preview:-1\" \/>\n<link rel=\"canonical\" href=\"https:\/\/www.sidpa72.fr\/w\/qui-sommes-nous\" \/>\n<meta property=\"og:locale\" content=\"fr_FR\" \/>\n<meta property=\"og:type\" content=\"article\" \/>\n<meta property=\"og:title\" content=\"Qui sommes-nous ? | Sidpa France\" \/>\n<meta property=\"og:description\" content=\"laboratoire, paillasse de laboratoire, labo, lab, mobilier de labo, mobilier de laboratoire, meubles bahut, sorbonne, sidpa, servilab, sur mesure, labo sur mesure, laboratoire sur mesure, laboratoire sur mesure devis, laboratoire complet, meubles de laboratoire, \u00e9quipement de labo, \u00e9quipement de laboratoire, paillasse, meuble labo, chaise labo, paillasse scolaire, table labo, paillasse \u00e9cole, meuble laboratoire \u00e9cole, meuble labo \u00e9cole, agencement de laboratoire, agencement labo, paillasse PMR, hotte de laboratoire, hotte labo, labo le mans, le mans laboratoire,\" \/>\n<meta property=\"og:url\" content=\"https:\/\/www.sidpa72.fr\/w\/qui-sommes-nous\" \/>\n<meta property=\"og:site_name\" content=\"Sidpa France\" \/>\n<meta property=\"article:modified_time\" content=\"2023-07-26T13:42:02+00:00\" \/>\n<meta property=\"og:image\" content=\"https:\/\/www.sidpa72.fr\/w\/wp-content\/uploads\/2019\/11\/mr_mme_bigolet-300x257.png\" \/>\n<meta name=\"twitter:label1\" content=\"Dur\u00e9e de lecture estim\u00e9e\" \/>\n\t<meta name=\"twitter:data1\" content=\"2 minutes\" \/>\n<script type=\"application\/ld+json\" class=\"yoast-schema-graph\">{\"@context\":\"https:\/\/schema.org\",\"@graph\":[{\"@type\":\"WebPage\",\"@id\":\"https:\/\/www.sidpa72.fr\/w\/qui-sommes-nous\",\"url\":\"https:\/\/www.sidpa72.fr\/w\/qui-sommes-nous\",\"name\":\"Qui sommes-nous ? | Sidpa France\",\"isPartOf\":{\"@id\":\"https:\/\/www.sidpa72.fr\/w\/#website\"},\"primaryImageOfPage\":{\"@id\":\"https:\/\/www.sidpa72.fr\/w\/qui-sommes-nous#primaryimage\"},\"image\":{\"@id\":\"https:\/\/www.sidpa72.fr\/w\/qui-sommes-nous#primaryimage\"},\"thumbnailUrl\":\"https:\/\/www.sidpa72.fr\/w\/wp-content\/uploads\/2019\/11\/mr_mme_bigolet-300x257.png\",\"datePublished\":\"2014-06-20T11:49:01+00:00\",\"dateModified\":\"2023-07-26T13:42:02+00:00\",\"description\":\"laboratoire, paillasse de laboratoire, labo, lab, mobilier de labo, mobilier de laboratoire, meubles bahut, sorbonne, sidpa, servilab, sur mesure, labo sur mesure, laboratoire sur mesure, laboratoire sur mesure devis, laboratoire complet, meubles de laboratoire, \u00e9quipement de labo, \u00e9quipement de laboratoire, paillasse, meuble labo, chaise labo, paillasse scolaire, table labo, paillasse \u00e9cole, meuble laboratoire \u00e9cole, meuble labo \u00e9cole, agencement de laboratoire, agencement labo, paillasse PMR, hotte de laboratoire, hotte labo, labo le mans, le mans laboratoire,\",\"breadcrumb\":{\"@id\":\"https:\/\/www.sidpa72.fr\/w\/qui-sommes-nous#breadcrumb\"},\"inLanguage\":\"fr-FR\",\"potentialAction\":[{\"@type\":\"ReadAction\",\"target\":[\"https:\/\/www.sidpa72.fr\/w\/qui-sommes-nous\"]}]},{\"@type\":\"ImageObject\",\"inLanguage\":\"fr-FR\",\"@id\":\"https:\/\/www.sidpa72.fr\/w\/qui-sommes-nous#primaryimage\",\"url\":\"https:\/\/www.sidpa72.fr\/w\/wp-content\/uploads\/2019\/11\/mr_mme_bigolet.png\",\"contentUrl\":\"https:\/\/www.sidpa72.fr\/w\/wp-content\/uploads\/2019\/11\/mr_mme_bigolet.png\",\"width\":1674,\"height\":1432},{\"@type\":\"BreadcrumbList\",\"@id\":\"https:\/\/www.sidpa72.fr\/w\/qui-sommes-nous#breadcrumb\",\"itemListElement\":[{\"@type\":\"ListItem\",\"position\":1,\"name\":\"Home\",\"item\":\"https:\/\/www.sidpa72.fr\/w\"},{\"@type\":\"ListItem\",\"position\":2,\"name\":\"Qui sommes-nous ?\"}]},{\"@type\":\"WebSite\",\"@id\":\"https:\/\/www.sidpa72.fr\/w\/#website\",\"url\":\"https:\/\/www.sidpa72.fr\/w\/\",\"name\":\"Sidpa\",\"description\":\"Votre mobilier de laboratoire sur-mesure\",\"potentialAction\":[{\"@type\":\"SearchAction\",\"target\":{\"@type\":\"EntryPoint\",\"urlTemplate\":\"https:\/\/www.sidpa72.fr\/w\/?s={search_term_string}\"},\"query-input\":{\"@type\":\"PropertyValueSpecification\",\"valueRequired\":true,\"valueName\":\"search_term_string\"}}],\"inLanguage\":\"fr-FR\"}]}<\/script>\n<!-- \/ Yoast SEO plugin. -->","yoast_head_json":{"title":"Qui sommes-nous ? | Sidpa France","description":"laboratoire, paillasse de laboratoire, labo, lab, mobilier de labo, mobilier de laboratoire, meubles bahut, sorbonne, sidpa, servilab, sur mesure, labo sur mesure, laboratoire sur mesure, laboratoire sur mesure devis, laboratoire complet, meubles de laboratoire, \u00e9quipement de labo, \u00e9quipement de laboratoire, paillasse, meuble labo, chaise labo, paillasse scolaire, table labo, paillasse \u00e9cole, meuble laboratoire \u00e9cole, meuble labo \u00e9cole, agencement de laboratoire, agencement labo, paillasse PMR, hotte de laboratoire, hotte labo, labo le mans, le mans laboratoire,","robots":{"index":"index","follow":"follow","max-snippet":"max-snippet:-1","max-image-preview":"max-image-preview:large","max-video-preview":"max-video-preview:-1"},"canonical":"https:\/\/www.sidpa72.fr\/w\/qui-sommes-nous","og_locale":"fr_FR","og_type":"article","og_title":"Qui sommes-nous ? | Sidpa France","og_description":"laboratoire, paillasse de laboratoire, labo, lab, mobilier de labo, mobilier de laboratoire, meubles bahut, sorbonne, sidpa, servilab, sur mesure, labo sur mesure, laboratoire sur mesure, laboratoire sur mesure devis, laboratoire complet, meubles de laboratoire, \u00e9quipement de labo, \u00e9quipement de laboratoire, paillasse, meuble labo, chaise labo, paillasse scolaire, table labo, paillasse \u00e9cole, meuble laboratoire \u00e9cole, meuble labo \u00e9cole, agencement de laboratoire, agencement labo, paillasse PMR, hotte de laboratoire, hotte labo, labo le mans, le mans laboratoire,","og_url":"https:\/\/www.sidpa72.fr\/w\/qui-sommes-nous","og_site_name":"Sidpa France","article_modified_time":"2023-07-26T13:42:02+00:00","og_image":[{"url":"https:\/\/www.sidpa72.fr\/w\/wp-content\/uploads\/2019\/11\/mr_mme_bigolet-300x257.png","type":"","width":"","height":""}],"twitter_misc":{"Dur\u00e9e de lecture estim\u00e9e":"2 minutes"},"schema":{"@context":"https:\/\/schema.org","@graph":[{"@type":"WebPage","@id":"https:\/\/www.sidpa72.fr\/w\/qui-sommes-nous","url":"https:\/\/www.sidpa72.fr\/w\/qui-sommes-nous","name":"Qui sommes-nous ? | Sidpa France","isPartOf":{"@id":"https:\/\/www.sidpa72.fr\/w\/#website"},"primaryImageOfPage":{"@id":"https:\/\/www.sidpa72.fr\/w\/qui-sommes-nous#primaryimage"},"image":{"@id":"https:\/\/www.sidpa72.fr\/w\/qui-sommes-nous#primaryimage"},"thumbnailUrl":"https:\/\/www.sidpa72.fr\/w\/wp-content\/uploads\/2019\/11\/mr_mme_bigolet-300x257.png","datePublished":"2014-06-20T11:49:01+00:00","dateModified":"2023-07-26T13:42:02+00:00","description":"laboratoire, paillasse de laboratoire, labo, lab, mobilier de labo, mobilier de laboratoire, meubles bahut, sorbonne, sidpa, servilab, sur mesure, labo sur mesure, laboratoire sur mesure, laboratoire sur mesure devis, laboratoire complet, meubles de laboratoire, \u00e9quipement de labo, \u00e9quipement de laboratoire, paillasse, meuble labo, chaise labo, paillasse scolaire, table labo, paillasse \u00e9cole, meuble laboratoire \u00e9cole, meuble labo \u00e9cole, agencement de laboratoire, agencement labo, paillasse PMR, hotte de laboratoire, hotte labo, labo le mans, le mans laboratoire,","breadcrumb":{"@id":"https:\/\/www.sidpa72.fr\/w\/qui-sommes-nous#breadcrumb"},"inLanguage":"fr-FR","potentialAction":[{"@type":"ReadAction","target":["https:\/\/www.sidpa72.fr\/w\/qui-sommes-nous"]}]},{"@type":"ImageObject","inLanguage":"fr-FR","@id":"https:\/\/www.sidpa72.fr\/w\/qui-sommes-nous#primaryimage","url":"https:\/\/www.sidpa72.fr\/w\/wp-content\/uploads\/2019\/11\/mr_mme_bigolet.png","contentUrl":"https:\/\/www.sidpa72.fr\/w\/wp-content\/uploads\/2019\/11\/mr_mme_bigolet.png","width":1674,"height":1432},{"@type":"BreadcrumbList","@id":"https:\/\/www.sidpa72.fr\/w\/qui-sommes-nous#breadcrumb","itemListElement":[{"@type":"ListItem","position":1,"name":"Home","item":"https:\/\/www.sidpa72.fr\/w"},{"@type":"ListItem","position":2,"name":"Qui sommes-nous ?"}]},{"@type":"WebSite","@id":"https:\/\/www.sidpa72.fr\/w\/#website","url":"https:\/\/www.sidpa72.fr\/w\/","name":"Sidpa","description":"Votre mobilier de laboratoire sur-mesure","potentialAction":[{"@type":"SearchAction","target":{"@type":"EntryPoint","urlTemplate":"https:\/\/www.sidpa72.fr\/w\/?s={search_term_string}"},"query-input":{"@type":"PropertyValueSpecification","valueRequired":true,"valueName":"search_term_string"}}],"inLanguage":"fr-FR"}]}},"_links":{"self":[{"href":"https:\/\/www.sidpa72.fr\/w\/wp-json\/wp\/v2\/pages\/22","targetHints":{"allow":["GET"]}}],"collection":[{"href":"https:\/\/www.sidpa72.fr\/w\/wp-json\/wp\/v2\/pages"}],"about":[{"href":"https:\/\/www.sidpa72.fr\/w\/wp-json\/wp\/v2\/types\/page"}],"author":[{"embeddable":true,"href":"https:\/\/www.sidpa72.fr\/w\/wp-json\/wp\/v2\/users\/1"}],"replies":[{"embeddable":true,"href":"https:\/\/www.sidpa72.fr\/w\/wp-json\/wp\/v2\/comments?post=22"}],"version-history":[{"count":52,"href":"https:\/\/www.sidpa72.fr\/w\/wp-json\/wp\/v2\/pages\/22\/revisions"}],"predecessor-version":[{"id":2868,"href":"https:\/\/www.sidpa72.fr\/w\/wp-json\/wp\/v2\/pages\/22\/revisions\/2868"}],"wp:attachment":[{"href":"https:\/\/www.sidpa72.fr\/w\/wp-json\/wp\/v2\/media?parent=22"}],"curies":[{"name":"wp","href":"https:\/\/api.w.org\/{rel}","templated":true}]}}