{"id":32,"date":"2014-06-20T12:50:48","date_gmt":"2014-06-20T11:50:48","guid":{"rendered":"http:\/\/www.sidpa72.fr\/w\/?page_id=32"},"modified":"2014-09-05T10:16:24","modified_gmt":"2014-09-05T09:16:24","slug":"contact","status":"publish","type":"page","link":"https:\/\/www.sidpa72.fr\/w\/contact","title":{"rendered":"Contact"},"content":{"rendered":"\n<div class=\"wpcf7 no-js\" id=\"wpcf7-f40-o1\" lang=\"fr-FR\" dir=\"ltr\" data-wpcf7-id=\"40\">\n<div class=\"screen-reader-response\"><p role=\"status\" aria-live=\"polite\" aria-atomic=\"true\"><\/p> <ul><\/ul><\/div>\n<form action=\"\/w\/wp-json\/wp\/v2\/pages\/32#wpcf7-f40-o1\" method=\"post\" class=\"wpcf7-form init\" aria-label=\"Formulaire de contact\" novalidate=\"novalidate\" data-status=\"init\">\n<fieldset class=\"hidden-fields-container\"><input type=\"hidden\" name=\"_wpcf7\" value=\"40\" \/><input type=\"hidden\" name=\"_wpcf7_version\" value=\"6.1.5\" \/><input type=\"hidden\" name=\"_wpcf7_locale\" value=\"fr_FR\" \/><input type=\"hidden\" name=\"_wpcf7_unit_tag\" value=\"wpcf7-f40-o1\" \/><input type=\"hidden\" name=\"_wpcf7_container_post\" value=\"0\" \/><input type=\"hidden\" name=\"_wpcf7_posted_data_hash\" value=\"\" \/>\n<\/fieldset>\n<div class=\"wpcf7-turnstile cf-turnstile\" data-sitekey=\"0x4AAAAAABl6unyvMAXNvDYi\" data-response-field-name=\"_wpcf7_turnstile_response\"><\/div>\n\n<h2>Nos coordonn\u00e9es\n<\/h2>\n<p>SIDPA France<br \/>\nZ.A, rue pierre Mend\u00e8s-France - 72230 Mulsanne - Sarthe - France<br \/>\nT\u00e9l. 02 43 47 06 50 \/ Fax 02 43 42 25 95\n<\/p>\n<h2>Vos coordonn\u00e9es\n<\/h2>\n<p>Nom*\n<\/p>\n<p><span class=\"wpcf7-form-control-wrap\" data-name=\"your-name\"><input size=\"40\" maxlength=\"400\" class=\"wpcf7-form-control wpcf7-text wpcf7-validates-as-required\" aria-required=\"true\" aria-invalid=\"false\" value=\"\" type=\"text\" name=\"your-name\" \/><\/span>\n<\/p>\n<p>Pr\u00e9nom*\n<\/p>\n<p><span class=\"wpcf7-form-control-wrap\" data-name=\"Prenom\"><input size=\"40\" maxlength=\"400\" class=\"wpcf7-form-control wpcf7-text wpcf7-validates-as-required\" aria-required=\"true\" aria-invalid=\"false\" value=\"\" type=\"text\" name=\"Prenom\" \/><\/span>\n<\/p>\n<p>Soci\u00e9t\u00e9 \/ Institution\n<\/p>\n<p><span class=\"wpcf7-form-control-wrap\" data-name=\"societe_institution\"><input size=\"40\" maxlength=\"400\" class=\"wpcf7-form-control wpcf7-text\" aria-invalid=\"false\" value=\"\" type=\"text\" name=\"societe_institution\" \/><\/span>\n<\/p>\n<p>Adresse\n<\/p>\n<p><span class=\"wpcf7-form-control-wrap\" data-name=\"adresse\"><input size=\"40\" maxlength=\"400\" class=\"wpcf7-form-control wpcf7-text\" aria-invalid=\"false\" value=\"\" type=\"text\" name=\"adresse\" \/><\/span>\n<\/p>\n<p>Ville\n<\/p>\n<p><span class=\"wpcf7-form-control-wrap\" data-name=\"ville\"><input size=\"40\" maxlength=\"400\" class=\"wpcf7-form-control wpcf7-text\" aria-invalid=\"false\" value=\"\" type=\"text\" name=\"ville\" \/><\/span>\n<\/p>\n<p>Code postal\n<\/p>\n<p><span class=\"wpcf7-form-control-wrap\" data-name=\"code_postal\"><input size=\"40\" maxlength=\"400\" class=\"wpcf7-form-control wpcf7-text\" aria-invalid=\"false\" value=\"\" type=\"text\" name=\"code_postal\" \/><\/span>\n<\/p>\n<p>Pays\n<\/p>\n<p><span class=\"wpcf7-form-control-wrap\" data-name=\"pays\"><input size=\"40\" maxlength=\"400\" class=\"wpcf7-form-control wpcf7-text\" aria-invalid=\"false\" value=\"France\" type=\"text\" name=\"pays\" \/><\/span>\n<\/p>\n<p>Email*\n<\/p>\n<p><span class=\"wpcf7-form-control-wrap\" data-name=\"your-email\"><input size=\"40\" maxlength=\"400\" class=\"wpcf7-form-control wpcf7-email wpcf7-validates-as-required wpcf7-text wpcf7-validates-as-email\" aria-required=\"true\" aria-invalid=\"false\" value=\"\" type=\"email\" name=\"your-email\" \/><\/span>\n<\/p>\n<p>T\u00e9l\u00e9phone fixe\n<\/p>\n<p><span class=\"wpcf7-form-control-wrap\" data-name=\"telephone_fixe\"><input size=\"40\" maxlength=\"400\" class=\"wpcf7-form-control wpcf7-tel wpcf7-text wpcf7-validates-as-tel\" aria-invalid=\"false\" value=\"\" type=\"tel\" name=\"telephone_fixe\" \/><\/span>\n<\/p>\n<p>Portable\n<\/p>\n<p><span class=\"wpcf7-form-control-wrap\" data-name=\"portable\"><input size=\"40\" maxlength=\"400\" class=\"wpcf7-form-control wpcf7-tel wpcf7-text wpcf7-validates-as-tel\" aria-invalid=\"false\" value=\"\" type=\"tel\" name=\"portable\" \/><\/span>\n<\/p>\n<p>Fax\n<\/p>\n<p><span class=\"wpcf7-form-control-wrap\" data-name=\"fax\"><input size=\"40\" maxlength=\"400\" class=\"wpcf7-form-control wpcf7-tel wpcf7-text wpcf7-validates-as-tel\" aria-invalid=\"false\" value=\"\" type=\"tel\" name=\"fax\" \/><\/span>\n<\/p>\n<p>Sujet\n<\/p>\n<p><span class=\"wpcf7-form-control-wrap\" data-name=\"your-subject\"><input size=\"40\" maxlength=\"400\" class=\"wpcf7-form-control wpcf7-text\" aria-invalid=\"false\" value=\"\" type=\"text\" name=\"your-subject\" \/><\/span>\n<\/p>\n<h2>Votre message\n<\/h2>\n<p><span class=\"wpcf7-form-control-wrap\" data-name=\"your-message\"><textarea cols=\"40\" rows=\"10\" maxlength=\"2000\" class=\"wpcf7-form-control wpcf7-textarea\" aria-invalid=\"false\" name=\"your-message\"><\/textarea><\/span>\n<\/p>\n<p> Je souhaite obtenir des renseignements sur :\n<\/p>\n<p><span class=\"wpcf7-form-control-wrap\" data-name=\"Checkbox\"><span class=\"wpcf7-form-control wpcf7-checkbox\"><span class=\"wpcf7-list-item first\"><input type=\"checkbox\" name=\"Checkbox[]\" value=\"Les Paillasses\" \/><span class=\"wpcf7-list-item-label\">Les Paillasses<\/span><\/span><span class=\"wpcf7-list-item\"><input type=\"checkbox\" name=\"Checkbox[]\" value=\"Le Mobilier\" \/><span class=\"wpcf7-list-item-label\">Le Mobilier<\/span><\/span><span class=\"wpcf7-list-item\"><input type=\"checkbox\" name=\"Checkbox[]\" value=\"Les Hottes\/Sorbonnes\" \/><span class=\"wpcf7-list-item-label\">Les Hottes\/Sorbonnes<\/span><\/span><span class=\"wpcf7-list-item\"><input type=\"checkbox\" name=\"Checkbox[]\" value=\"L&#039;\u00e9quipement\" \/><span class=\"wpcf7-list-item-label\">L&#039;\u00e9quipement<\/span><\/span><span class=\"wpcf7-list-item last\"><input type=\"checkbox\" name=\"Checkbox[]\" value=\"Autres\" \/><span class=\"wpcf7-list-item-label\">Autres<\/span><\/span><\/span><\/span>\n<\/p>\n<p>J'accepte de recevoir, par courrier \u00e9lectronique, des informations \u00e9manant de votre soci\u00e9t\u00e9.\n<\/p>\n<p><span class=\"wpcf7-form-control-wrap\" data-name=\"Acception_reception_information\"><span class=\"wpcf7-form-control wpcf7-checkbox\"><span class=\"wpcf7-list-item first\"><input type=\"checkbox\" name=\"Acception_reception_information[]\" value=\"J&#039;accepte\" \/><span class=\"wpcf7-list-item-label\">J&#039;accepte<\/span><\/span><span class=\"wpcf7-list-item last\"><input type=\"checkbox\" name=\"Acception_reception_information[]\" value=\"Je refuse\" \/><span class=\"wpcf7-list-item-label\">Je refuse<\/span><\/span><\/span><\/span>\n<\/p>\n<p><input class=\"wpcf7-form-control wpcf7-submit has-spinner\" type=\"submit\" value=\"Envoyer\" \/>\n<\/p>\n<p>*Informations obligatoires\n<\/p><div class=\"fusion-alert alert custom alert-custom fusion-alert-center wpcf7-response-output fusion-alert-capitalize awb-alert-native-link-color alert-dismissable awb-alert-close-boxed\" style=\"--awb-border-top-left-radius:0px;--awb-border-top-right-radius:0px;--awb-border-bottom-left-radius:0px;--awb-border-bottom-right-radius:0px;\" role=\"alert\"><div class=\"fusion-alert-content-wrapper\"><span class=\"fusion-alert-content\"><\/span><\/div><button type=\"button\" class=\"close toggle-alert\" data-dismiss=\"alert\" aria-label=\"Close\">&times;<\/button><\/div>\n<\/form>\n<\/div>\n\n","protected":false},"excerpt":{"rendered":"","protected":false},"author":1,"featured_media":0,"parent":0,"menu_order":0,"comment_status":"open","ping_status":"open","template":"","meta":{"footnotes":""},"class_list":["post-32","page","type-page","status-publish","hentry"],"yoast_head":"<!-- This site is optimized with the Yoast SEO plugin v27.2 - https:\/\/yoast.com\/product\/yoast-seo-wordpress\/ -->\n<title>Sidpa France - Mulsanne \/ Le Mans - Sarthe (72) - France - Constructeur de laboratoire sur mesure<\/title>\n<meta name=\"description\" content=\"Sidpa France - Constructeur de laboratoire sur mesure - Z.A, rue pierre Mend\u00e8s-France - 72230 Mulsanne - Sarthe - France\" \/>\n<meta name=\"robots\" content=\"index, follow, max-snippet:-1, max-image-preview:large, max-video-preview:-1\" \/>\n<link rel=\"canonical\" href=\"https:\/\/www.sidpa72.fr\/w\/contact\" \/>\n<meta property=\"og:locale\" content=\"fr_FR\" \/>\n<meta property=\"og:type\" content=\"article\" \/>\n<meta property=\"og:title\" content=\"Sidpa France - Mulsanne \/ Le Mans - Sarthe (72) - France - Constructeur de laboratoire sur mesure\" \/>\n<meta property=\"og:description\" content=\"Sidpa France - Constructeur de laboratoire sur mesure - Z.A, rue pierre Mend\u00e8s-France - 72230 Mulsanne - Sarthe - France\" \/>\n<meta property=\"og:url\" content=\"https:\/\/www.sidpa72.fr\/w\/contact\" \/>\n<meta property=\"og:site_name\" content=\"Sidpa France\" \/>\n<meta property=\"article:modified_time\" content=\"2014-09-05T09:16:24+00:00\" \/>\n<script type=\"application\/ld+json\" class=\"yoast-schema-graph\">{\"@context\":\"https:\/\/schema.org\",\"@graph\":[{\"@type\":\"WebPage\",\"@id\":\"https:\/\/www.sidpa72.fr\/w\/contact\",\"url\":\"https:\/\/www.sidpa72.fr\/w\/contact\",\"name\":\"Sidpa France - Mulsanne \/ Le Mans - Sarthe (72) - France - Constructeur de laboratoire sur mesure\",\"isPartOf\":{\"@id\":\"https:\/\/www.sidpa72.fr\/w\/#website\"},\"datePublished\":\"2014-06-20T11:50:48+00:00\",\"dateModified\":\"2014-09-05T09:16:24+00:00\",\"description\":\"Sidpa France - Constructeur de laboratoire sur mesure - Z.A, rue pierre Mend\u00e8s-France - 72230 Mulsanne - Sarthe - France\",\"breadcrumb\":{\"@id\":\"https:\/\/www.sidpa72.fr\/w\/contact#breadcrumb\"},\"inLanguage\":\"fr-FR\",\"potentialAction\":[{\"@type\":\"ReadAction\",\"target\":[\"https:\/\/www.sidpa72.fr\/w\/contact\"]}]},{\"@type\":\"BreadcrumbList\",\"@id\":\"https:\/\/www.sidpa72.fr\/w\/contact#breadcrumb\",\"itemListElement\":[{\"@type\":\"ListItem\",\"position\":1,\"name\":\"Home\",\"item\":\"https:\/\/www.sidpa72.fr\/w\"},{\"@type\":\"ListItem\",\"position\":2,\"name\":\"Contact\"}]},{\"@type\":\"WebSite\",\"@id\":\"https:\/\/www.sidpa72.fr\/w\/#website\",\"url\":\"https:\/\/www.sidpa72.fr\/w\/\",\"name\":\"Sidpa\",\"description\":\"Votre mobilier de laboratoire sur-mesure\",\"potentialAction\":[{\"@type\":\"SearchAction\",\"target\":{\"@type\":\"EntryPoint\",\"urlTemplate\":\"https:\/\/www.sidpa72.fr\/w\/?s={search_term_string}\"},\"query-input\":{\"@type\":\"PropertyValueSpecification\",\"valueRequired\":true,\"valueName\":\"search_term_string\"}}],\"inLanguage\":\"fr-FR\"}]}<\/script>\n<!-- \/ Yoast SEO plugin. -->","yoast_head_json":{"title":"Sidpa France - Mulsanne \/ Le Mans - Sarthe (72) - France - Constructeur de laboratoire sur mesure","description":"Sidpa France - Constructeur de laboratoire sur mesure - Z.A, rue pierre Mend\u00e8s-France - 72230 Mulsanne - Sarthe - France","robots":{"index":"index","follow":"follow","max-snippet":"max-snippet:-1","max-image-preview":"max-image-preview:large","max-video-preview":"max-video-preview:-1"},"canonical":"https:\/\/www.sidpa72.fr\/w\/contact","og_locale":"fr_FR","og_type":"article","og_title":"Sidpa France - Mulsanne \/ Le Mans - Sarthe (72) - France - Constructeur de laboratoire sur mesure","og_description":"Sidpa France - Constructeur de laboratoire sur mesure - Z.A, rue pierre Mend\u00e8s-France - 72230 Mulsanne - Sarthe - France","og_url":"https:\/\/www.sidpa72.fr\/w\/contact","og_site_name":"Sidpa France","article_modified_time":"2014-09-05T09:16:24+00:00","schema":{"@context":"https:\/\/schema.org","@graph":[{"@type":"WebPage","@id":"https:\/\/www.sidpa72.fr\/w\/contact","url":"https:\/\/www.sidpa72.fr\/w\/contact","name":"Sidpa France - Mulsanne \/ Le Mans - Sarthe (72) - France - Constructeur de laboratoire sur mesure","isPartOf":{"@id":"https:\/\/www.sidpa72.fr\/w\/#website"},"datePublished":"2014-06-20T11:50:48+00:00","dateModified":"2014-09-05T09:16:24+00:00","description":"Sidpa France - Constructeur de laboratoire sur mesure - Z.A, rue pierre Mend\u00e8s-France - 72230 Mulsanne - Sarthe - France","breadcrumb":{"@id":"https:\/\/www.sidpa72.fr\/w\/contact#breadcrumb"},"inLanguage":"fr-FR","potentialAction":[{"@type":"ReadAction","target":["https:\/\/www.sidpa72.fr\/w\/contact"]}]},{"@type":"BreadcrumbList","@id":"https:\/\/www.sidpa72.fr\/w\/contact#breadcrumb","itemListElement":[{"@type":"ListItem","position":1,"name":"Home","item":"https:\/\/www.sidpa72.fr\/w"},{"@type":"ListItem","position":2,"name":"Contact"}]},{"@type":"WebSite","@id":"https:\/\/www.sidpa72.fr\/w\/#website","url":"https:\/\/www.sidpa72.fr\/w\/","name":"Sidpa","description":"Votre mobilier de laboratoire sur-mesure","potentialAction":[{"@type":"SearchAction","target":{"@type":"EntryPoint","urlTemplate":"https:\/\/www.sidpa72.fr\/w\/?s={search_term_string}"},"query-input":{"@type":"PropertyValueSpecification","valueRequired":true,"valueName":"search_term_string"}}],"inLanguage":"fr-FR"}]}},"_links":{"self":[{"href":"https:\/\/www.sidpa72.fr\/w\/wp-json\/wp\/v2\/pages\/32","targetHints":{"allow":["GET"]}}],"collection":[{"href":"https:\/\/www.sidpa72.fr\/w\/wp-json\/wp\/v2\/pages"}],"about":[{"href":"https:\/\/www.sidpa72.fr\/w\/wp-json\/wp\/v2\/types\/page"}],"author":[{"embeddable":true,"href":"https:\/\/www.sidpa72.fr\/w\/wp-json\/wp\/v2\/users\/1"}],"replies":[{"embeddable":true,"href":"https:\/\/www.sidpa72.fr\/w\/wp-json\/wp\/v2\/comments?post=32"}],"version-history":[{"count":9,"href":"https:\/\/www.sidpa72.fr\/w\/wp-json\/wp\/v2\/pages\/32\/revisions"}],"predecessor-version":[{"id":2826,"href":"https:\/\/www.sidpa72.fr\/w\/wp-json\/wp\/v2\/pages\/32\/revisions\/2826"}],"wp:attachment":[{"href":"https:\/\/www.sidpa72.fr\/w\/wp-json\/wp\/v2\/media?parent=32"}],"curies":[{"name":"wp","href":"https:\/\/api.w.org\/{rel}","templated":true}]}}