{"id":63,"date":"2014-06-20T13:13:09","date_gmt":"2014-06-20T12:13:09","guid":{"rendered":"http:\/\/www.sidpa72.fr\/w\/?page_id=63"},"modified":"2014-07-16T15:13:48","modified_gmt":"2014-07-16T14:13:48","slug":"mentions-legales","status":"publish","type":"page","link":"https:\/\/www.sidpa72.fr\/w\/mentions-legales","title":{"rendered":"Mentions l\u00e9gales"},"content":{"rendered":"<p>Vous disposez d&rsquo;un droit d&rsquo;acc\u00e8s, de modification, de rectification et de suppression des donn\u00e9es qui vous concerne (art. 34 de la loi \u00ab\u00a0informatique et libert\u00e9s\u00a0\u00bb).\u00a0<\/p>\n<p>Pour l&rsquo;exercer, adressez-vous \u00e0 :<\/p>\n<h3>SIDPA FRANCE<\/h3>\n<h3>Si\u00e8ge Social<\/h3>\n<p style=\"color: #000000;\">Z.A, rue pierre Mend\u00e8s-France &#8211; 72230 Mulsanne &#8211; Sarthe &#8211; France\u00a0\u00a0\u00a0<br \/>T\u00e9l. 02 43 47 06 50 \/ Fax 02 43 42 25 95\u00a0<br \/><span style=\"color: #ff0000;\"><a style=\"font-weight: bold; color: #000000;\" href=\"http:\/\/www.sidpa72.fr\/index.php?laboratoire=contact\"><span style=\"color: #ff0000;\">E-mail : Cliquez ici<\/span><\/a><\/span><\/p>\n<h3 style=\"font-weight: 100; color: #666666;\">Responsable de publication :\u00a0<span style=\"color: #ff0000;\"><a style=\"font-weight: bold; color: #000000;\" href=\"http:\/\/www.sidpa72.fr\/index.php?laboratoire=contact\"><span style=\"color: #ff0000;\">Mme BIGOLET<\/span><\/a><\/span><\/h3>\n<h3 style=\"font-weight: 100; color: #666666;\">Design Site \/ Webmaster :\u00a0<span style=\"color: #ff0000;\"><a style=\"font-weight: bold; color: #000000;\" href=\"http:\/\/www.coclico.fr\/\" target=\"_blank\"><span style=\"color: #ff0000;\">co.cli.co<\/span><\/a><\/span><\/h3>\n<h3 style=\"font-weight: 100; color: #666666;\">Cr\u00e9dits photos :\u00a0<span style=\"color: #ff0000;\"><span style=\"color: #ff0000;\"><a style=\"font-weight: bold; color: #000000;\" href=\"http:\/\/www.sidpa72.fr\/index.php?laboratoire=contact\"><span style=\"color: #ff0000;\">SIDPA France<\/span><\/a><\/span><\/span><\/h3>\n<h3 style=\"color: #222222;\">H\u00e9bergement du site \/ base de donn\u00e9es<\/h3>\n<p style=\"color: #2b2b2b;\">OVH<br \/>Si\u00e8ge social : 2 rue Kellermann 59100 Roubaix \u2013 France.<br \/>T\u00e9l :\u00a008 203 203 63<\/p>\n<h3 style=\"color: #222222;\">Immatriculation :<\/h3>\n<p style=\"color: #2b2b2b;\">N\u00b0 SIRET :\u00a0<\/p>\n<h3 style=\"color: #222222;\">Droit d\u2019auteur \u2013 Copyright<\/h3>\n<p style=\"color: #2b2b2b;\">Le site Internet http:\/\/www.sidpa72.fr\/\u00a0et chacun des \u00e9l\u00e9ments qui le composent, notamment mais non limitativement, les textes, images, photographies, illustrations, sons, musiques sont, sauf mentions particuli\u00e8res, la propri\u00e9t\u00e9 exclusive de SIDPA France.\u00a0En cons\u00e9quence, en application des dispositions du Code de la Propri\u00e9t\u00e9 Intellectuelle, des dispositions l\u00e9gislatives et r\u00e9glementaires de tous pays et des conventions internationales, toute reproduction ou repr\u00e9sentation, int\u00e9grale ou partielle, du site ou de quelconque des \u00e9l\u00e9ments qui le composent, est interdite de m\u00eame que leur alt\u00e9ration. Le nom de domaine \u201chttp:\/\/www.sidpa72.fr\/\u201d est la propri\u00e9t\u00e9 exclusive de SIDPA France. De m\u00eame, les marques et logos apparaissant sur le site Internet http:\/\/www.sidpa72.fr\/\u00a0 sont la propri\u00e9t\u00e9 exclusive de SIDPA France. Toute reproduction ou utilisation de ces marques, logos ou noms de domaine, de quelque mani\u00e8re et \u00e0 quelque titre que ce soit, est interdite.<\/p>\n<h3 style=\"color: #222222;\">Liens hypertexte<\/h3>\n<p style=\"color: #2b2b2b;\">La cr\u00e9ation de liens hypertexte vers le site Internet http:\/\/www.sidpa72.fr\/\u00a0 ne peut \u00eatre fait qu\u2019avec l\u2019autorisation \u00e9crite et pr\u00e9alable de SIDPA France\u00a0ou de ses repr\u00e9sentants l\u00e9gaux. SIDPA France\u00a0d\u00e9cline toute responsabilit\u00e9 quant au contenu des sites tiers qui seraient li\u00e9s \u00e0 son site Internet.<\/p>\n<h3 style=\"color: #222222;\">Notices l\u00e9gales<\/h3>\n<p style=\"color: #2b2b2b;\">SIDPA\u00a0France s\u2019assure que les informations accessibles par l\u2019interm\u00e9diaire de son site Internet sont exactes. Toutefois, elle ne garantit en aucune mani\u00e8re que ces informations sont exactes, compl\u00e8tes et \u00e0 jour et de mani\u00e8re g\u00e9n\u00e9rale, ne fournit aucune garantie expresse ou tacite, concernant tout ou partie de son site Internet.<\/p>\n","protected":false},"excerpt":{"rendered":"<p>Vous disposez d&rsquo;un droit d&rsquo;acc\u00e8s, de modification, de rectification et de suppression des donn\u00e9es qui vous concerne (art. 34 de la loi \u00ab\u00a0informatique et libert\u00e9s\u00a0\u00bb).\u00a0 Pour l&rsquo;exercer, adressez-vous \u00e0 : SIDPA FRANCE Si\u00e8ge Social Z.A, rue pierre Mend\u00e8s-France &#8211; 72230 Mulsanne &#8211; Sarthe &#8211; France\u00a0\u00a0\u00a0T\u00e9l. 02 43 47 06 50 \/ Fax 02 43 42<\/p>\n","protected":false},"author":1,"featured_media":0,"parent":0,"menu_order":0,"comment_status":"open","ping_status":"open","template":"","meta":{"footnotes":""},"class_list":["post-63","page","type-page","status-publish","hentry"],"yoast_head":"<!-- This site is optimized with the Yoast SEO plugin v27.2 - https:\/\/yoast.com\/product\/yoast-seo-wordpress\/ -->\n<title>Mentions l\u00e9gales<\/title>\n<meta name=\"description\" content=\"laboratoire, paillasse de laboratoire, labo, lab, mobilier de labo, mobilier de laboratoire, meubles bahut, sorbonne, sidpa, servilab, sur mesure, labo sur mesure, laboratoire sur mesure, laboratoire sur mesure devis, laboratoire complet, meubles de laboratoire, \u00e9quipement de labo, \u00e9quipement de laboratoire, paillasse, meuble labo, chaise labo, paillasse scolaire, table labo, paillasse \u00e9cole, meuble laboratoire \u00e9cole, meuble labo \u00e9cole, agencement de laboratoire, agencement labo, paillasse PMR, hotte de laboratoire, hotte labo, labo le mans, le mans laboratoire,\" \/>\n<meta name=\"robots\" content=\"index, follow, max-snippet:-1, max-image-preview:large, max-video-preview:-1\" \/>\n<link rel=\"canonical\" href=\"https:\/\/www.sidpa72.fr\/w\/mentions-legales\" \/>\n<meta property=\"og:locale\" content=\"fr_FR\" \/>\n<meta property=\"og:type\" content=\"article\" \/>\n<meta property=\"og:title\" content=\"Mentions l\u00e9gales\" \/>\n<meta property=\"og:description\" content=\"laboratoire, paillasse de laboratoire, labo, lab, mobilier de labo, mobilier de laboratoire, meubles bahut, sorbonne, sidpa, servilab, sur mesure, labo sur mesure, laboratoire sur mesure, laboratoire sur mesure devis, laboratoire complet, meubles de laboratoire, \u00e9quipement de labo, \u00e9quipement de laboratoire, paillasse, meuble labo, chaise labo, paillasse scolaire, table labo, paillasse \u00e9cole, meuble laboratoire \u00e9cole, meuble labo \u00e9cole, agencement de laboratoire, agencement labo, paillasse PMR, hotte de laboratoire, hotte labo, labo le mans, le mans laboratoire,\" \/>\n<meta property=\"og:url\" content=\"https:\/\/www.sidpa72.fr\/w\/mentions-legales\" \/>\n<meta property=\"og:site_name\" content=\"Sidpa France\" \/>\n<meta property=\"article:modified_time\" content=\"2014-07-16T14:13:48+00:00\" \/>\n<meta name=\"twitter:label1\" content=\"Dur\u00e9e de lecture estim\u00e9e\" \/>\n\t<meta name=\"twitter:data1\" content=\"2 minutes\" \/>\n<script type=\"application\/ld+json\" class=\"yoast-schema-graph\">{\"@context\":\"https:\/\/schema.org\",\"@graph\":[{\"@type\":\"WebPage\",\"@id\":\"https:\/\/www.sidpa72.fr\/w\/mentions-legales\",\"url\":\"https:\/\/www.sidpa72.fr\/w\/mentions-legales\",\"name\":\"Mentions l\u00e9gales\",\"isPartOf\":{\"@id\":\"https:\/\/www.sidpa72.fr\/w\/#website\"},\"datePublished\":\"2014-06-20T12:13:09+00:00\",\"dateModified\":\"2014-07-16T14:13:48+00:00\",\"description\":\"laboratoire, paillasse de laboratoire, labo, lab, mobilier de labo, mobilier de laboratoire, meubles bahut, sorbonne, sidpa, servilab, sur mesure, labo sur mesure, laboratoire sur mesure, laboratoire sur mesure devis, laboratoire complet, meubles de laboratoire, \u00e9quipement de labo, \u00e9quipement de laboratoire, paillasse, meuble labo, chaise labo, paillasse scolaire, table labo, paillasse \u00e9cole, meuble laboratoire \u00e9cole, meuble labo \u00e9cole, agencement de laboratoire, agencement labo, paillasse PMR, hotte de laboratoire, hotte labo, labo le mans, le mans laboratoire,\",\"breadcrumb\":{\"@id\":\"https:\/\/www.sidpa72.fr\/w\/mentions-legales#breadcrumb\"},\"inLanguage\":\"fr-FR\",\"potentialAction\":[{\"@type\":\"ReadAction\",\"target\":[\"https:\/\/www.sidpa72.fr\/w\/mentions-legales\"]}]},{\"@type\":\"BreadcrumbList\",\"@id\":\"https:\/\/www.sidpa72.fr\/w\/mentions-legales#breadcrumb\",\"itemListElement\":[{\"@type\":\"ListItem\",\"position\":1,\"name\":\"Home\",\"item\":\"https:\/\/www.sidpa72.fr\/w\"},{\"@type\":\"ListItem\",\"position\":2,\"name\":\"Mentions l\u00e9gales\"}]},{\"@type\":\"WebSite\",\"@id\":\"https:\/\/www.sidpa72.fr\/w\/#website\",\"url\":\"https:\/\/www.sidpa72.fr\/w\/\",\"name\":\"Sidpa\",\"description\":\"Votre mobilier de laboratoire sur-mesure\",\"potentialAction\":[{\"@type\":\"SearchAction\",\"target\":{\"@type\":\"EntryPoint\",\"urlTemplate\":\"https:\/\/www.sidpa72.fr\/w\/?s={search_term_string}\"},\"query-input\":{\"@type\":\"PropertyValueSpecification\",\"valueRequired\":true,\"valueName\":\"search_term_string\"}}],\"inLanguage\":\"fr-FR\"}]}<\/script>\n<!-- \/ Yoast SEO plugin. -->","yoast_head_json":{"title":"Mentions l\u00e9gales","description":"laboratoire, paillasse de laboratoire, labo, lab, mobilier de labo, mobilier de laboratoire, meubles bahut, sorbonne, sidpa, servilab, sur mesure, labo sur mesure, laboratoire sur mesure, laboratoire sur mesure devis, laboratoire complet, meubles de laboratoire, \u00e9quipement de labo, \u00e9quipement de laboratoire, paillasse, meuble labo, chaise labo, paillasse scolaire, table labo, paillasse \u00e9cole, meuble laboratoire \u00e9cole, meuble labo \u00e9cole, agencement de laboratoire, agencement labo, paillasse PMR, hotte de laboratoire, hotte labo, labo le mans, le mans laboratoire,","robots":{"index":"index","follow":"follow","max-snippet":"max-snippet:-1","max-image-preview":"max-image-preview:large","max-video-preview":"max-video-preview:-1"},"canonical":"https:\/\/www.sidpa72.fr\/w\/mentions-legales","og_locale":"fr_FR","og_type":"article","og_title":"Mentions l\u00e9gales","og_description":"laboratoire, paillasse de laboratoire, labo, lab, mobilier de labo, mobilier de laboratoire, meubles bahut, sorbonne, sidpa, servilab, sur mesure, labo sur mesure, laboratoire sur mesure, laboratoire sur mesure devis, laboratoire complet, meubles de laboratoire, \u00e9quipement de labo, \u00e9quipement de laboratoire, paillasse, meuble labo, chaise labo, paillasse scolaire, table labo, paillasse \u00e9cole, meuble laboratoire \u00e9cole, meuble labo \u00e9cole, agencement de laboratoire, agencement labo, paillasse PMR, hotte de laboratoire, hotte labo, labo le mans, le mans laboratoire,","og_url":"https:\/\/www.sidpa72.fr\/w\/mentions-legales","og_site_name":"Sidpa France","article_modified_time":"2014-07-16T14:13:48+00:00","twitter_misc":{"Dur\u00e9e de lecture estim\u00e9e":"2 minutes"},"schema":{"@context":"https:\/\/schema.org","@graph":[{"@type":"WebPage","@id":"https:\/\/www.sidpa72.fr\/w\/mentions-legales","url":"https:\/\/www.sidpa72.fr\/w\/mentions-legales","name":"Mentions l\u00e9gales","isPartOf":{"@id":"https:\/\/www.sidpa72.fr\/w\/#website"},"datePublished":"2014-06-20T12:13:09+00:00","dateModified":"2014-07-16T14:13:48+00:00","description":"laboratoire, paillasse de laboratoire, labo, lab, mobilier de labo, mobilier de laboratoire, meubles bahut, sorbonne, sidpa, servilab, sur mesure, labo sur mesure, laboratoire sur mesure, laboratoire sur mesure devis, laboratoire complet, meubles de laboratoire, \u00e9quipement de labo, \u00e9quipement de laboratoire, paillasse, meuble labo, chaise labo, paillasse scolaire, table labo, paillasse \u00e9cole, meuble laboratoire \u00e9cole, meuble labo \u00e9cole, agencement de laboratoire, agencement labo, paillasse PMR, hotte de laboratoire, hotte labo, labo le mans, le mans laboratoire,","breadcrumb":{"@id":"https:\/\/www.sidpa72.fr\/w\/mentions-legales#breadcrumb"},"inLanguage":"fr-FR","potentialAction":[{"@type":"ReadAction","target":["https:\/\/www.sidpa72.fr\/w\/mentions-legales"]}]},{"@type":"BreadcrumbList","@id":"https:\/\/www.sidpa72.fr\/w\/mentions-legales#breadcrumb","itemListElement":[{"@type":"ListItem","position":1,"name":"Home","item":"https:\/\/www.sidpa72.fr\/w"},{"@type":"ListItem","position":2,"name":"Mentions l\u00e9gales"}]},{"@type":"WebSite","@id":"https:\/\/www.sidpa72.fr\/w\/#website","url":"https:\/\/www.sidpa72.fr\/w\/","name":"Sidpa","description":"Votre mobilier de laboratoire sur-mesure","potentialAction":[{"@type":"SearchAction","target":{"@type":"EntryPoint","urlTemplate":"https:\/\/www.sidpa72.fr\/w\/?s={search_term_string}"},"query-input":{"@type":"PropertyValueSpecification","valueRequired":true,"valueName":"search_term_string"}}],"inLanguage":"fr-FR"}]}},"_links":{"self":[{"href":"https:\/\/www.sidpa72.fr\/w\/wp-json\/wp\/v2\/pages\/63","targetHints":{"allow":["GET"]}}],"collection":[{"href":"https:\/\/www.sidpa72.fr\/w\/wp-json\/wp\/v2\/pages"}],"about":[{"href":"https:\/\/www.sidpa72.fr\/w\/wp-json\/wp\/v2\/types\/page"}],"author":[{"embeddable":true,"href":"https:\/\/www.sidpa72.fr\/w\/wp-json\/wp\/v2\/users\/1"}],"replies":[{"embeddable":true,"href":"https:\/\/www.sidpa72.fr\/w\/wp-json\/wp\/v2\/comments?post=63"}],"version-history":[{"count":7,"href":"https:\/\/www.sidpa72.fr\/w\/wp-json\/wp\/v2\/pages\/63\/revisions"}],"predecessor-version":[{"id":2260,"href":"https:\/\/www.sidpa72.fr\/w\/wp-json\/wp\/v2\/pages\/63\/revisions\/2260"}],"wp:attachment":[{"href":"https:\/\/www.sidpa72.fr\/w\/wp-json\/wp\/v2\/media?parent=63"}],"curies":[{"name":"wp","href":"https:\/\/api.w.org\/{rel}","templated":true}]}}