{"id":17841,"date":"2019-12-13T10:59:55","date_gmt":"2019-12-13T09:59:55","guid":{"rendered":"https:\/\/www.sidpa72.fr\/w?post_type=product&#038;p=17841"},"modified":"2024-04-17T10:04:21","modified_gmt":"2024-04-17T09:04:21","slug":"paillasses-eleves-3","status":"publish","type":"product","link":"https:\/\/www.sidpa72.fr\/w\/produit\/paillasses-eleves-3","title":{"rendered":"Paillasse \u00e9l\u00e8ves ESCO1800"},"content":{"rendered":"<h1><span style=\"font-size: 24pt; color: #718d8e;\">Paillasses pour les \u00e9l\u00e8ves<\/span><\/h1>\n<div class=\"flex-1 overflow-hidden\">\n<div class=\"react-scroll-to-bottom--css-piqbh-79elbk h-full\">\n<div class=\"react-scroll-to-bottom--css-piqbh-1n7m0yu\">\n<div class=\"flex flex-col text-sm pb-9\">\n<div class=\"w-full text-token-text-primary\" dir=\"auto\" data-testid=\"conversation-turn-25\">\n<div class=\"px-4 py-2 justify-center text-base md:gap-6 m-auto\">\n<div class=\"flex flex-1 text-base mx-auto gap-3 juice:gap-4 juice:md:gap-6 md:px-5 lg:px-1 xl:px-5 md:max-w-3xl lg:max-w-[40rem] xl:max-w-[48rem] group final-completion\">\n<div class=\"relative flex w-full flex-col agent-turn\">\n<div class=\"flex-col gap-1 md:gap-3\">\n<div class=\"flex flex-grow flex-col max-w-full\">\n<div class=\"min-h-[20px] text-message flex flex-col items-start gap-3 whitespace-pre-wrap break-words [.text-message+&amp;]:mt-5 overflow-x-auto\" dir=\"auto\" data-message-author-role=\"assistant\" data-message-id=\"c5d454d3-cbd8-46e1-b6bf-bcf6cae6474b\">\n<div class=\"markdown prose w-full break-words dark:prose-invert light\">\n<p>Les <span style=\"color: #718d8e;\"><strong>paillasses \u00e9l\u00e8ves ESCO1800<\/strong><\/span>, visent \u00e0 renforcer l&rsquo;environnement d&rsquo;apprentissage gr\u00e2ce \u00e0 leur solidit\u00e9 et leur praticit\u00e9. Elles sont id\u00e9ales pour les \u00e9coles qui recherchent des \u00e9quipements durables et fonctionnels.<\/p>\n<\/div>\n<\/div>\n<\/div>\n<\/div>\n<\/div>\n<\/div>\n<\/div>\n<\/div>\n<\/div>\n<\/div>\n<\/div>\n<\/div>\n<h2><span style=\"font-size: 14pt;\">Qualit\u00e9 et R\u00e9sistance des Paillasses \u00c9l\u00e8ves<\/span><\/h2>\n<p>Nos <span style=\"color: #718d8e;\"><strong>paillasses \u00e9l\u00e8ves<\/strong><\/span> sont con\u00e7ues pour durer, r\u00e9sistant aux rigueurs de l&rsquo;usage quotidien et offrant une <span style=\"color: #718d8e;\"><strong>protection renforc\u00e9e contre les produits chimiques et les impacts physiques<\/strong><\/span>. Le <span style=\"color: #718d8e;\"><strong>rev\u00eatement en<\/strong><\/span> <span style=\"color: #718d8e;\"><strong>Trespa<\/strong> <\/span>garantit une longue dur\u00e9e de vie et facilite le nettoyage, r\u00e9duisant ainsi les t\u00e2ches de maintenance. Cette durabilit\u00e9 permet aux enseignants de se concentrer sur leur enseignement, offrant aux \u00e9l\u00e8ves un environnement s\u00fbr et stable. Le <span style=\"color: #718d8e;\"><strong>rev\u00eatement en verre<\/strong><\/span> offre une surface lisse et moderne, facile \u00e0 d\u00e9sinfecter, id\u00e9ale pour des d\u00e9monstrations propres et claires. Le <span style=\"color: #718d8e;\"><strong>rev\u00eatement en gr\u00e8s<\/strong><\/span>, quant \u00e0 lui, apporte une touche traditionnelle avec sa robustesse \u00e9prouv\u00e9e, parfait pour r\u00e9sister aux temp\u00e9ratures \u00e9lev\u00e9es et aux produits corrosifs.<\/p>\n<h2><span style=\"font-size: 14pt;\">Flexibilit\u00e9 pour l&rsquo;Apprentissage <\/span><\/h2>\n<p>Les <strong><span style=\"color: #718d8e;\">paillasses scolaires<\/span><\/strong> offrent une grande flexibilit\u00e9. Les <span style=\"color: #718d8e;\"><strong>mod\u00e8les mobiles<\/strong><\/span>, \u00e9quip\u00e9s de roulettes robustes, permettent aux enseignants de modifier la disposition des salles selon les besoins des cours, tandis que les <span style=\"color: #718d8e;\"><strong>mod\u00e8les fixes<\/strong><\/span> assurent une station de travail stable pour les activit\u00e9s n\u00e9cessitant pr\u00e9cision et stabilit\u00e9. Cette adaptabilit\u00e9 facilite l&rsquo;organisation des espaces d&rsquo;apprentissage, permettant de passer disposition traditionnelle \u00e0 une configuration collaborative, id\u00e9ale pour les travaux de groupe et les projets interdisciplinaires.<\/p>\n<h2><span style=\"font-size: 14pt;\">Design Adapt\u00e9 aux \u00c9l\u00e8ves<\/span><\/h2>\n<p>L&rsquo;esth\u00e9tique des paillasses \u00e9l\u00e8ves cr\u00e9e un <span style=\"color: #718d8e;\"><strong>environnement d&rsquo;apprentissage accueillant et professionnel<\/strong><\/span>. Leur design sobre et moderne s&rsquo;int\u00e8gre harmonieusement dans tous les types de salles de classe, favorisant un climat propice \u00e0 la concentration et \u00e0 la r\u00e9ussite. Disponibles en diff\u00e9rentes tailles, elles s&rsquo;ajustent \u00e0 tous les espaces.<\/p>\n<div class=\"flex-1 overflow-hidden\">\n<div class=\"react-scroll-to-bottom--css-toubd-79elbk h-full\">\n<div class=\"react-scroll-to-bottom--css-toubd-1n7m0yu\">\n<div class=\"flex flex-col text-sm pb-9\">\n<div class=\"w-full text-token-text-primary\" dir=\"auto\" data-testid=\"conversation-turn-63\">\n<div class=\"px-4 py-2 justify-center text-base md:gap-6 m-auto\">\n<div class=\"flex flex-1 text-base mx-auto gap-3 juice:gap-4 juice:md:gap-6 md:px-5 lg:px-1 xl:px-5 md:max-w-3xl lg:max-w-[40rem] xl:max-w-[48rem] group final-completion\">\n<div class=\"relative flex w-full flex-col agent-turn\">\n<div class=\"flex-col gap-1 md:gap-3\">\n<div class=\"flex flex-grow flex-col max-w-full\">\n<div class=\"min-h-[20px] text-message flex flex-col items-start gap-3 whitespace-pre-wrap break-words [.text-message+&amp;]:mt-5 overflow-x-auto\" dir=\"auto\" data-message-author-role=\"assistant\" data-message-id=\"b06657fc-4eff-4a88-a4d6-8f2abd2d148d\">\n<div class=\"markdown prose w-full break-words dark:prose-invert light\">\n<p>D\u00e9couvrez \u00e9galement notre <a href=\"https:\/\/www.sidpa72.fr\/w\/produit\/paillasses-professeurs\"><span style=\"color: #718d8e;\"><strong>paillasse professeur<\/strong><\/span><\/a>, con\u00e7ues pour r\u00e9pondre \u00e0 vos besoins sp\u00e9cifiques.<\/p>\n<\/div>\n<\/div>\n<\/div>\n<\/div>\n<\/div>\n<\/div>\n<\/div>\n<\/div>\n<\/div>\n<\/div>\n<\/div>\n<\/div>\n<div class=\"woocommerce-tabs wc-tabs-wrapper\">\n<div id=\"tab-description\" class=\"woocommerce-Tabs-panel woocommerce-Tabs-panel--description panel entry-content wc-tab\" role=\"tabpanel\" aria-labelledby=\"tab-title-description\">\n<div class=\"post-content\">\n<p>Pour toute personnalisation sp\u00e9cifique des paillasses de laboratoire, notre \u00e9quipe reste \u00e0 votre disposition. Contactez-nous ou adressez vos demandes par e-mail \u00e0 notre bureau d\u2019\u00e9tudes \u00e0 <a href=\"mailto:contact@sidpafrance.fr\">contact@sidpafrance.fr<\/a><\/p>\n<\/div>\n<\/div>\n<\/div>\n","protected":false},"excerpt":{"rendered":"<h3><span style=\"font-size: 14pt; color: #718d8e;\">Descriptif paillasses \u00e9l\u00e8ves :\u00a0<\/span><\/h3>\n<p><strong>Types de Paillasses \u00c9l\u00e8ves<\/strong> :<\/p>\n<ul style=\"list-style-type: disc;\">\n<li>Paillasses \u00e9l\u00e8ves s\u00e8ches<\/li>\n<li>Paillasses \u00e9l\u00e8ves humides<\/li>\n<li>Paillasses \u00e9l\u00e8ves humides doubles<\/li>\n<li>Paillasses \u00e9l\u00e8ves doubles s\u00e8ches<\/li>\n<\/ul>\n<p><strong>Types de Pieds<\/strong> :<\/p>\n<ul style=\"list-style-type: disc;\">\n<li>Pieds en H<\/li>\n<li>Pied en C<\/li>\n<\/ul>\n<p><strong>Rev\u00eatements Disponibles<\/strong> :<\/p>\n<ul style=\"list-style-type: disc;\">\n<li>Gr\u00e8s<\/li>\n<li>Verre<\/li>\n<li>Trespa<\/li>\n<li><a href=\"https:\/\/www.sidpa72.fr\/w\/categorie-produit\/paillasse\/revetements-de-paillasses\">Autres rev\u00eatements disponibles<\/a><\/li>\n<\/ul>\n<p><strong>Types de Cuves<\/strong> :<\/p>\n<ul style=\"list-style-type: disc;\">\n<li>Cuve PPH<\/li>\n<li>Cuve Gr\u00e8s<\/li>\n<\/ul>\n<p><strong>Dimensions disponibles<\/strong> :<\/p>\n<ul style=\"list-style-type: disc;\">\n<li>1500 x 624<\/li>\n<li>2100 x 624<\/li>\n<li>1500 x 608<\/li>\n<li>2400 x 624<\/li>\n<li>3600 x 624<\/li>\n<\/ul>\n<p>Tous les mod\u00e8les ci-dessous sont disponibles avec rev\u00eatement en gr\u00e8s, en verre ou en Trespa (autre rev\u00eatement sur demande).<br \/>\nPour avoir la r\u00e9f\u00e9rence de votre produit, remplacez le X par la lettre correspondant au rev\u00eatement souhait\u00e9.<br \/>\nGr\u00e8s : ESCO1800G Verre : ESCO1800V Trespa : ESCO1800C6<br \/>\nPar exemple : ESCO1800GPHPPMR = Paillasse \u00e9l\u00e8ves PMR humide double rev\u00eatement gr\u00e8s &#8211; Cuve en PPH &#8211; 4200 x 600 mm<\/p>\n<table style=\"width: 100%; border-collapse: collapse; border-style: solid; border-color: #718d8e; background-color: #718d8e;\">\n<tbody>\n<tr>\n<td style=\"width: 19.8805%;\"><span style=\"color: #ffffff;\">R\u00e9f\u00e9rences<\/span><\/td>\n<td style=\"width: 40.0598%;\"><span style=\"color: #ffffff;\">D\u00e9signation<\/span><\/td>\n<td style=\"width: 40.0598%;\"><span style=\"color: #ffffff;\">Longueur x Profondeur (mm)<\/span><\/td>\n<\/tr>\n<\/tbody>\n<\/table>\n<table style=\"height: 216px; width: 100%; border-collapse: collapse; border-color: #718d8e; border-style: solid;\">\n<tbody>\n<tr style=\"height: 24px;\">\n<td style=\"width: 19.8806%; height: 24px;\">ESCO1800X<\/td>\n<td style=\"width: 40.0597%; height: 24px;\">Paillasse \u00e9l\u00e8ves s\u00e8che<\/td>\n<td style=\"width: 40.0597%;\">1800 x 624<\/td>\n<\/tr>\n<tr style=\"height: 24px;\">\n<td style=\"width: 19.8806%; height: 24px;\">ESCO1800XPMR<\/td>\n<td style=\"width: 40.0597%; height: 24px;\">Paillasse \u00e9l\u00e8ves PMR s\u00e8che<\/td>\n<td style=\"width: 40.0597%;\">1800 x 624<\/td>\n<\/tr>\n<tr style=\"height: 24px;\">\n<td style=\"width: 19.8806%; height: 24px;\">ESCO1800XPHP<\/td>\n<td style=\"width: 40.0597%; height: 24px;\">Paillasse \u00e9l\u00e8ves humide &#8211; Cuve PPH<\/td>\n<td style=\"width: 40.0597%;\">2400 x 624<\/td>\n<\/tr>\n<tr style=\"height: 24px;\">\n<td style=\"width: 19.8806%; height: 24px;\">ESCO1800XPHG<\/td>\n<td style=\"width: 40.0597%; height: 24px;\">Paillasse \u00e9l\u00e8ves humide &#8211; Cuve Gr\u00e8s<\/td>\n<td style=\"width: 40.0597%;\">2400 x 624<\/td>\n<\/tr>\n<tr style=\"height: 24px;\">\n<td style=\"width: 19.8806%; height: 24px;\">ESCO1800XPHPPMR<\/td>\n<td style=\"width: 40.0597%; height: 24px;\">Paillasse \u00e9l\u00e8ves PMR humide &#8211; Cuve PPH<\/td>\n<td style=\"width: 40.0597%;\">2400 x 624<\/td>\n<\/tr>\n<tr style=\"height: 24px;\">\n<td style=\"width: 19.8806%; height: 24px;\">ESCO1800XHM<\/td>\n<td style=\"width: 40.0597%; height: 24px;\">Paillasse \u00e9l\u00e8ves mobile &#8211; Pieds en H<\/td>\n<td style=\"width: 40.0597%;\">1800 x 608<\/td>\n<\/tr>\n<tr style=\"height: 24px;\">\n<td style=\"width: 19.8806%; height: 24px;\">ESCO1800XCM<\/td>\n<td style=\"width: 40.0597%; height: 24px;\">Paillasse \u00e9l\u00e8ves mobile &#8211; Pieds en C<\/td>\n<td style=\"width: 40.0597%;\">1800 x 608<\/td>\n<\/tr>\n<tr style=\"height: 24px;\">\n<td style=\"width: 19.8806%; height: 24px;\">ESCO2x1800X<\/td>\n<td style=\"width: 40.0597%; height: 24px;\">Paillasse \u00e9l\u00e8ves s\u00e8che double<\/td>\n<td style=\"width: 40.0597%;\">3600 x 624<\/td>\n<\/tr>\n<tr style=\"height: 24px;\">\n<td style=\"width: 19.8806%; height: 24px;\">ESCO2x1800XPHP<\/td>\n<td style=\"width: 40.0597%; height: 24px;\">Paillasse \u00e9l\u00e8ves humide double &#8211; Cuve en PPH<\/td>\n<td style=\"width: 40.0597%;\">4200 x 624<\/td>\n<\/tr>\n<tr>\n<td style=\"width: 19.8806%;\">ESCO2x1800XPHG<\/td>\n<td style=\"width: 40.0597%;\">Paillasse \u00e9l\u00e8ves humide double &#8211; Cuve en Gr\u00e8s<\/td>\n<td style=\"width: 40.0597%;\">4200 x 624<\/td>\n<\/tr>\n<tr>\n<td style=\"width: 19.8806%;\">ESCO2x1800XPHPPMR<\/td>\n<td style=\"width: 40.0597%;\">Paillasse \u00e9l\u00e8ves PMR humide double &#8211; Cuve en PPH<\/td>\n<td style=\"width: 40.0597%;\">4200 x 624<\/td>\n<\/tr>\n<\/tbody>\n<\/table>\n<p>&nbsp;<\/p>\n","protected":false},"featured_media":17125,"template":"","meta":[],"product_brand":[],"product_cat":[18],"product_tag":[],"class_list":{"0":"post-17841","1":"product","2":"type-product","3":"status-publish","4":"has-post-thumbnail","6":"product_cat-paillasses-scolaires","8":"first","9":"instock","10":"shipping-taxable","11":"product-type-simple"},"yoast_head":"<!-- This site is optimized with the Yoast SEO plugin v27.2 - https:\/\/yoast.com\/product\/yoast-seo-wordpress\/ -->\n<title>Paillasses \u00e9l\u00e8ves | Paillasses scolaires de Laboratoire | Sidpa France<\/title>\n<meta name=\"description\" content=\"Les paillasses \u00e9l\u00e8ves : un terrain fertile pour cultiver la curiosit\u00e9 et l&#039;ing\u00e9niosit\u00e9. Contactez-nous pour des options de personnalisation.\" \/>\n<meta name=\"robots\" content=\"index, follow, max-snippet:-1, max-image-preview:large, max-video-preview:-1\" \/>\n<link rel=\"canonical\" href=\"https:\/\/www.sidpa72.fr\/w\/produit\/paillasses-eleves-3\" \/>\n<meta property=\"og:locale\" content=\"fr_FR\" \/>\n<meta property=\"og:type\" content=\"article\" \/>\n<meta property=\"og:title\" content=\"Paillasses \u00e9l\u00e8ves | Paillasses scolaires de Laboratoire | Sidpa France\" \/>\n<meta property=\"og:description\" content=\"Les paillasses \u00e9l\u00e8ves : un terrain fertile pour cultiver la curiosit\u00e9 et l&#039;ing\u00e9niosit\u00e9. Contactez-nous pour des options de personnalisation.\" \/>\n<meta property=\"og:url\" content=\"https:\/\/www.sidpa72.fr\/w\/produit\/paillasses-eleves-3\" \/>\n<meta property=\"og:site_name\" content=\"Sidpa France\" \/>\n<meta property=\"article:modified_time\" content=\"2024-04-17T09:04:21+00:00\" \/>\n<meta property=\"og:image\" content=\"https:\/\/www.sidpa72.fr\/w\/wp-content\/uploads\/2014\/07\/plot2.jpg\" \/>\n\t<meta property=\"og:image:width\" content=\"600\" \/>\n\t<meta property=\"og:image:height\" content=\"600\" \/>\n\t<meta property=\"og:image:type\" content=\"image\/jpeg\" \/>\n<meta name=\"twitter:label1\" content=\"Dur\u00e9e de lecture estim\u00e9e\" \/>\n\t<meta name=\"twitter:data1\" content=\"2 minutes\" \/>\n<script type=\"application\/ld+json\" class=\"yoast-schema-graph\">{\"@context\":\"https:\/\/schema.org\",\"@graph\":[{\"@type\":\"WebPage\",\"@id\":\"https:\/\/www.sidpa72.fr\/w\/produit\/paillasses-eleves-3\",\"url\":\"https:\/\/www.sidpa72.fr\/w\/produit\/paillasses-eleves-3\",\"name\":\"Paillasses \u00e9l\u00e8ves | Paillasses scolaires de Laboratoire | Sidpa France\",\"isPartOf\":{\"@id\":\"https:\/\/www.sidpa72.fr\/w\/#website\"},\"primaryImageOfPage\":{\"@id\":\"https:\/\/www.sidpa72.fr\/w\/produit\/paillasses-eleves-3#primaryimage\"},\"image\":{\"@id\":\"https:\/\/www.sidpa72.fr\/w\/produit\/paillasses-eleves-3#primaryimage\"},\"thumbnailUrl\":\"https:\/\/www.sidpa72.fr\/w\/wp-content\/uploads\/2014\/07\/plot2.jpg\",\"datePublished\":\"2019-12-13T09:59:55+00:00\",\"dateModified\":\"2024-04-17T09:04:21+00:00\",\"description\":\"Les paillasses \u00e9l\u00e8ves : un terrain fertile pour cultiver la curiosit\u00e9 et l'ing\u00e9niosit\u00e9. Contactez-nous pour des options de personnalisation.\",\"breadcrumb\":{\"@id\":\"https:\/\/www.sidpa72.fr\/w\/produit\/paillasses-eleves-3#breadcrumb\"},\"inLanguage\":\"fr-FR\",\"potentialAction\":[{\"@type\":\"ReadAction\",\"target\":[\"https:\/\/www.sidpa72.fr\/w\/produit\/paillasses-eleves-3\"]}]},{\"@type\":\"ImageObject\",\"inLanguage\":\"fr-FR\",\"@id\":\"https:\/\/www.sidpa72.fr\/w\/produit\/paillasses-eleves-3#primaryimage\",\"url\":\"https:\/\/www.sidpa72.fr\/w\/wp-content\/uploads\/2014\/07\/plot2.jpg\",\"contentUrl\":\"https:\/\/www.sidpa72.fr\/w\/wp-content\/uploads\/2014\/07\/plot2.jpg\",\"width\":600,\"height\":600},{\"@type\":\"BreadcrumbList\",\"@id\":\"https:\/\/www.sidpa72.fr\/w\/produit\/paillasses-eleves-3#breadcrumb\",\"itemListElement\":[{\"@type\":\"ListItem\",\"position\":1,\"name\":\"Home\",\"item\":\"https:\/\/www.sidpa72.fr\/w\"},{\"@type\":\"ListItem\",\"position\":2,\"name\":\"Produits\",\"item\":\"https:\/\/www.sidpa72.fr\/w\/produits\"},{\"@type\":\"ListItem\",\"position\":3,\"name\":\"Paillasse \u00e9l\u00e8ves ESCO1800\"}]},{\"@type\":\"WebSite\",\"@id\":\"https:\/\/www.sidpa72.fr\/w\/#website\",\"url\":\"https:\/\/www.sidpa72.fr\/w\/\",\"name\":\"Sidpa\",\"description\":\"Votre mobilier de laboratoire sur-mesure\",\"potentialAction\":[{\"@type\":\"SearchAction\",\"target\":{\"@type\":\"EntryPoint\",\"urlTemplate\":\"https:\/\/www.sidpa72.fr\/w\/?s={search_term_string}\"},\"query-input\":{\"@type\":\"PropertyValueSpecification\",\"valueRequired\":true,\"valueName\":\"search_term_string\"}}],\"inLanguage\":\"fr-FR\"}]}<\/script>\n<!-- \/ Yoast SEO plugin. -->","yoast_head_json":{"title":"Paillasses \u00e9l\u00e8ves | Paillasses scolaires de Laboratoire | Sidpa France","description":"Les paillasses \u00e9l\u00e8ves : un terrain fertile pour cultiver la curiosit\u00e9 et l'ing\u00e9niosit\u00e9. Contactez-nous pour des options de personnalisation.","robots":{"index":"index","follow":"follow","max-snippet":"max-snippet:-1","max-image-preview":"max-image-preview:large","max-video-preview":"max-video-preview:-1"},"canonical":"https:\/\/www.sidpa72.fr\/w\/produit\/paillasses-eleves-3","og_locale":"fr_FR","og_type":"article","og_title":"Paillasses \u00e9l\u00e8ves | Paillasses scolaires de Laboratoire | Sidpa France","og_description":"Les paillasses \u00e9l\u00e8ves : un terrain fertile pour cultiver la curiosit\u00e9 et l'ing\u00e9niosit\u00e9. Contactez-nous pour des options de personnalisation.","og_url":"https:\/\/www.sidpa72.fr\/w\/produit\/paillasses-eleves-3","og_site_name":"Sidpa France","article_modified_time":"2024-04-17T09:04:21+00:00","og_image":[{"width":600,"height":600,"url":"https:\/\/www.sidpa72.fr\/w\/wp-content\/uploads\/2014\/07\/plot2.jpg","type":"image\/jpeg"}],"twitter_misc":{"Dur\u00e9e de lecture estim\u00e9e":"2 minutes"},"schema":{"@context":"https:\/\/schema.org","@graph":[{"@type":"WebPage","@id":"https:\/\/www.sidpa72.fr\/w\/produit\/paillasses-eleves-3","url":"https:\/\/www.sidpa72.fr\/w\/produit\/paillasses-eleves-3","name":"Paillasses \u00e9l\u00e8ves | Paillasses scolaires de Laboratoire | Sidpa France","isPartOf":{"@id":"https:\/\/www.sidpa72.fr\/w\/#website"},"primaryImageOfPage":{"@id":"https:\/\/www.sidpa72.fr\/w\/produit\/paillasses-eleves-3#primaryimage"},"image":{"@id":"https:\/\/www.sidpa72.fr\/w\/produit\/paillasses-eleves-3#primaryimage"},"thumbnailUrl":"https:\/\/www.sidpa72.fr\/w\/wp-content\/uploads\/2014\/07\/plot2.jpg","datePublished":"2019-12-13T09:59:55+00:00","dateModified":"2024-04-17T09:04:21+00:00","description":"Les paillasses \u00e9l\u00e8ves : un terrain fertile pour cultiver la curiosit\u00e9 et l'ing\u00e9niosit\u00e9. Contactez-nous pour des options de personnalisation.","breadcrumb":{"@id":"https:\/\/www.sidpa72.fr\/w\/produit\/paillasses-eleves-3#breadcrumb"},"inLanguage":"fr-FR","potentialAction":[{"@type":"ReadAction","target":["https:\/\/www.sidpa72.fr\/w\/produit\/paillasses-eleves-3"]}]},{"@type":"ImageObject","inLanguage":"fr-FR","@id":"https:\/\/www.sidpa72.fr\/w\/produit\/paillasses-eleves-3#primaryimage","url":"https:\/\/www.sidpa72.fr\/w\/wp-content\/uploads\/2014\/07\/plot2.jpg","contentUrl":"https:\/\/www.sidpa72.fr\/w\/wp-content\/uploads\/2014\/07\/plot2.jpg","width":600,"height":600},{"@type":"BreadcrumbList","@id":"https:\/\/www.sidpa72.fr\/w\/produit\/paillasses-eleves-3#breadcrumb","itemListElement":[{"@type":"ListItem","position":1,"name":"Home","item":"https:\/\/www.sidpa72.fr\/w"},{"@type":"ListItem","position":2,"name":"Produits","item":"https:\/\/www.sidpa72.fr\/w\/produits"},{"@type":"ListItem","position":3,"name":"Paillasse \u00e9l\u00e8ves ESCO1800"}]},{"@type":"WebSite","@id":"https:\/\/www.sidpa72.fr\/w\/#website","url":"https:\/\/www.sidpa72.fr\/w\/","name":"Sidpa","description":"Votre mobilier de laboratoire sur-mesure","potentialAction":[{"@type":"SearchAction","target":{"@type":"EntryPoint","urlTemplate":"https:\/\/www.sidpa72.fr\/w\/?s={search_term_string}"},"query-input":{"@type":"PropertyValueSpecification","valueRequired":true,"valueName":"search_term_string"}}],"inLanguage":"fr-FR"}]}},"_links":{"self":[{"href":"https:\/\/www.sidpa72.fr\/w\/wp-json\/wp\/v2\/product\/17841","targetHints":{"allow":["GET"]}}],"collection":[{"href":"https:\/\/www.sidpa72.fr\/w\/wp-json\/wp\/v2\/product"}],"about":[{"href":"https:\/\/www.sidpa72.fr\/w\/wp-json\/wp\/v2\/types\/product"}],"wp:featuredmedia":[{"embeddable":true,"href":"https:\/\/www.sidpa72.fr\/w\/wp-json\/wp\/v2\/media\/17125"}],"wp:attachment":[{"href":"https:\/\/www.sidpa72.fr\/w\/wp-json\/wp\/v2\/media?parent=17841"}],"wp:term":[{"taxonomy":"product_brand","embeddable":true,"href":"https:\/\/www.sidpa72.fr\/w\/wp-json\/wp\/v2\/product_brand?post=17841"},{"taxonomy":"product_cat","embeddable":true,"href":"https:\/\/www.sidpa72.fr\/w\/wp-json\/wp\/v2\/product_cat?post=17841"},{"taxonomy":"product_tag","embeddable":true,"href":"https:\/\/www.sidpa72.fr\/w\/wp-json\/wp\/v2\/product_tag?post=17841"}],"curies":[{"name":"wp","href":"https:\/\/api.w.org\/{rel}","templated":true}]}}