{"id":18737,"date":"2020-05-17T16:49:59","date_gmt":"2020-05-17T15:49:59","guid":{"rendered":"https:\/\/www.sidpa72.fr\/w?post_type=product&#038;p=18737"},"modified":"2020-05-17T17:21:31","modified_gmt":"2020-05-17T16:21:31","slug":"cloison-amovible-en-pmma-translucide-8mm-coins-arrondis","status":"publish","type":"product","link":"https:\/\/www.sidpa72.fr\/w\/produit\/cloison-amovible-en-pmma-translucide-8mm-coins-arrondis","title":{"rendered":"Cloison amovible en PMMA translucide 8mm, coins arrondis"},"content":{"rendered":"\n<table id=\"tablepress-49\" class=\"tablepress tablepress-id-49\">\n<thead>\n<tr class=\"row-1\">\n\t<th class=\"column-1\">R\u00e9f\u00e9rence<\/th><th class=\"column-2\">L x H (mm)<\/th><th class=\"column-3\">Prix HT<\/th>\n<\/tr>\n<\/thead>\n<tbody class=\"row-striping row-hover\">\n<tr class=\"row-2\">\n\t<td class=\"column-1\">CL6060PM<br \/>\n<\/td><td class=\"column-2\">600 x 670<\/td><td class=\"column-3\">88.00 \u20ac<\/td>\n<\/tr>\n<tr class=\"row-3\">\n\t<td class=\"column-1\">CL7460PM<br \/>\n<\/td><td class=\"column-2\">740 x 670<\/td><td class=\"column-3\">97.00 \u20ac<\/td>\n<\/tr>\n<tr class=\"row-4\">\n\t<td class=\"column-1\">CL8060PM\t<br \/>\n<\/td><td class=\"column-2\">800 x 670<\/td><td class=\"column-3\">102.00 \u20ac<\/td>\n<\/tr>\n<\/tbody>\n<\/table>\n<!-- #tablepress-49 from cache -->\n","protected":false},"excerpt":{"rendered":"<p>Cloison amovible en PMMA translucide 8mm, coins arrondis &#8211; <br \/>\nD\u00e9lai 10 jours (\u00e0 partir du 22\/06\/2020)<\/p>\n<p><strong>Option : D\u00e9coupe passe &#8211; documents : 4\u20acHT \/ cloison<\/strong><\/p>\n","protected":false},"featured_media":0,"template":"","meta":[],"product_brand":[],"product_cat":[],"product_tag":[],"class_list":{"0":"post-18737","1":"product","2":"type-product","3":"status-publish","6":"first","7":"instock","8":"shipping-taxable","9":"product-type-simple"},"yoast_head":"<!-- This site is optimized with the Yoast SEO plugin v27.2 - https:\/\/yoast.com\/product\/yoast-seo-wordpress\/ -->\n<title>Cloison amovible en PMMA translucide 8mm, coins arrondis | Sidpa France<\/title>\n<meta name=\"description\" content=\"laboratoire, paillasse de laboratoire, labo, lab, mobilier de labo, mobilier de laboratoire, meubles bahut, sorbonne, sidpa, servilab, sur mesure, labo sur mesure, laboratoire sur mesure, laboratoire sur mesure devis, laboratoire complet, meubles de laboratoire, \u00e9quipement de labo, \u00e9quipement de laboratoire, paillasse, meuble labo, chaise labo, paillasse scolaire, table labo, paillasse \u00e9cole, meuble laboratoire \u00e9cole, meuble labo \u00e9cole, agencement de laboratoire, agencement labo, paillasse PMR, hotte de laboratoire, hotte labo,\" \/>\n<meta name=\"robots\" content=\"index, follow, max-snippet:-1, max-image-preview:large, max-video-preview:-1\" \/>\n<link rel=\"canonical\" href=\"https:\/\/www.sidpa72.fr\/w\/produit\/cloison-amovible-en-pmma-translucide-8mm-coins-arrondis\" \/>\n<meta property=\"og:locale\" content=\"fr_FR\" \/>\n<meta property=\"og:type\" content=\"article\" \/>\n<meta property=\"og:title\" content=\"Cloison amovible en PMMA translucide 8mm, coins arrondis | Sidpa France\" \/>\n<meta property=\"og:description\" content=\"laboratoire, paillasse de laboratoire, labo, lab, mobilier de labo, mobilier de laboratoire, meubles bahut, sorbonne, sidpa, servilab, sur mesure, labo sur mesure, laboratoire sur mesure, laboratoire sur mesure devis, laboratoire complet, meubles de laboratoire, \u00e9quipement de labo, \u00e9quipement de laboratoire, paillasse, meuble labo, chaise labo, paillasse scolaire, table labo, paillasse \u00e9cole, meuble laboratoire \u00e9cole, meuble labo \u00e9cole, agencement de laboratoire, agencement labo, paillasse PMR, hotte de laboratoire, hotte labo,\" \/>\n<meta property=\"og:url\" content=\"https:\/\/www.sidpa72.fr\/w\/produit\/cloison-amovible-en-pmma-translucide-8mm-coins-arrondis\" \/>\n<meta property=\"og:site_name\" content=\"Sidpa France\" \/>\n<meta property=\"article:modified_time\" content=\"2020-05-17T16:21:31+00:00\" \/>\n<script type=\"application\/ld+json\" class=\"yoast-schema-graph\">{\"@context\":\"https:\/\/schema.org\",\"@graph\":[{\"@type\":\"WebPage\",\"@id\":\"https:\/\/www.sidpa72.fr\/w\/produit\/cloison-amovible-en-pmma-translucide-8mm-coins-arrondis\",\"url\":\"https:\/\/www.sidpa72.fr\/w\/produit\/cloison-amovible-en-pmma-translucide-8mm-coins-arrondis\",\"name\":\"Cloison amovible en PMMA translucide 8mm, coins arrondis | Sidpa France\",\"isPartOf\":{\"@id\":\"https:\/\/www.sidpa72.fr\/w\/#website\"},\"datePublished\":\"2020-05-17T15:49:59+00:00\",\"dateModified\":\"2020-05-17T16:21:31+00:00\",\"description\":\"laboratoire, paillasse de laboratoire, labo, lab, mobilier de labo, mobilier de laboratoire, meubles bahut, sorbonne, sidpa, servilab, sur mesure, labo sur mesure, laboratoire sur mesure, laboratoire sur mesure devis, laboratoire complet, meubles de laboratoire, \u00e9quipement de labo, \u00e9quipement de laboratoire, paillasse, meuble labo, chaise labo, paillasse scolaire, table labo, paillasse \u00e9cole, meuble laboratoire \u00e9cole, meuble labo \u00e9cole, agencement de laboratoire, agencement labo, paillasse PMR, hotte de laboratoire, hotte labo,\",\"breadcrumb\":{\"@id\":\"https:\/\/www.sidpa72.fr\/w\/produit\/cloison-amovible-en-pmma-translucide-8mm-coins-arrondis#breadcrumb\"},\"inLanguage\":\"fr-FR\",\"potentialAction\":[{\"@type\":\"ReadAction\",\"target\":[\"https:\/\/www.sidpa72.fr\/w\/produit\/cloison-amovible-en-pmma-translucide-8mm-coins-arrondis\"]}]},{\"@type\":\"BreadcrumbList\",\"@id\":\"https:\/\/www.sidpa72.fr\/w\/produit\/cloison-amovible-en-pmma-translucide-8mm-coins-arrondis#breadcrumb\",\"itemListElement\":[{\"@type\":\"ListItem\",\"position\":1,\"name\":\"Home\",\"item\":\"https:\/\/www.sidpa72.fr\/w\"},{\"@type\":\"ListItem\",\"position\":2,\"name\":\"Produits\",\"item\":\"https:\/\/www.sidpa72.fr\/w\/produits\"},{\"@type\":\"ListItem\",\"position\":3,\"name\":\"Cloison amovible en PMMA translucide 8mm, coins arrondis\"}]},{\"@type\":\"WebSite\",\"@id\":\"https:\/\/www.sidpa72.fr\/w\/#website\",\"url\":\"https:\/\/www.sidpa72.fr\/w\/\",\"name\":\"Sidpa\",\"description\":\"Votre mobilier de laboratoire sur-mesure\",\"potentialAction\":[{\"@type\":\"SearchAction\",\"target\":{\"@type\":\"EntryPoint\",\"urlTemplate\":\"https:\/\/www.sidpa72.fr\/w\/?s={search_term_string}\"},\"query-input\":{\"@type\":\"PropertyValueSpecification\",\"valueRequired\":true,\"valueName\":\"search_term_string\"}}],\"inLanguage\":\"fr-FR\"}]}<\/script>\n<!-- \/ Yoast SEO plugin. -->","yoast_head_json":{"title":"Cloison amovible en PMMA translucide 8mm, coins arrondis | Sidpa France","description":"laboratoire, paillasse de laboratoire, labo, lab, mobilier de labo, mobilier de laboratoire, meubles bahut, sorbonne, sidpa, servilab, sur mesure, labo sur mesure, laboratoire sur mesure, laboratoire sur mesure devis, laboratoire complet, meubles de laboratoire, \u00e9quipement de labo, \u00e9quipement de laboratoire, paillasse, meuble labo, chaise labo, paillasse scolaire, table labo, paillasse \u00e9cole, meuble laboratoire \u00e9cole, meuble labo \u00e9cole, agencement de laboratoire, agencement labo, paillasse PMR, hotte de laboratoire, hotte labo,","robots":{"index":"index","follow":"follow","max-snippet":"max-snippet:-1","max-image-preview":"max-image-preview:large","max-video-preview":"max-video-preview:-1"},"canonical":"https:\/\/www.sidpa72.fr\/w\/produit\/cloison-amovible-en-pmma-translucide-8mm-coins-arrondis","og_locale":"fr_FR","og_type":"article","og_title":"Cloison amovible en PMMA translucide 8mm, coins arrondis | Sidpa France","og_description":"laboratoire, paillasse de laboratoire, labo, lab, mobilier de labo, mobilier de laboratoire, meubles bahut, sorbonne, sidpa, servilab, sur mesure, labo sur mesure, laboratoire sur mesure, laboratoire sur mesure devis, laboratoire complet, meubles de laboratoire, \u00e9quipement de labo, \u00e9quipement de laboratoire, paillasse, meuble labo, chaise labo, paillasse scolaire, table labo, paillasse \u00e9cole, meuble laboratoire \u00e9cole, meuble labo \u00e9cole, agencement de laboratoire, agencement labo, paillasse PMR, hotte de laboratoire, hotte labo,","og_url":"https:\/\/www.sidpa72.fr\/w\/produit\/cloison-amovible-en-pmma-translucide-8mm-coins-arrondis","og_site_name":"Sidpa France","article_modified_time":"2020-05-17T16:21:31+00:00","schema":{"@context":"https:\/\/schema.org","@graph":[{"@type":"WebPage","@id":"https:\/\/www.sidpa72.fr\/w\/produit\/cloison-amovible-en-pmma-translucide-8mm-coins-arrondis","url":"https:\/\/www.sidpa72.fr\/w\/produit\/cloison-amovible-en-pmma-translucide-8mm-coins-arrondis","name":"Cloison amovible en PMMA translucide 8mm, coins arrondis | Sidpa France","isPartOf":{"@id":"https:\/\/www.sidpa72.fr\/w\/#website"},"datePublished":"2020-05-17T15:49:59+00:00","dateModified":"2020-05-17T16:21:31+00:00","description":"laboratoire, paillasse de laboratoire, labo, lab, mobilier de labo, mobilier de laboratoire, meubles bahut, sorbonne, sidpa, servilab, sur mesure, labo sur mesure, laboratoire sur mesure, laboratoire sur mesure devis, laboratoire complet, meubles de laboratoire, \u00e9quipement de labo, \u00e9quipement de laboratoire, paillasse, meuble labo, chaise labo, paillasse scolaire, table labo, paillasse \u00e9cole, meuble laboratoire \u00e9cole, meuble labo \u00e9cole, agencement de laboratoire, agencement labo, paillasse PMR, hotte de laboratoire, hotte labo,","breadcrumb":{"@id":"https:\/\/www.sidpa72.fr\/w\/produit\/cloison-amovible-en-pmma-translucide-8mm-coins-arrondis#breadcrumb"},"inLanguage":"fr-FR","potentialAction":[{"@type":"ReadAction","target":["https:\/\/www.sidpa72.fr\/w\/produit\/cloison-amovible-en-pmma-translucide-8mm-coins-arrondis"]}]},{"@type":"BreadcrumbList","@id":"https:\/\/www.sidpa72.fr\/w\/produit\/cloison-amovible-en-pmma-translucide-8mm-coins-arrondis#breadcrumb","itemListElement":[{"@type":"ListItem","position":1,"name":"Home","item":"https:\/\/www.sidpa72.fr\/w"},{"@type":"ListItem","position":2,"name":"Produits","item":"https:\/\/www.sidpa72.fr\/w\/produits"},{"@type":"ListItem","position":3,"name":"Cloison amovible en PMMA translucide 8mm, coins arrondis"}]},{"@type":"WebSite","@id":"https:\/\/www.sidpa72.fr\/w\/#website","url":"https:\/\/www.sidpa72.fr\/w\/","name":"Sidpa","description":"Votre mobilier de laboratoire sur-mesure","potentialAction":[{"@type":"SearchAction","target":{"@type":"EntryPoint","urlTemplate":"https:\/\/www.sidpa72.fr\/w\/?s={search_term_string}"},"query-input":{"@type":"PropertyValueSpecification","valueRequired":true,"valueName":"search_term_string"}}],"inLanguage":"fr-FR"}]}},"_links":{"self":[{"href":"https:\/\/www.sidpa72.fr\/w\/wp-json\/wp\/v2\/product\/18737","targetHints":{"allow":["GET"]}}],"collection":[{"href":"https:\/\/www.sidpa72.fr\/w\/wp-json\/wp\/v2\/product"}],"about":[{"href":"https:\/\/www.sidpa72.fr\/w\/wp-json\/wp\/v2\/types\/product"}],"wp:attachment":[{"href":"https:\/\/www.sidpa72.fr\/w\/wp-json\/wp\/v2\/media?parent=18737"}],"wp:term":[{"taxonomy":"product_brand","embeddable":true,"href":"https:\/\/www.sidpa72.fr\/w\/wp-json\/wp\/v2\/product_brand?post=18737"},{"taxonomy":"product_cat","embeddable":true,"href":"https:\/\/www.sidpa72.fr\/w\/wp-json\/wp\/v2\/product_cat?post=18737"},{"taxonomy":"product_tag","embeddable":true,"href":"https:\/\/www.sidpa72.fr\/w\/wp-json\/wp\/v2\/product_tag?post=18737"}],"curies":[{"name":"wp","href":"https:\/\/api.w.org\/{rel}","templated":true}]}}