{"id":22165,"date":"2024-01-12T13:41:04","date_gmt":"2024-01-12T12:41:04","guid":{"rendered":"https:\/\/www.sidpa72.fr\/w?post_type=product&#038;p=22165"},"modified":"2024-04-17T09:50:36","modified_gmt":"2024-04-17T08:50:36","slug":"meuble-mixte-3-tiroirs-1-porte","status":"publish","type":"product","link":"https:\/\/www.sidpa72.fr\/w\/produit\/meuble-mixte-3-tiroirs-1-porte","title":{"rendered":"Meuble mixte 3 tiroirs + 1 porte"},"content":{"rendered":"<h1><span style=\"color: #93a187; font-size: 24pt;\">Meuble Mixte 3 tiroirs + 1 porte\u00a0pour Laboratoire et Professionnels<\/span><\/h1>\n<h2><span style=\"font-size: 14pt; color: #333333;\">Une Gamme Compl\u00e8te de Meubles Sous Paillasse pour Votre Laboratoire<\/span><\/h2>\n<p>Notre collection de\u00a0<span style=\"color: #93a187;\"><strong>meubles de laboratoire<\/strong><\/span> est con\u00e7ue pour optimiser votre espace de travail professionnel. Nos <span style=\"color: #93a187;\"><strong>meubles sous paillasses<\/strong><\/span> en agglom\u00e9r\u00e9 m\u00e9lamin\u00e9 blanc 19 mm CTBH hydrofuge, garantissent durabilit\u00e9 et fonctionnalit\u00e9 optimales.\u00a0Afin d\u2019optimiser encore davantage votre espace de travail professionnel, nous vous pr\u00e9sentons \u00e9galement notre s\u00e9lection de <span style=\"color: #93a187;\"><strong>\u00ab\u00a0<\/strong><strong>Meuble mixte 3 tiroirs + 1 porte\u00a0\u00bb<\/strong><\/span>. De plus, notre gamme vari\u00e9e offre la possibilit\u00e9 de personnaliser votre espace de travail en fonction de vos exigences particuli\u00e8res.<\/p>\n<h2><span style=\"font-size: 14pt; color: #333333;\">Meuble Mixte 3 tiroirs + 1 porte : Fonctionnalit\u00e9 et Adaptabilit\u00e9<\/span><\/h2>\n<h3><span style=\"color: #333333;\"><span style=\"font-size: 12pt;\">Caract\u00e9ristiques Principales du Meuble 3 tiroirs + 1 porte :<\/span><\/span><\/h3>\n<ul style=\"list-style-type: disc;\">\n<li><span style=\"color: #333333;\"><span style=\"color: #93a187;\"><strong>Dimensions :<\/strong><\/span> Profondeur de 473 mm, Hauteur de 708 mm<\/span><\/li>\n<li><span style=\"color: #333333;\"><span style=\"color: #93a187;\"><strong>3 Longueurs Disponibles :<\/strong><\/span> 892 mm, 1042 mm, 1192 mm<\/span><\/li>\n<li><span style=\"color: #93a187;\"><strong>Options de Poign\u00e9e :<\/strong><\/span>\n<ul>\n<li style=\"list-style-type: none;\">\n<ul>\n<li style=\"list-style-type: none;\">\n<ul>\n<li style=\"list-style-type: none;\">\n<ul style=\"list-style-type: disc;\">\n<li><span style=\"color: #333333;\">Poign\u00e9e Standard : Courbe, PVC blanc<\/span><\/li>\n<li><span style=\"color: #333333;\">Poign\u00e9e en Option : Boutons en Normbau \u00d8 32 mm | Poign\u00e9e profil blanc ou gris clair | Fil, PVC blanc ou gris | Courbe Inox<\/span><\/li>\n<\/ul>\n<\/li>\n<\/ul>\n<\/li>\n<\/ul>\n<\/li>\n<\/ul>\n<\/li>\n<li><span style=\"color: #93a187;\"><strong>Portes :<\/strong><\/span> Portes avec charni\u00e8res 110\u00b0 amortissantes avec \u00e9tag\u00e8res r\u00e9glables<\/li>\n<li><span style=\"color: #333333;\"><span style=\"color: #93a187;\"><strong>Mobilit\u00e9 Pratique :<\/strong><\/span> \u00c9qu<\/span>ip\u00e9 de roulettes, dont 2 avec freins, d&rsquo;un diam\u00e8tre de 80 mm<\/li>\n<\/ul>\n<h3><span style=\"color: #333333;\"><span style=\"font-size: 12pt;\">Tiroirs :<\/span><\/span><\/h3>\n<ul>\n<li><span style=\"color: #93a187;\"><strong>Tiroirs avec coulisses m\u00e9talliques \u00e0 galets<\/strong><\/span><\/li>\n<li><span style=\"color: #93a187;\"><strong>Tiroirs avec coulisses \u00e0 sortie totale amortissantes double paroi alu-laqu\u00e9<\/strong><\/span><\/li>\n<li><span style=\"color: #93a187;\"><strong>3 Tiroirs :<\/strong><\/span> Possibilit\u00e9 d&rsquo;avoir 3 tiroirs de la m\u00eame taille, \u00e0 pr\u00e9ciser \u00e0 la commande<\/li>\n<\/ul>\n<h3><span style=\"color: #333333;\"><span style=\"font-size: 12pt;\">Finition et Personnalisation du meuble sous paillasse :<\/span><\/span><\/h3>\n<ul>\n<li><span style=\"color: #333333;\"><span style=\"color: #93a187;\"><strong>Chant PVC 2mm :<\/strong><\/span> Sur les <span style=\"font-weight: 400;\">portes, tiroirs et nez de meuble <\/span><\/span><\/li>\n<li><span style=\"color: #333333;\"><span style=\"color: #93a187;\"><strong>Finition Vari\u00e9e :<\/strong><\/span> Cho<\/span>isissez entre le m\u00e9lamin\u00e9 de diff\u00e9rentes couleurs ou le stratifi\u00e9 sur demande<\/li>\n<\/ul>\n<h3><span style=\"font-size: 12pt; color: #333333;\">Une Modularit\u00e9 des Meuble Laboratoire Adapt\u00e9e \u00e0 Vos Besoins<\/span><\/h3>\n<p>Nos meubles sont con\u00e7us pour s&rsquo;adapter parfaitement \u00e0 la configuration de votre laboratoire, offrant une modularit\u00e9 exceptionnelle. Que vous ayez besoin de ranger des fournitures, des outils ou des documents, notre <span style=\"color: #93a187;\"><b>meuble <\/b><\/span>offre une solution polyvalente et pratique.<br \/>\nB\u00e9n\u00e9ficiez de la qualit\u00e9, durabilit\u00e9 et flexibilit\u00e9 de nos <span style=\"color: #93a187;\"><strong>meubles de laboratoire<\/strong><\/span> pour optimiser votre espace de travail. Optez pour la fonctionnalit\u00e9 sans compromis, <span style=\"color: #93a187;\"><strong>am\u00e9nagez votre laboratoire avec des meubles<\/strong><\/span> qui r\u00e9pondent \u00e0 vos exigences les plus \u00e9lev\u00e9es.<\/p>\n<p>&nbsp;<\/p>\n<p>Diversifiez vos options en explorant nos diff\u00e9rentes variantes de Meubles Sous Paillasses, disponibles en <a href=\"https:\/\/www.sidpa72.fr\/w\/categorie-produit\/mobilier\/meubles-sous-paillasses\"><span style=\"color: #93a187;\"><strong>cliquant ici<\/strong><\/span><\/a>, pour r\u00e9pondre aux divers besoins de votre environnement professionnel.<\/p>\n","protected":false},"excerpt":{"rendered":"<p><span style=\"font-weight: 400;\">D\u00e9couvrez notre <span style=\"color: #93a187;\"><strong>meuble \u00e0 3 tiroirs + 1 porte<\/strong><\/span>, id\u00e9al pour optimiser votre espace de travail.\u00a0<\/span><\/p>\n<p><span style=\"font-weight: 400;\">Ce meuble en panneaux m\u00e9lamin\u00e9s blancs CTBH hydrofuge offre une adaptabilit\u00e9 personnalis\u00e9e gr\u00e2ce \u00e0 diff\u00e9rentes longueurs disponibles.\u00a0<\/span><\/p>\n<p><span style=\"font-weight: 400;\">Vous avez le choix entre la <span style=\"color: #93a187;\"><strong>version \u00e0 tiroirs avec coulisses m\u00e9talliques<\/strong><\/span> ou celle avec <strong><span style=\"color: #93a187;\">coulisses \u00e0 sortie totale amortissantes<\/span><\/strong>. Ce <span style=\"color: #93a187;\"><strong>mobilier professionnel<\/strong><\/span> offre des \u00e9tag\u00e8res r\u00e9glables et une mobilit\u00e9 facilit\u00e9e par des roulettes. <\/span><\/p>\n<p><span style=\"font-weight: 400;\">Les chants PVC, la vari\u00e9t\u00e9 de finitions et les options vari\u00e9es en font de lui un choix polyvalent pour \u00e9quiper votre laboratoire de mani\u00e8re optimale.<\/span><\/p>\n<table style=\"width: 100%; border-collapse: collapse; border-color: #93a187; background-color: #93a187; border-style: solid; height: 24px;\">\n<tbody>\n<tr style=\"height: 24px;\">\n<td style=\"width: 25%; height: 24px; text-align: center;\"><span style=\"color: #ffffff;\">R\u00e9f\u00e9rences<\/span><\/td>\n<td style=\"width: 25%; height: 24px; text-align: center;\"><span style=\"color: #ffffff;\">Longueur (mm)<\/span><\/td>\n<td style=\"width: 25%; height: 24px; text-align: center;\"><span style=\"color: #ffffff;\">Poign\u00e9e courbe<\/span><\/td>\n<td style=\"width: 25%; height: 24px; text-align: center;\"><span style=\"color: #ffffff;\">Poign\u00e9e profil<\/span><\/td>\n<\/tr>\n<\/tbody>\n<\/table>\n<table style=\"height: 144px; width: 100%; border-collapse: collapse; border-color: #93a187; border-style: solid;\">\n<tbody>\n<tr style=\"height: 24px;\">\n<td style=\"width: 25%; height: 24px; text-align: center;\">MM900\/3-1<\/td>\n<td style=\"width: 25%; height: 24px; text-align: center;\">892<\/td>\n<td style=\"width: 25%; height: 24px; text-align: center;\">X<\/td>\n<td style=\"width: 25%; height: 24px; text-align: center;\">\u00a0<\/td>\n<\/tr>\n<tr style=\"height: 24px;\">\n<td style=\"width: 25%; height: 24px; text-align: center;\">MM900\/3-2<\/td>\n<td style=\"width: 25%; height: 24px; text-align: center;\">892<\/td>\n<td style=\"width: 25%; height: 24px; text-align: center;\">\u00a0<\/td>\n<td style=\"width: 25%; height: 24px; text-align: center;\">X<\/td>\n<\/tr>\n<tr style=\"height: 24px;\">\n<td style=\"width: 25%; height: 24px; text-align: center;\">MM1050\/3-1<\/td>\n<td style=\"width: 25%; height: 24px; text-align: center;\">1042<\/td>\n<td style=\"width: 25%; height: 24px; text-align: center;\">X<\/td>\n<td style=\"width: 25%; height: 24px; text-align: center;\">\u00a0<\/td>\n<\/tr>\n<tr style=\"height: 24px;\">\n<td style=\"width: 25%; height: 24px; text-align: center;\">MM1050\/3-2<\/td>\n<td style=\"width: 25%; height: 24px; text-align: center;\">1042<\/td>\n<td style=\"width: 25%; height: 24px; text-align: center;\">\u00a0<\/td>\n<td style=\"width: 25%; height: 24px; text-align: center;\">X<\/td>\n<\/tr>\n<tr style=\"height: 24px;\">\n<td style=\"width: 25%; height: 24px; text-align: center;\">MM1200\/3-1<\/td>\n<td style=\"width: 25%; height: 24px; text-align: center;\">1192<\/td>\n<td style=\"width: 25%; height: 24px; text-align: center;\">X<\/td>\n<td style=\"width: 25%; height: 24px; text-align: center;\">\u00a0<\/td>\n<\/tr>\n<tr style=\"height: 24px;\">\n<td style=\"width: 25%; height: 24px; text-align: center;\">MM1200\/3-2<\/td>\n<td style=\"width: 25%; height: 24px; text-align: center;\">1192<\/td>\n<td style=\"width: 25%; height: 24px; text-align: center;\">\u00a0<\/td>\n<td style=\"width: 25%; height: 24px; text-align: center;\">X<\/td>\n<\/tr>\n<\/tbody>\n<\/table>\n<p>&nbsp;<\/p>\n","protected":false},"featured_media":22495,"template":"","meta":[],"product_brand":[],"product_cat":[60],"product_tag":[],"class_list":{"0":"post-22165","1":"product","2":"type-product","3":"status-publish","4":"has-post-thumbnail","6":"product_cat-meubles-sous-paillasse","8":"first","9":"instock","10":"shipping-taxable","11":"product-type-simple"},"yoast_head":"<!-- This site is optimized with the Yoast SEO plugin v27.2 - https:\/\/yoast.com\/product\/yoast-seo-wordpress\/ -->\n<title>Meuble Mixte 3 Tiroirs + 1 Porte | Sidpa France<\/title>\n<meta name=\"description\" content=\"D\u00e9couvrez notre meuble mixte sous paillasse \u00e0 3 tiroirs + 1 porte, alliant fonctionnalit\u00e9 et flexibilit\u00e9 pour optimiser votre espace de laboratoire.\" \/>\n<meta name=\"robots\" content=\"index, follow, max-snippet:-1, max-image-preview:large, max-video-preview:-1\" \/>\n<link rel=\"canonical\" href=\"https:\/\/www.sidpa72.fr\/w\/produit\/meuble-mixte-3-tiroirs-1-porte\" \/>\n<meta property=\"og:locale\" content=\"fr_FR\" \/>\n<meta property=\"og:type\" content=\"article\" \/>\n<meta property=\"og:title\" content=\"Meuble Mixte 3 Tiroirs + 1 Porte | Sidpa France\" \/>\n<meta property=\"og:description\" content=\"D\u00e9couvrez notre meuble mixte sous paillasse \u00e0 3 tiroirs + 1 porte, alliant fonctionnalit\u00e9 et flexibilit\u00e9 pour optimiser votre espace de laboratoire.\" \/>\n<meta property=\"og:url\" content=\"https:\/\/www.sidpa72.fr\/w\/produit\/meuble-mixte-3-tiroirs-1-porte\" \/>\n<meta property=\"og:site_name\" content=\"Sidpa France\" \/>\n<meta property=\"article:modified_time\" content=\"2024-04-17T08:50:36+00:00\" \/>\n<meta property=\"og:image\" content=\"https:\/\/www.sidpa72.fr\/w\/wp-content\/uploads\/2024\/01\/MM900-3-1-1.jpg\" \/>\n\t<meta property=\"og:image:width\" content=\"500\" \/>\n\t<meta property=\"og:image:height\" content=\"500\" \/>\n\t<meta property=\"og:image:type\" content=\"image\/jpeg\" \/>\n<meta name=\"twitter:label1\" content=\"Dur\u00e9e de lecture estim\u00e9e\" \/>\n\t<meta name=\"twitter:data1\" content=\"2 minutes\" \/>\n<script type=\"application\/ld+json\" class=\"yoast-schema-graph\">{\"@context\":\"https:\/\/schema.org\",\"@graph\":[{\"@type\":\"WebPage\",\"@id\":\"https:\/\/www.sidpa72.fr\/w\/produit\/meuble-mixte-3-tiroirs-1-porte\",\"url\":\"https:\/\/www.sidpa72.fr\/w\/produit\/meuble-mixte-3-tiroirs-1-porte\",\"name\":\"Meuble Mixte 3 Tiroirs + 1 Porte | Sidpa France\",\"isPartOf\":{\"@id\":\"https:\/\/www.sidpa72.fr\/w\/#website\"},\"primaryImageOfPage\":{\"@id\":\"https:\/\/www.sidpa72.fr\/w\/produit\/meuble-mixte-3-tiroirs-1-porte#primaryimage\"},\"image\":{\"@id\":\"https:\/\/www.sidpa72.fr\/w\/produit\/meuble-mixte-3-tiroirs-1-porte#primaryimage\"},\"thumbnailUrl\":\"https:\/\/www.sidpa72.fr\/w\/wp-content\/uploads\/2024\/01\/MM900-3-1-1.jpg\",\"datePublished\":\"2024-01-12T12:41:04+00:00\",\"dateModified\":\"2024-04-17T08:50:36+00:00\",\"description\":\"D\u00e9couvrez notre meuble mixte sous paillasse \u00e0 3 tiroirs + 1 porte, alliant fonctionnalit\u00e9 et flexibilit\u00e9 pour optimiser votre espace de laboratoire.\",\"breadcrumb\":{\"@id\":\"https:\/\/www.sidpa72.fr\/w\/produit\/meuble-mixte-3-tiroirs-1-porte#breadcrumb\"},\"inLanguage\":\"fr-FR\",\"potentialAction\":[{\"@type\":\"ReadAction\",\"target\":[\"https:\/\/www.sidpa72.fr\/w\/produit\/meuble-mixte-3-tiroirs-1-porte\"]}]},{\"@type\":\"ImageObject\",\"inLanguage\":\"fr-FR\",\"@id\":\"https:\/\/www.sidpa72.fr\/w\/produit\/meuble-mixte-3-tiroirs-1-porte#primaryimage\",\"url\":\"https:\/\/www.sidpa72.fr\/w\/wp-content\/uploads\/2024\/01\/MM900-3-1-1.jpg\",\"contentUrl\":\"https:\/\/www.sidpa72.fr\/w\/wp-content\/uploads\/2024\/01\/MM900-3-1-1.jpg\",\"width\":500,\"height\":500},{\"@type\":\"BreadcrumbList\",\"@id\":\"https:\/\/www.sidpa72.fr\/w\/produit\/meuble-mixte-3-tiroirs-1-porte#breadcrumb\",\"itemListElement\":[{\"@type\":\"ListItem\",\"position\":1,\"name\":\"Home\",\"item\":\"https:\/\/www.sidpa72.fr\/w\"},{\"@type\":\"ListItem\",\"position\":2,\"name\":\"Produits\",\"item\":\"https:\/\/www.sidpa72.fr\/w\/produits\"},{\"@type\":\"ListItem\",\"position\":3,\"name\":\"Meuble mixte 3 tiroirs + 1 porte\"}]},{\"@type\":\"WebSite\",\"@id\":\"https:\/\/www.sidpa72.fr\/w\/#website\",\"url\":\"https:\/\/www.sidpa72.fr\/w\/\",\"name\":\"Sidpa\",\"description\":\"Votre mobilier de laboratoire sur-mesure\",\"potentialAction\":[{\"@type\":\"SearchAction\",\"target\":{\"@type\":\"EntryPoint\",\"urlTemplate\":\"https:\/\/www.sidpa72.fr\/w\/?s={search_term_string}\"},\"query-input\":{\"@type\":\"PropertyValueSpecification\",\"valueRequired\":true,\"valueName\":\"search_term_string\"}}],\"inLanguage\":\"fr-FR\"}]}<\/script>\n<!-- \/ Yoast SEO plugin. -->","yoast_head_json":{"title":"Meuble Mixte 3 Tiroirs + 1 Porte | Sidpa France","description":"D\u00e9couvrez notre meuble mixte sous paillasse \u00e0 3 tiroirs + 1 porte, alliant fonctionnalit\u00e9 et flexibilit\u00e9 pour optimiser votre espace de laboratoire.","robots":{"index":"index","follow":"follow","max-snippet":"max-snippet:-1","max-image-preview":"max-image-preview:large","max-video-preview":"max-video-preview:-1"},"canonical":"https:\/\/www.sidpa72.fr\/w\/produit\/meuble-mixte-3-tiroirs-1-porte","og_locale":"fr_FR","og_type":"article","og_title":"Meuble Mixte 3 Tiroirs + 1 Porte | Sidpa France","og_description":"D\u00e9couvrez notre meuble mixte sous paillasse \u00e0 3 tiroirs + 1 porte, alliant fonctionnalit\u00e9 et flexibilit\u00e9 pour optimiser votre espace de laboratoire.","og_url":"https:\/\/www.sidpa72.fr\/w\/produit\/meuble-mixte-3-tiroirs-1-porte","og_site_name":"Sidpa France","article_modified_time":"2024-04-17T08:50:36+00:00","og_image":[{"width":500,"height":500,"url":"https:\/\/www.sidpa72.fr\/w\/wp-content\/uploads\/2024\/01\/MM900-3-1-1.jpg","type":"image\/jpeg"}],"twitter_misc":{"Dur\u00e9e de lecture estim\u00e9e":"2 minutes"},"schema":{"@context":"https:\/\/schema.org","@graph":[{"@type":"WebPage","@id":"https:\/\/www.sidpa72.fr\/w\/produit\/meuble-mixte-3-tiroirs-1-porte","url":"https:\/\/www.sidpa72.fr\/w\/produit\/meuble-mixte-3-tiroirs-1-porte","name":"Meuble Mixte 3 Tiroirs + 1 Porte | Sidpa France","isPartOf":{"@id":"https:\/\/www.sidpa72.fr\/w\/#website"},"primaryImageOfPage":{"@id":"https:\/\/www.sidpa72.fr\/w\/produit\/meuble-mixte-3-tiroirs-1-porte#primaryimage"},"image":{"@id":"https:\/\/www.sidpa72.fr\/w\/produit\/meuble-mixte-3-tiroirs-1-porte#primaryimage"},"thumbnailUrl":"https:\/\/www.sidpa72.fr\/w\/wp-content\/uploads\/2024\/01\/MM900-3-1-1.jpg","datePublished":"2024-01-12T12:41:04+00:00","dateModified":"2024-04-17T08:50:36+00:00","description":"D\u00e9couvrez notre meuble mixte sous paillasse \u00e0 3 tiroirs + 1 porte, alliant fonctionnalit\u00e9 et flexibilit\u00e9 pour optimiser votre espace de laboratoire.","breadcrumb":{"@id":"https:\/\/www.sidpa72.fr\/w\/produit\/meuble-mixte-3-tiroirs-1-porte#breadcrumb"},"inLanguage":"fr-FR","potentialAction":[{"@type":"ReadAction","target":["https:\/\/www.sidpa72.fr\/w\/produit\/meuble-mixte-3-tiroirs-1-porte"]}]},{"@type":"ImageObject","inLanguage":"fr-FR","@id":"https:\/\/www.sidpa72.fr\/w\/produit\/meuble-mixte-3-tiroirs-1-porte#primaryimage","url":"https:\/\/www.sidpa72.fr\/w\/wp-content\/uploads\/2024\/01\/MM900-3-1-1.jpg","contentUrl":"https:\/\/www.sidpa72.fr\/w\/wp-content\/uploads\/2024\/01\/MM900-3-1-1.jpg","width":500,"height":500},{"@type":"BreadcrumbList","@id":"https:\/\/www.sidpa72.fr\/w\/produit\/meuble-mixte-3-tiroirs-1-porte#breadcrumb","itemListElement":[{"@type":"ListItem","position":1,"name":"Home","item":"https:\/\/www.sidpa72.fr\/w"},{"@type":"ListItem","position":2,"name":"Produits","item":"https:\/\/www.sidpa72.fr\/w\/produits"},{"@type":"ListItem","position":3,"name":"Meuble mixte 3 tiroirs + 1 porte"}]},{"@type":"WebSite","@id":"https:\/\/www.sidpa72.fr\/w\/#website","url":"https:\/\/www.sidpa72.fr\/w\/","name":"Sidpa","description":"Votre mobilier de laboratoire sur-mesure","potentialAction":[{"@type":"SearchAction","target":{"@type":"EntryPoint","urlTemplate":"https:\/\/www.sidpa72.fr\/w\/?s={search_term_string}"},"query-input":{"@type":"PropertyValueSpecification","valueRequired":true,"valueName":"search_term_string"}}],"inLanguage":"fr-FR"}]}},"_links":{"self":[{"href":"https:\/\/www.sidpa72.fr\/w\/wp-json\/wp\/v2\/product\/22165","targetHints":{"allow":["GET"]}}],"collection":[{"href":"https:\/\/www.sidpa72.fr\/w\/wp-json\/wp\/v2\/product"}],"about":[{"href":"https:\/\/www.sidpa72.fr\/w\/wp-json\/wp\/v2\/types\/product"}],"wp:featuredmedia":[{"embeddable":true,"href":"https:\/\/www.sidpa72.fr\/w\/wp-json\/wp\/v2\/media\/22495"}],"wp:attachment":[{"href":"https:\/\/www.sidpa72.fr\/w\/wp-json\/wp\/v2\/media?parent=22165"}],"wp:term":[{"taxonomy":"product_brand","embeddable":true,"href":"https:\/\/www.sidpa72.fr\/w\/wp-json\/wp\/v2\/product_brand?post=22165"},{"taxonomy":"product_cat","embeddable":true,"href":"https:\/\/www.sidpa72.fr\/w\/wp-json\/wp\/v2\/product_cat?post=22165"},{"taxonomy":"product_tag","embeddable":true,"href":"https:\/\/www.sidpa72.fr\/w\/wp-json\/wp\/v2\/product_tag?post=22165"}],"curies":[{"name":"wp","href":"https:\/\/api.w.org\/{rel}","templated":true}]}}