{"id":22333,"date":"2024-02-15T14:29:52","date_gmt":"2024-02-15T13:29:52","guid":{"rendered":"https:\/\/www.sidpa72.fr\/w?post_type=product&#038;p=22333"},"modified":"2024-04-17T15:57:02","modified_gmt":"2024-04-17T14:57:02","slug":"armoire-2-elements-portes-hautes-et-basses-coulissantes","status":"publish","type":"product","link":"https:\/\/www.sidpa72.fr\/w\/produit\/armoire-2-elements-portes-hautes-et-basses-coulissantes","title":{"rendered":"Armoire 2 \u00e9l\u00e9ments portes hautes coulissantes et basses battantes"},"content":{"rendered":"<h1><span style=\"font-size: 24pt; color: #93a187;\">D\u00e9couvrez notre \u00ab\u00a0Armoire 2 \u00e9l\u00e9ments portes hautes coulissantes et basses battantes\u00a0\u00bb<\/span><\/h1>\n<h2><span style=\"font-size: 14pt;\">Con\u00e7ues pour r\u00e9pondre \u00e0 vos besoins sp\u00e9cifiques<\/span><\/h2>\n<p><span style=\"font-weight: 400;\">D\u00e9couvrez notre \u00ab\u00a0<span style=\"color: #93a187;\"><strong>Armoire 2 \u00e9l\u00e9ments, avec portes hautes coulissantes et portes basses battantes<\/strong><\/span>\u00a0\u00bb con\u00e7ue pour r\u00e9pondre aux besoins sp\u00e9cifiques de votre espace de travail. Ces armoires, d&rsquo;une profondeur de <span style=\"color: #93a187;\"><strong>489 mm et d&rsquo;une hauteur de 1880 mm<\/strong><\/span>, font partie int\u00e9grante de notre vaste gamme d&rsquo;options d&rsquo;ameublement pour laboratoires, garantissant une qualit\u00e9 exceptionnelle et une fonctionnalit\u00e9 optimale.<\/span><\/p>\n<h2><span style=\"font-size: 14pt;\">Armoire 2 \u00e9l\u00e9ments portes hautes coulissantes et basses battantes : <\/span><span style=\"font-size: 14pt;\">Qualit\u00e9 et adaptabilit\u00e9 parfaites<\/span><\/h2>\n<p>Fabriqu\u00e9es avec des <span style=\"color: #93a187;\"><strong>panneaux agglom\u00e9r\u00e9s m\u00e9lamin\u00e9s blancs de haute qualit\u00e9 sur les deux faces CTBH hydrofuge type P5<\/strong><\/span>, d&rsquo;une \u00e9paisseur de 19 mm, nos armoires 2 \u00e9l\u00e9ments, avec portes hautes coulissantes et portes basses battantes assurent une durabilit\u00e9 remarquable. Disponibles dans <span style=\"color: #93a187;\"><strong>diverses longueurs<\/strong><\/span>, ces meubles assurent une flexibilit\u00e9 in\u00e9gal\u00e9e, parfaitement adapt\u00e9s \u00e0 la configuration unique de votre laboratoire. La modularit\u00e9 de ces armoires vous permet de personnaliser votre espace de travail selon vos besoins sp\u00e9cifiques. De plus, nos armoires sont soumises \u00e0 des contr\u00f4les qualit\u00e9 rigoureux, garantissant un produit final conforme \u00e0 vos exigences.<\/p>\n<h2><span style=\"font-size: 14pt;\">Personnalisation sur mesure de votre armoire<\/span><\/h2>\n<p><span style=\"font-weight: 400;\"><span style=\"color: #93a187;\"><strong>Vous pouvez personnaliser nos armoires<\/strong><\/span> avec finition m\u00e9lamin\u00e9e, stratifi\u00e9e, offrant diverses couleurs selon vos pr\u00e9f\u00e9rences. Cette option vous permet d&rsquo;harmoniser le mobilier avec le d\u00e9cor existant, cr\u00e9ant ainsi une atmosph\u00e8re professionnelle et esth\u00e9tiquement agr\u00e9able.<\/span><\/p>\n<p>&nbsp;<\/p>\n<p>D\u00e9couvrez \u00e9galement notre gamme compl\u00e8te d&rsquo;armoires con\u00e7ues pour r\u00e9pondre \u00e0 divers besoins en <a href=\"https:\/\/www.sidpa72.fr\/w\/categorie-produit\/mobilier\/armoire\"><span style=\"color: #93a187;\"><strong>cliquant ici<\/strong><\/span><\/a>.<\/p>\n<p>Si vous souhaitez discuter de la personnalisation de nos meubles en fonction de vos besoins sp\u00e9cifiques, nous sommes \u00e0 votre disposition. N&rsquo;h\u00e9sitez pas \u00e0 nous contacter directement ou, envoyez un e-mail \u00e0 notre bureau d&rsquo;\u00e9tude : <a href=\"mailto:contact@sidpafrance.fr\"><span class=\"s1\">contact@sidpafrance.fr<\/span><\/a><\/p>\n","protected":false},"excerpt":{"rendered":"<p>D\u00e9couvrez nos \u00ab\u00a0<span style=\"color: #93a187;\"><strong>Armoire 2 \u00e9l\u00e9ments, avec portes hautes coulissantes et portes basses battantes<\/strong><\/span>\u00ab\u00a0, une solution de mobilier con\u00e7ue pour r\u00e9pondre aux besoins sp\u00e9cifiques de votre laboratoire.<\/p>\n<p>Ces armoires offrent une qualit\u00e9 exceptionnelle avec des panneaux agglom\u00e9r\u00e9s m\u00e9lamin\u00e9s blancs de haute qualit\u00e9, garantissant une durabilit\u00e9 remarquable.\u00a0 Personnalisez ces armoires selon vos pr\u00e9f\u00e9rences avec des finitions en m\u00e9lamin\u00e9 de couleur diff\u00e9rente ou en stratifi\u00e9 sur demande, assurant une harmonie avec votre espace de travail.<\/p>\n<p>Vous trouverez sur ce tableau toutes les variantes que nous proposons :\u00a0<\/p>\n<table style=\"width: 100%; border-collapse: collapse; border-style: solid; border-color: #93a187; background-color: #93a187;\">\n<tbody>\n<tr>\n<td style=\"width: 20%;\"><span style=\"color: #ffffff;\">R\u00e9f\u00e9rences<\/span><\/td>\n<td style=\"width: 20%;\"><span style=\"color: #ffffff;\">Longueur (mm)<\/span><\/td>\n<td style=\"width: 20%;\"><span style=\"color: #ffffff;\">Longueur \u00e9tag\u00e8res (mm)<\/span><\/td>\n<td style=\"width: 20%;\"><span style=\"color: #ffffff;\">Poign\u00e9e courbe<\/span><\/td>\n<td style=\"width: 20%;\"><span style=\"color: #ffffff;\">Poign\u00e9e profil<\/span><\/td>\n<\/tr>\n<\/tbody>\n<\/table>\n<table style=\"width: 100%; border-collapse: collapse; border-style: solid; border-color: #93a187;\">\n<tbody>\n<tr>\n<td style=\"width: 20%;\">ARMC900M-1<\/td>\n<td style=\"width: 20%;\">892<\/td>\n<td style=\"width: 20%;\">2 x 410<\/td>\n<td style=\"width: 20%; text-align: left;\">X<\/td>\n<td style=\"width: 20%; text-align: left;\">\u00a0<\/td>\n<\/tr>\n<tr>\n<td style=\"width: 20%;\">ARMC900M-2<\/td>\n<td style=\"width: 20%;\">892<\/td>\n<td style=\"width: 20%;\">2 x 410<\/td>\n<td style=\"width: 20%; text-align: left;\">\u00a0<\/td>\n<td style=\"width: 20%; text-align: left;\">X<\/td>\n<\/tr>\n<tr>\n<td style=\"width: 20%;\">ARMC1200M-1<\/td>\n<td style=\"width: 20%;\">1192<\/td>\n<td style=\"width: 20%;\">2 x 560<\/td>\n<td style=\"width: 20%; text-align: left;\">X<\/td>\n<td style=\"width: 20%; text-align: left;\">\u00a0<\/td>\n<\/tr>\n<tr>\n<td style=\"width: 20%;\">ARMC1200M-2<\/td>\n<td style=\"width: 20%;\">1192<\/td>\n<td style=\"width: 20%;\">2 x 560<\/td>\n<td style=\"width: 20%; text-align: left;\">\u00a0<\/td>\n<td style=\"width: 20%; text-align: left;\">X<\/td>\n<\/tr>\n<\/tbody>\n<\/table>\n<p>&nbsp;<\/p>\n","protected":false},"featured_media":22336,"template":"","meta":[],"product_brand":[],"product_cat":[64],"product_tag":[],"class_list":{"0":"post-22333","1":"product","2":"type-product","3":"status-publish","4":"has-post-thumbnail","6":"product_cat-armoires-de-laboratoire","8":"first","9":"instock","10":"shipping-taxable","11":"product-type-simple"},"yoast_head":"<!-- This site is optimized with the Yoast SEO plugin v27.2 - https:\/\/yoast.com\/product\/yoast-seo-wordpress\/ -->\n<title>Armoire 2 \u00e9l\u00e9ments portes hautes coulissantes et basses battantes | Sidpa France<\/title>\n<meta name=\"description\" content=\"D\u00e9couvrez notre armoire 2 \u00e9l\u00e9ments portes hautes coulissantes et basses battantes con\u00e7ue pour r\u00e9pondre \u00e0 vos besoins sp\u00e9cifiques en mobilier de laboratoire.\" \/>\n<meta name=\"robots\" content=\"index, follow, max-snippet:-1, max-image-preview:large, max-video-preview:-1\" \/>\n<link rel=\"canonical\" href=\"https:\/\/www.sidpa72.fr\/w\/produit\/armoire-2-elements-portes-hautes-et-basses-coulissantes\" \/>\n<meta property=\"og:locale\" content=\"fr_FR\" \/>\n<meta property=\"og:type\" content=\"article\" \/>\n<meta property=\"og:title\" content=\"Armoire 2 \u00e9l\u00e9ments portes hautes coulissantes et basses battantes | Sidpa France\" \/>\n<meta property=\"og:description\" content=\"D\u00e9couvrez notre armoire 2 \u00e9l\u00e9ments portes hautes coulissantes et basses battantes con\u00e7ue pour r\u00e9pondre \u00e0 vos besoins sp\u00e9cifiques en mobilier de laboratoire.\" \/>\n<meta property=\"og:url\" content=\"https:\/\/www.sidpa72.fr\/w\/produit\/armoire-2-elements-portes-hautes-et-basses-coulissantes\" \/>\n<meta property=\"og:site_name\" content=\"Sidpa France\" \/>\n<meta property=\"article:modified_time\" content=\"2024-04-17T14:57:02+00:00\" \/>\n<meta property=\"og:image\" content=\"https:\/\/www.sidpa72.fr\/w\/wp-content\/uploads\/2024\/02\/ARMC1200M.jpg\" \/>\n\t<meta property=\"og:image:width\" content=\"500\" \/>\n\t<meta property=\"og:image:height\" content=\"500\" \/>\n\t<meta property=\"og:image:type\" content=\"image\/jpeg\" \/>\n<meta name=\"twitter:label1\" content=\"Dur\u00e9e de lecture estim\u00e9e\" \/>\n\t<meta name=\"twitter:data1\" content=\"2 minutes\" \/>\n<script type=\"application\/ld+json\" class=\"yoast-schema-graph\">{\"@context\":\"https:\/\/schema.org\",\"@graph\":[{\"@type\":\"WebPage\",\"@id\":\"https:\/\/www.sidpa72.fr\/w\/produit\/armoire-2-elements-portes-hautes-et-basses-coulissantes\",\"url\":\"https:\/\/www.sidpa72.fr\/w\/produit\/armoire-2-elements-portes-hautes-et-basses-coulissantes\",\"name\":\"Armoire 2 \u00e9l\u00e9ments portes hautes coulissantes et basses battantes | Sidpa France\",\"isPartOf\":{\"@id\":\"https:\/\/www.sidpa72.fr\/w\/#website\"},\"primaryImageOfPage\":{\"@id\":\"https:\/\/www.sidpa72.fr\/w\/produit\/armoire-2-elements-portes-hautes-et-basses-coulissantes#primaryimage\"},\"image\":{\"@id\":\"https:\/\/www.sidpa72.fr\/w\/produit\/armoire-2-elements-portes-hautes-et-basses-coulissantes#primaryimage\"},\"thumbnailUrl\":\"https:\/\/www.sidpa72.fr\/w\/wp-content\/uploads\/2024\/02\/ARMC1200M.jpg\",\"datePublished\":\"2024-02-15T13:29:52+00:00\",\"dateModified\":\"2024-04-17T14:57:02+00:00\",\"description\":\"D\u00e9couvrez notre armoire 2 \u00e9l\u00e9ments portes hautes coulissantes et basses battantes con\u00e7ue pour r\u00e9pondre \u00e0 vos besoins sp\u00e9cifiques en mobilier de laboratoire.\",\"breadcrumb\":{\"@id\":\"https:\/\/www.sidpa72.fr\/w\/produit\/armoire-2-elements-portes-hautes-et-basses-coulissantes#breadcrumb\"},\"inLanguage\":\"fr-FR\",\"potentialAction\":[{\"@type\":\"ReadAction\",\"target\":[\"https:\/\/www.sidpa72.fr\/w\/produit\/armoire-2-elements-portes-hautes-et-basses-coulissantes\"]}]},{\"@type\":\"ImageObject\",\"inLanguage\":\"fr-FR\",\"@id\":\"https:\/\/www.sidpa72.fr\/w\/produit\/armoire-2-elements-portes-hautes-et-basses-coulissantes#primaryimage\",\"url\":\"https:\/\/www.sidpa72.fr\/w\/wp-content\/uploads\/2024\/02\/ARMC1200M.jpg\",\"contentUrl\":\"https:\/\/www.sidpa72.fr\/w\/wp-content\/uploads\/2024\/02\/ARMC1200M.jpg\",\"width\":500,\"height\":500},{\"@type\":\"BreadcrumbList\",\"@id\":\"https:\/\/www.sidpa72.fr\/w\/produit\/armoire-2-elements-portes-hautes-et-basses-coulissantes#breadcrumb\",\"itemListElement\":[{\"@type\":\"ListItem\",\"position\":1,\"name\":\"Home\",\"item\":\"https:\/\/www.sidpa72.fr\/w\"},{\"@type\":\"ListItem\",\"position\":2,\"name\":\"Produits\",\"item\":\"https:\/\/www.sidpa72.fr\/w\/produits\"},{\"@type\":\"ListItem\",\"position\":3,\"name\":\"Armoire 2 \u00e9l\u00e9ments portes hautes coulissantes et basses battantes\"}]},{\"@type\":\"WebSite\",\"@id\":\"https:\/\/www.sidpa72.fr\/w\/#website\",\"url\":\"https:\/\/www.sidpa72.fr\/w\/\",\"name\":\"Sidpa\",\"description\":\"Votre mobilier de laboratoire sur-mesure\",\"potentialAction\":[{\"@type\":\"SearchAction\",\"target\":{\"@type\":\"EntryPoint\",\"urlTemplate\":\"https:\/\/www.sidpa72.fr\/w\/?s={search_term_string}\"},\"query-input\":{\"@type\":\"PropertyValueSpecification\",\"valueRequired\":true,\"valueName\":\"search_term_string\"}}],\"inLanguage\":\"fr-FR\"}]}<\/script>\n<!-- \/ Yoast SEO plugin. -->","yoast_head_json":{"title":"Armoire 2 \u00e9l\u00e9ments portes hautes coulissantes et basses battantes | Sidpa France","description":"D\u00e9couvrez notre armoire 2 \u00e9l\u00e9ments portes hautes coulissantes et basses battantes con\u00e7ue pour r\u00e9pondre \u00e0 vos besoins sp\u00e9cifiques en mobilier de laboratoire.","robots":{"index":"index","follow":"follow","max-snippet":"max-snippet:-1","max-image-preview":"max-image-preview:large","max-video-preview":"max-video-preview:-1"},"canonical":"https:\/\/www.sidpa72.fr\/w\/produit\/armoire-2-elements-portes-hautes-et-basses-coulissantes","og_locale":"fr_FR","og_type":"article","og_title":"Armoire 2 \u00e9l\u00e9ments portes hautes coulissantes et basses battantes | Sidpa France","og_description":"D\u00e9couvrez notre armoire 2 \u00e9l\u00e9ments portes hautes coulissantes et basses battantes con\u00e7ue pour r\u00e9pondre \u00e0 vos besoins sp\u00e9cifiques en mobilier de laboratoire.","og_url":"https:\/\/www.sidpa72.fr\/w\/produit\/armoire-2-elements-portes-hautes-et-basses-coulissantes","og_site_name":"Sidpa France","article_modified_time":"2024-04-17T14:57:02+00:00","og_image":[{"width":500,"height":500,"url":"https:\/\/www.sidpa72.fr\/w\/wp-content\/uploads\/2024\/02\/ARMC1200M.jpg","type":"image\/jpeg"}],"twitter_misc":{"Dur\u00e9e de lecture estim\u00e9e":"2 minutes"},"schema":{"@context":"https:\/\/schema.org","@graph":[{"@type":"WebPage","@id":"https:\/\/www.sidpa72.fr\/w\/produit\/armoire-2-elements-portes-hautes-et-basses-coulissantes","url":"https:\/\/www.sidpa72.fr\/w\/produit\/armoire-2-elements-portes-hautes-et-basses-coulissantes","name":"Armoire 2 \u00e9l\u00e9ments portes hautes coulissantes et basses battantes | Sidpa France","isPartOf":{"@id":"https:\/\/www.sidpa72.fr\/w\/#website"},"primaryImageOfPage":{"@id":"https:\/\/www.sidpa72.fr\/w\/produit\/armoire-2-elements-portes-hautes-et-basses-coulissantes#primaryimage"},"image":{"@id":"https:\/\/www.sidpa72.fr\/w\/produit\/armoire-2-elements-portes-hautes-et-basses-coulissantes#primaryimage"},"thumbnailUrl":"https:\/\/www.sidpa72.fr\/w\/wp-content\/uploads\/2024\/02\/ARMC1200M.jpg","datePublished":"2024-02-15T13:29:52+00:00","dateModified":"2024-04-17T14:57:02+00:00","description":"D\u00e9couvrez notre armoire 2 \u00e9l\u00e9ments portes hautes coulissantes et basses battantes con\u00e7ue pour r\u00e9pondre \u00e0 vos besoins sp\u00e9cifiques en mobilier de laboratoire.","breadcrumb":{"@id":"https:\/\/www.sidpa72.fr\/w\/produit\/armoire-2-elements-portes-hautes-et-basses-coulissantes#breadcrumb"},"inLanguage":"fr-FR","potentialAction":[{"@type":"ReadAction","target":["https:\/\/www.sidpa72.fr\/w\/produit\/armoire-2-elements-portes-hautes-et-basses-coulissantes"]}]},{"@type":"ImageObject","inLanguage":"fr-FR","@id":"https:\/\/www.sidpa72.fr\/w\/produit\/armoire-2-elements-portes-hautes-et-basses-coulissantes#primaryimage","url":"https:\/\/www.sidpa72.fr\/w\/wp-content\/uploads\/2024\/02\/ARMC1200M.jpg","contentUrl":"https:\/\/www.sidpa72.fr\/w\/wp-content\/uploads\/2024\/02\/ARMC1200M.jpg","width":500,"height":500},{"@type":"BreadcrumbList","@id":"https:\/\/www.sidpa72.fr\/w\/produit\/armoire-2-elements-portes-hautes-et-basses-coulissantes#breadcrumb","itemListElement":[{"@type":"ListItem","position":1,"name":"Home","item":"https:\/\/www.sidpa72.fr\/w"},{"@type":"ListItem","position":2,"name":"Produits","item":"https:\/\/www.sidpa72.fr\/w\/produits"},{"@type":"ListItem","position":3,"name":"Armoire 2 \u00e9l\u00e9ments portes hautes coulissantes et basses battantes"}]},{"@type":"WebSite","@id":"https:\/\/www.sidpa72.fr\/w\/#website","url":"https:\/\/www.sidpa72.fr\/w\/","name":"Sidpa","description":"Votre mobilier de laboratoire sur-mesure","potentialAction":[{"@type":"SearchAction","target":{"@type":"EntryPoint","urlTemplate":"https:\/\/www.sidpa72.fr\/w\/?s={search_term_string}"},"query-input":{"@type":"PropertyValueSpecification","valueRequired":true,"valueName":"search_term_string"}}],"inLanguage":"fr-FR"}]}},"_links":{"self":[{"href":"https:\/\/www.sidpa72.fr\/w\/wp-json\/wp\/v2\/product\/22333","targetHints":{"allow":["GET"]}}],"collection":[{"href":"https:\/\/www.sidpa72.fr\/w\/wp-json\/wp\/v2\/product"}],"about":[{"href":"https:\/\/www.sidpa72.fr\/w\/wp-json\/wp\/v2\/types\/product"}],"wp:featuredmedia":[{"embeddable":true,"href":"https:\/\/www.sidpa72.fr\/w\/wp-json\/wp\/v2\/media\/22336"}],"wp:attachment":[{"href":"https:\/\/www.sidpa72.fr\/w\/wp-json\/wp\/v2\/media?parent=22333"}],"wp:term":[{"taxonomy":"product_brand","embeddable":true,"href":"https:\/\/www.sidpa72.fr\/w\/wp-json\/wp\/v2\/product_brand?post=22333"},{"taxonomy":"product_cat","embeddable":true,"href":"https:\/\/www.sidpa72.fr\/w\/wp-json\/wp\/v2\/product_cat?post=22333"},{"taxonomy":"product_tag","embeddable":true,"href":"https:\/\/www.sidpa72.fr\/w\/wp-json\/wp\/v2\/product_tag?post=22333"}],"curies":[{"name":"wp","href":"https:\/\/api.w.org\/{rel}","templated":true}]}}