{"id":22394,"date":"2024-02-29T14:35:32","date_gmt":"2024-02-29T13:35:32","guid":{"rendered":"https:\/\/www.sidpa72.fr\/w?post_type=product&#038;p=22394"},"modified":"2024-04-17T09:24:20","modified_gmt":"2024-04-17T08:24:20","slug":"armoire-a-double-corps","status":"publish","type":"product","link":"https:\/\/www.sidpa72.fr\/w\/produit\/armoire-a-double-corps","title":{"rendered":"Armoire \u00e0 double corps"},"content":{"rendered":"<h1><span style=\"font-size: 24pt; color: #93a187;\">Meubles de Laboratoire : Armoires \u00e0 Grandes Capacit\u00e9s<\/span><\/h1>\n<h2><span style=\"font-size: 14pt;\">Une Gamme Compl\u00e8te d&rsquo;<\/span><span style=\"font-size: 14pt;\">Armoire \u00e0 Double Corps <\/span><span style=\"font-size: 14pt;\">pour Votre Laboratoire<\/span><\/h2>\n<p>Nous vous pr\u00e9sentons une vaste gamme d&rsquo;<span style=\"color: #93a187;\"><strong>Armoires \u00e0 Double Corps<\/strong><\/span> con\u00e7us pour optimiser votre espace de travail. Fabriqu\u00e9s avec soin \u00e0 partir de panneaux agglom\u00e9r\u00e9s m\u00e9lamin\u00e9s blancs 2 faces CTBH hydrofuge de type 5, d&rsquo;une \u00e9paisseur robuste de 19 mm, nos meubles garantissent durabilit\u00e9 et fonctionnalit\u00e9. Disponibles en <span style=\"color: #93a187;\"><strong>diff\u00e9rentes profondeurs<\/strong><\/span>, elles s&rsquo;adaptent parfaitement \u00e0 la configuration sp\u00e9cifique de votre laboratoire, offrant une modularit\u00e9 exceptionnelle. Nos<strong><span style=\"color: #93a187;\"> armoires \u00e0 double corps ont une longueur de 1200 mm<\/span><\/strong>.<\/p>\n<h2><span style=\"font-size: 14pt;\">Armoire \u00e0 Double Corps<\/span><\/h2>\n<p>Nous concevons nos <span style=\"color: #93a187;\"><strong>armoires grandes capacit\u00e9s<\/strong><\/span> en r\u00e9pondant aux exigences professionnelles les plus strictes. Mont\u00e9es sur un ch\u00e2ssis monobloc en tube 30x30mm rev\u00eatu de peinture \u00e9poxy blanche. Nos armoires grandes capacit\u00e9s sont \u00e9quip\u00e9es de v\u00e9rins de mise \u00e0 niveau garantissent une stabilit\u00e9 optimale. Les options de configuration varient pour r\u00e9pondre \u00e0 vos besoins sp\u00e9cifiques.<\/p>\n<h3><span style=\"font-size: 12pt;\">Corps Haut<\/span><\/h3>\n<p>Le <span style=\"color: #93a187;\"><strong>corps haut des armoires se compose de 2 portes battantes pleines ou \u00e0 oculus en verre clair<\/strong><\/span> de 4 mm. Les portes sont mont\u00e9es sur des charni\u00e8res amortissantes \u00e0 110\u00b0, assurant une ouverture en douceur et un fonctionnement silencieux. Vous pouvez \u00e9galement opter pour <span style=\"color: #93a187;\"><strong>2 portes coulissantes<\/strong><\/span>, qu&rsquo;elles soient pleines ou vitr\u00e9es en verre clair de 6 mm, offrant une flexibilit\u00e9 suppl\u00e9mentaire selon vos pr\u00e9f\u00e9rences esth\u00e9tiques et pratiques.<\/p>\n<h3><span style=\"font-size: 12pt;\">Corps Bas<\/span><\/h3>\n<p>Les <span style=\"color: #93a187;\"><strong>armoires disposent d&rsquo;un corps bas<\/strong><\/span> proposant diff\u00e9rentes configurations, telles que des <span style=\"color: #93a187;\"><strong>portes battantes ou coulissantes pleines, ou des tiroirs \u00e0 coulisses \u00e0 sortie totale amortissantes<\/strong><\/span> avec une double paroi en aluminium laqu\u00e9. Ces fonctionnalit\u00e9s offrent une accessibilit\u00e9 maximale et une organisation efficace de votre espace de travail.<\/p>\n<p>&nbsp;<\/p>\n<p>D\u00e9couvrez \u00e9galement notre gamme compl\u00e8te d&rsquo;armoires con\u00e7ues pour r\u00e9pondre \u00e0 divers besoins en <a href=\"https:\/\/www.sidpa72.fr\/w\/categorie-produit\/mobilier\/armoire\"><span style=\"color: #93a187;\"><strong>cliquant ici<\/strong><\/span><\/a>.<\/p>\n<p>Si vous souhaitez discuter de la personnalisation de nos meubles en fonction de vos besoins sp\u00e9cifiques, nous sommes \u00e0 votre disposition. N&rsquo;h\u00e9sitez pas \u00e0 nous contacter directement ou, envoyez un e-mail \u00e0 notre bureau d&rsquo;\u00e9tude : <a href=\"mailto:contact@sidpafrance.fr\"><span class=\"s1\">contact@sidpafrance.fr<\/span><\/a><\/p>\n","protected":false},"excerpt":{"rendered":"<p>D\u00e9couvrez notre gamme de <span style=\"color: #93a187;\"><strong>meubles de laboratoire \u00e0 grandes capacit\u00e9s<\/strong><\/span>\u00a0en panneaux agglom\u00e9r\u00e9s m\u00e9lamin\u00e9s pour optimiser votre espace de travail. Fabriqu\u00e9s en mat\u00e9riaux durables, ces meubles offrent une modularit\u00e9 exceptionnelle pour s&rsquo;adapter \u00e0 votre laboratoire.<\/p>\n<p>Nos <span style=\"color: #93a187;\"><strong>armoires \u00e0 double corps<\/strong><\/span>, mont\u00e9es sur ch\u00e2ssis robuste, offrent des options de configuration vari\u00e9es :<\/p>\n<ul>\n<li>Le corps haut propose des portes battantes ou coulissantes en verre clair, mont\u00e9es sur charni\u00e8res amortissantes.<\/li>\n<li>Le corps bas comprend des portes battantes ou coulissantes, ainsi que des tiroirs \u00e0 coulisses avec sortie totale amortissante.<\/li>\n<\/ul>\n<p>&nbsp;<\/p>\n<p>Vous trouverez sur ce tableau toutes les variantes que nous proposons :\u00a0<\/p>\n<p><span style=\"color: #93a187;\"><strong>Profondeur corps bas 600 mm \/ corps haut 435 mm<\/strong><\/span><\/p>\n<table style=\"width: 100%; border-collapse: collapse; border-style: solid; border-color: #93a187; background-color: #93a187;\">\n<tbody>\n<tr>\n<td style=\"width: 12.7429%;\"><span style=\"color: #ffffff;\">R\u00e9f\u00e9rences<\/span><\/td>\n<td style=\"width: 31.5022%;\"><span style=\"color: #ffffff;\">Longueur (mm)<\/span><\/td>\n<td style=\"width: 30.7549%;\"><span style=\"color: #ffffff;\">Portes<\/span><\/td>\n<\/tr>\n<\/tbody>\n<\/table>\n<table style=\"height: 216px; width: 100%; border-collapse: collapse; border-style: solid; border-color: #93a187;\">\n<tbody>\n<tr style=\"height: 24px;\">\n<td style=\"width: 12.7429%; height: 24px;\">126001<\/td>\n<td style=\"width: 31.5022%; height: 24px;\">2 portes battantes + 4 \u00e9tag\u00e8res<\/td>\n<td style=\"width: 30.7549%; height: 24px;\">5 tiroirs + 1 porte battante \u00e0 droite<\/td>\n<\/tr>\n<tr style=\"height: 24px;\">\n<td style=\"width: 12.7429%; height: 24px;\">126002<\/td>\n<td style=\"width: 31.5022%; height: 24px;\">2 portes battantes + 4 \u00e9tag\u00e8res<\/td>\n<td style=\"width: 30.7549%; height: 24px;\">5 tiroirs + 1 porte battante \u00e0 gauche<\/td>\n<\/tr>\n<tr style=\"height: 24px;\">\n<td style=\"width: 12.7429%; height: 24px;\">126007<\/td>\n<td style=\"width: 31.5022%; height: 24px;\">2 portes coulissantes vitr\u00e9es + 4 \u00e9tag\u00e8res<\/td>\n<td style=\"width: 30.7549%; height: 24px;\">5 tiroirs + 1 porte battante \u00e0 droite<\/td>\n<\/tr>\n<tr style=\"height: 24px;\">\n<td style=\"width: 12.7429%; height: 24px;\">126008<\/td>\n<td style=\"width: 31.5022%; height: 24px;\">2 portes coulissantes vitr\u00e9es + 4 \u00e9tag\u00e8res<\/td>\n<td style=\"width: 30.7549%; height: 24px;\">5 tiroirs + 1 porte battante \u00e0 gauche<\/td>\n<\/tr>\n<tr style=\"height: 24px;\">\n<td style=\"width: 12.7429%; height: 24px;\">126010<\/td>\n<td style=\"width: 31.5022%; height: 24px;\">2 portes battantes \u00e0 oculus + 4 \u00e9tag\u00e8res\u00a0<\/td>\n<td style=\"width: 30.7549%; height: 24px;\">2 colonnes de 5 tiroirs<\/td>\n<\/tr>\n<tr style=\"height: 24px;\">\n<td style=\"width: 12.7429%; height: 24px;\">126012<\/td>\n<td style=\"width: 31.5022%; height: 24px;\">2 portes coulissantes vitr\u00e9es + 4 \u00e9tag\u00e8res<\/td>\n<td style=\"width: 30.7549%; height: 24px;\">2 colonnes de 5 tiroirs<\/td>\n<\/tr>\n<tr style=\"height: 24px;\">\n<td style=\"width: 12.7429%; height: 24px;\">126017<\/td>\n<td style=\"width: 31.5022%; height: 24px;\">2 portes battantes + 4 \u00e9tag\u00e8res<\/td>\n<td style=\"width: 30.7549%; height: 24px;\">1 tiroir sup\u00e9rieur + 2 portes battantes<\/td>\n<\/tr>\n<tr style=\"height: 24px;\">\n<td style=\"width: 12.7429%; height: 24px;\">126021<\/td>\n<td style=\"width: 31.5022%; height: 24px;\">2 portes battantes + 4 \u00e9tag\u00e8res<\/td>\n<td style=\"width: 30.7549%; height: 24px;\">5 tiroirs<\/td>\n<\/tr>\n<tr style=\"height: 24px;\">\n<td style=\"width: 12.7429%; height: 24px;\">126029<\/td>\n<td style=\"width: 31.5022%; height: 24px;\">2 portes battantes + 4 \u00e9tag\u00e8res<\/td>\n<td style=\"width: 30.7549%; height: 24px;\">2 portes battantes + 2 \u00e9tag\u00e8res<\/td>\n<\/tr>\n<\/tbody>\n<\/table>\n<p><span style=\"color: #93a187;\"><strong>Profondeur corps bas 750 mm \/ corps haut 547 mm<\/strong><\/span><\/p>\n<table style=\"width: 100%; border-collapse: collapse; border-style: solid; border-color: #93a187; background-color: #93a187;\">\n<tbody>\n<tr>\n<td style=\"width: 12.743%;\"><span style=\"color: #ffffff;\">R\u00e9f\u00e9rences<\/span><\/td>\n<td style=\"width: 31.5022%;\"><span style=\"color: #ffffff;\">Longueur (mm)<\/span><\/td>\n<td style=\"width: 30.7548%;\"><span style=\"color: #ffffff;\">Portes<\/span><\/td>\n<\/tr>\n<\/tbody>\n<\/table>\n<table style=\"height: 216px; width: 100%; border-collapse: collapse; border-style: solid; border-color: #93a187;\">\n<tbody>\n<tr style=\"height: 24px;\">\n<td style=\"width: 12.743%; height: 24px;\">127501<\/td>\n<td style=\"width: 31.5021%; height: 24px;\">2 portes battantes + 4 \u00e9tag\u00e8res<\/td>\n<td style=\"width: 30.7549%; height: 24px;\">5 tiroirs + 1 porte battante \u00e0 droite<\/td>\n<\/tr>\n<tr style=\"height: 24px;\">\n<td style=\"width: 12.743%; height: 24px;\">127502<\/td>\n<td style=\"width: 31.5021%; height: 24px;\">2 portes battantes + 4 \u00e9tag\u00e8res<\/td>\n<td style=\"width: 30.7549%; height: 24px;\">5 tiroirs + 1 porte battante \u00e0 gauche<\/td>\n<\/tr>\n<tr style=\"height: 24px;\">\n<td style=\"width: 12.743%; height: 24px;\">127507<\/td>\n<td style=\"width: 31.5021%; height: 24px;\">2 portes coulissantes vitr\u00e9es + 4 \u00e9tag\u00e8res<\/td>\n<td style=\"width: 30.7549%; height: 24px;\">5 tiroirs + 1 porte battante \u00e0 droite<\/td>\n<\/tr>\n<tr style=\"height: 24px;\">\n<td style=\"width: 12.743%; height: 24px;\">127508<\/td>\n<td style=\"width: 31.5021%; height: 24px;\">2 portes coulissantes vitr\u00e9es + 4 \u00e9tag\u00e8res<\/td>\n<td style=\"width: 30.7549%; height: 24px;\">5 tiroirs + 1 porte battante \u00e0 gauche<\/td>\n<\/tr>\n<tr style=\"height: 24px;\">\n<td style=\"width: 12.743%; height: 24px;\">127510<\/td>\n<td style=\"width: 31.5021%; height: 24px;\">2 portes battantes \u00e0 oculus + 4 \u00e9tag\u00e8res\u00a0<\/td>\n<td style=\"width: 30.7549%; height: 24px;\">2 colonnes de 5 tiroirs<\/td>\n<\/tr>\n<tr style=\"height: 24px;\">\n<td style=\"width: 12.743%; height: 24px;\">127512<\/td>\n<td style=\"width: 31.5021%; height: 24px;\">2 portes coulissantes vitr\u00e9es + 4 \u00e9tag\u00e8res<\/td>\n<td style=\"width: 30.7549%; height: 24px;\">2 colonnes de 5 tiroirs<\/td>\n<\/tr>\n<tr style=\"height: 24px;\">\n<td style=\"width: 12.743%; height: 24px;\">127517<\/td>\n<td style=\"width: 31.5021%; height: 24px;\">2 portes battantes + 4 \u00e9tag\u00e8res<\/td>\n<td style=\"width: 30.7549%; height: 24px;\">1 tiroir sup\u00e9rieur + 2 portes battantes<\/td>\n<\/tr>\n<tr style=\"height: 24px;\">\n<td style=\"width: 12.743%; height: 24px;\">127521<\/td>\n<td style=\"width: 31.5021%; height: 24px;\">2 portes battantes + 4 \u00e9tag\u00e8res<\/td>\n<td style=\"width: 30.7549%; height: 24px;\">5 tiroirs<\/td>\n<\/tr>\n<tr style=\"height: 24px;\">\n<td style=\"width: 12.743%; height: 24px;\">127525<\/td>\n<td style=\"width: 31.5021%; height: 24px;\">2 portes battantes + 4 \u00e9tag\u00e8res<\/td>\n<td style=\"width: 30.7549%; height: 24px;\">2 grands tiroirs + 2 colonnes de 2 tiroirs<\/td>\n<\/tr>\n<tr>\n<td style=\"width: 12.743%;\">127529<\/td>\n<td style=\"width: 31.5021%;\">2 portes battantes + 4 \u00e9tag\u00e8res<\/td>\n<td style=\"width: 30.7549%;\">2 portes battantes + 2 \u00e9tag\u00e8res<\/td>\n<\/tr>\n<\/tbody>\n<\/table>\n<p>&nbsp;<\/p>\n","protected":false},"featured_media":22396,"template":"","meta":[],"product_brand":[],"product_cat":[64],"product_tag":[],"class_list":{"0":"post-22394","1":"product","2":"type-product","3":"status-publish","4":"has-post-thumbnail","6":"product_cat-armoires-de-laboratoire","8":"first","9":"instock","10":"shipping-taxable","11":"product-type-simple"},"yoast_head":"<!-- This site is optimized with the Yoast SEO plugin v27.2 - https:\/\/yoast.com\/product\/yoast-seo-wordpress\/ -->\n<title>Armoire \u00e0 double corps | Sidpa France<\/title>\n<meta name=\"description\" content=\"D\u00e9couvrez notre s\u00e9lection d&#039;armoires \u00e0 grandes capacit\u00e9s : Armoire \u00e0 double corps pour un mobilier de laboratoire sur mesure.\" \/>\n<meta name=\"robots\" content=\"index, follow, max-snippet:-1, max-image-preview:large, max-video-preview:-1\" \/>\n<link rel=\"canonical\" href=\"https:\/\/www.sidpa72.fr\/w\/produit\/armoire-a-double-corps\" \/>\n<meta property=\"og:locale\" content=\"fr_FR\" \/>\n<meta property=\"og:type\" content=\"article\" \/>\n<meta property=\"og:title\" content=\"Armoire \u00e0 double corps | Sidpa France\" \/>\n<meta property=\"og:description\" content=\"D\u00e9couvrez notre s\u00e9lection d&#039;armoires \u00e0 grandes capacit\u00e9s : Armoire \u00e0 double corps pour un mobilier de laboratoire sur mesure.\" \/>\n<meta property=\"og:url\" content=\"https:\/\/www.sidpa72.fr\/w\/produit\/armoire-a-double-corps\" \/>\n<meta property=\"og:site_name\" content=\"Sidpa France\" \/>\n<meta property=\"article:modified_time\" content=\"2024-04-17T08:24:20+00:00\" \/>\n<meta property=\"og:image\" content=\"https:\/\/www.sidpa72.fr\/w\/wp-content\/uploads\/2024\/02\/Armoire_127502.jpg\" \/>\n\t<meta property=\"og:image:width\" content=\"500\" \/>\n\t<meta property=\"og:image:height\" content=\"500\" \/>\n\t<meta property=\"og:image:type\" content=\"image\/jpeg\" \/>\n<meta name=\"twitter:label1\" content=\"Dur\u00e9e de lecture estim\u00e9e\" \/>\n\t<meta name=\"twitter:data1\" content=\"2 minutes\" \/>\n<script type=\"application\/ld+json\" class=\"yoast-schema-graph\">{\"@context\":\"https:\/\/schema.org\",\"@graph\":[{\"@type\":\"WebPage\",\"@id\":\"https:\/\/www.sidpa72.fr\/w\/produit\/armoire-a-double-corps\",\"url\":\"https:\/\/www.sidpa72.fr\/w\/produit\/armoire-a-double-corps\",\"name\":\"Armoire \u00e0 double corps | Sidpa France\",\"isPartOf\":{\"@id\":\"https:\/\/www.sidpa72.fr\/w\/#website\"},\"primaryImageOfPage\":{\"@id\":\"https:\/\/www.sidpa72.fr\/w\/produit\/armoire-a-double-corps#primaryimage\"},\"image\":{\"@id\":\"https:\/\/www.sidpa72.fr\/w\/produit\/armoire-a-double-corps#primaryimage\"},\"thumbnailUrl\":\"https:\/\/www.sidpa72.fr\/w\/wp-content\/uploads\/2024\/02\/Armoire_127502.jpg\",\"datePublished\":\"2024-02-29T13:35:32+00:00\",\"dateModified\":\"2024-04-17T08:24:20+00:00\",\"description\":\"D\u00e9couvrez notre s\u00e9lection d'armoires \u00e0 grandes capacit\u00e9s : Armoire \u00e0 double corps pour un mobilier de laboratoire sur mesure.\",\"breadcrumb\":{\"@id\":\"https:\/\/www.sidpa72.fr\/w\/produit\/armoire-a-double-corps#breadcrumb\"},\"inLanguage\":\"fr-FR\",\"potentialAction\":[{\"@type\":\"ReadAction\",\"target\":[\"https:\/\/www.sidpa72.fr\/w\/produit\/armoire-a-double-corps\"]}]},{\"@type\":\"ImageObject\",\"inLanguage\":\"fr-FR\",\"@id\":\"https:\/\/www.sidpa72.fr\/w\/produit\/armoire-a-double-corps#primaryimage\",\"url\":\"https:\/\/www.sidpa72.fr\/w\/wp-content\/uploads\/2024\/02\/Armoire_127502.jpg\",\"contentUrl\":\"https:\/\/www.sidpa72.fr\/w\/wp-content\/uploads\/2024\/02\/Armoire_127502.jpg\",\"width\":500,\"height\":500},{\"@type\":\"BreadcrumbList\",\"@id\":\"https:\/\/www.sidpa72.fr\/w\/produit\/armoire-a-double-corps#breadcrumb\",\"itemListElement\":[{\"@type\":\"ListItem\",\"position\":1,\"name\":\"Home\",\"item\":\"https:\/\/www.sidpa72.fr\/w\"},{\"@type\":\"ListItem\",\"position\":2,\"name\":\"Produits\",\"item\":\"https:\/\/www.sidpa72.fr\/w\/produits\"},{\"@type\":\"ListItem\",\"position\":3,\"name\":\"Armoire \u00e0 double corps\"}]},{\"@type\":\"WebSite\",\"@id\":\"https:\/\/www.sidpa72.fr\/w\/#website\",\"url\":\"https:\/\/www.sidpa72.fr\/w\/\",\"name\":\"Sidpa\",\"description\":\"Votre mobilier de laboratoire sur-mesure\",\"potentialAction\":[{\"@type\":\"SearchAction\",\"target\":{\"@type\":\"EntryPoint\",\"urlTemplate\":\"https:\/\/www.sidpa72.fr\/w\/?s={search_term_string}\"},\"query-input\":{\"@type\":\"PropertyValueSpecification\",\"valueRequired\":true,\"valueName\":\"search_term_string\"}}],\"inLanguage\":\"fr-FR\"}]}<\/script>\n<!-- \/ Yoast SEO plugin. -->","yoast_head_json":{"title":"Armoire \u00e0 double corps | Sidpa France","description":"D\u00e9couvrez notre s\u00e9lection d'armoires \u00e0 grandes capacit\u00e9s : Armoire \u00e0 double corps pour un mobilier de laboratoire sur mesure.","robots":{"index":"index","follow":"follow","max-snippet":"max-snippet:-1","max-image-preview":"max-image-preview:large","max-video-preview":"max-video-preview:-1"},"canonical":"https:\/\/www.sidpa72.fr\/w\/produit\/armoire-a-double-corps","og_locale":"fr_FR","og_type":"article","og_title":"Armoire \u00e0 double corps | Sidpa France","og_description":"D\u00e9couvrez notre s\u00e9lection d'armoires \u00e0 grandes capacit\u00e9s : Armoire \u00e0 double corps pour un mobilier de laboratoire sur mesure.","og_url":"https:\/\/www.sidpa72.fr\/w\/produit\/armoire-a-double-corps","og_site_name":"Sidpa France","article_modified_time":"2024-04-17T08:24:20+00:00","og_image":[{"width":500,"height":500,"url":"https:\/\/www.sidpa72.fr\/w\/wp-content\/uploads\/2024\/02\/Armoire_127502.jpg","type":"image\/jpeg"}],"twitter_misc":{"Dur\u00e9e de lecture estim\u00e9e":"2 minutes"},"schema":{"@context":"https:\/\/schema.org","@graph":[{"@type":"WebPage","@id":"https:\/\/www.sidpa72.fr\/w\/produit\/armoire-a-double-corps","url":"https:\/\/www.sidpa72.fr\/w\/produit\/armoire-a-double-corps","name":"Armoire \u00e0 double corps | Sidpa France","isPartOf":{"@id":"https:\/\/www.sidpa72.fr\/w\/#website"},"primaryImageOfPage":{"@id":"https:\/\/www.sidpa72.fr\/w\/produit\/armoire-a-double-corps#primaryimage"},"image":{"@id":"https:\/\/www.sidpa72.fr\/w\/produit\/armoire-a-double-corps#primaryimage"},"thumbnailUrl":"https:\/\/www.sidpa72.fr\/w\/wp-content\/uploads\/2024\/02\/Armoire_127502.jpg","datePublished":"2024-02-29T13:35:32+00:00","dateModified":"2024-04-17T08:24:20+00:00","description":"D\u00e9couvrez notre s\u00e9lection d'armoires \u00e0 grandes capacit\u00e9s : Armoire \u00e0 double corps pour un mobilier de laboratoire sur mesure.","breadcrumb":{"@id":"https:\/\/www.sidpa72.fr\/w\/produit\/armoire-a-double-corps#breadcrumb"},"inLanguage":"fr-FR","potentialAction":[{"@type":"ReadAction","target":["https:\/\/www.sidpa72.fr\/w\/produit\/armoire-a-double-corps"]}]},{"@type":"ImageObject","inLanguage":"fr-FR","@id":"https:\/\/www.sidpa72.fr\/w\/produit\/armoire-a-double-corps#primaryimage","url":"https:\/\/www.sidpa72.fr\/w\/wp-content\/uploads\/2024\/02\/Armoire_127502.jpg","contentUrl":"https:\/\/www.sidpa72.fr\/w\/wp-content\/uploads\/2024\/02\/Armoire_127502.jpg","width":500,"height":500},{"@type":"BreadcrumbList","@id":"https:\/\/www.sidpa72.fr\/w\/produit\/armoire-a-double-corps#breadcrumb","itemListElement":[{"@type":"ListItem","position":1,"name":"Home","item":"https:\/\/www.sidpa72.fr\/w"},{"@type":"ListItem","position":2,"name":"Produits","item":"https:\/\/www.sidpa72.fr\/w\/produits"},{"@type":"ListItem","position":3,"name":"Armoire \u00e0 double corps"}]},{"@type":"WebSite","@id":"https:\/\/www.sidpa72.fr\/w\/#website","url":"https:\/\/www.sidpa72.fr\/w\/","name":"Sidpa","description":"Votre mobilier de laboratoire sur-mesure","potentialAction":[{"@type":"SearchAction","target":{"@type":"EntryPoint","urlTemplate":"https:\/\/www.sidpa72.fr\/w\/?s={search_term_string}"},"query-input":{"@type":"PropertyValueSpecification","valueRequired":true,"valueName":"search_term_string"}}],"inLanguage":"fr-FR"}]}},"_links":{"self":[{"href":"https:\/\/www.sidpa72.fr\/w\/wp-json\/wp\/v2\/product\/22394","targetHints":{"allow":["GET"]}}],"collection":[{"href":"https:\/\/www.sidpa72.fr\/w\/wp-json\/wp\/v2\/product"}],"about":[{"href":"https:\/\/www.sidpa72.fr\/w\/wp-json\/wp\/v2\/types\/product"}],"wp:featuredmedia":[{"embeddable":true,"href":"https:\/\/www.sidpa72.fr\/w\/wp-json\/wp\/v2\/media\/22396"}],"wp:attachment":[{"href":"https:\/\/www.sidpa72.fr\/w\/wp-json\/wp\/v2\/media?parent=22394"}],"wp:term":[{"taxonomy":"product_brand","embeddable":true,"href":"https:\/\/www.sidpa72.fr\/w\/wp-json\/wp\/v2\/product_brand?post=22394"},{"taxonomy":"product_cat","embeddable":true,"href":"https:\/\/www.sidpa72.fr\/w\/wp-json\/wp\/v2\/product_cat?post=22394"},{"taxonomy":"product_tag","embeddable":true,"href":"https:\/\/www.sidpa72.fr\/w\/wp-json\/wp\/v2\/product_tag?post=22394"}],"curies":[{"name":"wp","href":"https:\/\/api.w.org\/{rel}","templated":true}]}}