{"id":356,"date":"2014-07-01T08:15:20","date_gmt":"2014-07-01T07:15:20","guid":{"rendered":"http:\/\/www.sidpa72.fr\/w\/?post_type=product&#038;p=356"},"modified":"2024-04-18T10:32:05","modified_gmt":"2024-04-18T09:32:05","slug":"sorbonnes-de-laboratoire","status":"publish","type":"product","link":"https:\/\/www.sidpa72.fr\/w\/produit\/sorbonnes-de-laboratoire","title":{"rendered":"Sorbonnes de Laboratoires \u00e0 Poser sur Paillasse"},"content":{"rendered":"<h1><span style=\"font-size: 24pt; color: #d6a390;\">Sorbonnes de Laboratoires \u00e0 Poser sur Paillasse : Garantissant Conformit\u00e9 aux Normes et Performance Assur\u00e9e<\/span><\/h1>\n<p data-sourcepos=\"40:1-40:610\">Les <span style=\"color: #d6a390;\"><strong>sorbonnes de laboratoire<\/strong><\/span> sont un \u00e9quipement essentiel pour la s\u00e9curit\u00e9 et la sant\u00e9 des travailleurs en laboratoire. Elles permettent de <span style=\"color: #d6a390;\"><strong>confiner les vapeurs et a\u00e9rosols de produits chimiques dangereux<\/strong><\/span>, offrant ainsi une protection optimale \u00e0 l&rsquo;op\u00e9rateur et \u00e0 l&rsquo;environnement. Nos sorbonnes de laboratoire <span class=\"citation-0\">r\u00e9pondent aux <\/span><span style=\"color: #d6a390;\"><strong><span class=\"citation-0\">normes NF XPX 15-206\/EN 14175-3<\/span><\/strong><\/span><span class=\"citation-0\"> en vigueur. Elles ont fait l&rsquo;objet d&rsquo;un <\/span><span style=\"color: #d6a390;\"><strong><span class=\"citation-0\">essai de confinement<\/span><\/strong><\/span><span class=\"citation-0 citation-end-0\"> r\u00e9alis\u00e9 par un organisme de contr\u00f4le agr\u00e9\u00e9 ind\u00e9pendant.<\/span> Cet essai pr\u00e9cise <span class=\"citation-1 citation-end-1\">que la concentration d&rsquo;un gaz traceur ne doit pas d\u00e9passer 0,1 ppm en tout point de mesure (dans le plan de la face avant) et que la vitesse d&rsquo;air frontale ne doit pas \u00eatre inf\u00e9rieure<\/span> \u00e0 0,4 m\/s.<\/p>\n<h2 data-sourcepos=\"1:1-1:80\"><span style=\"font-size: 14pt;\">Description des Sorbonnes de Laboratoire<\/span><\/h2>\n<p data-sourcepos=\"22:1-22:93\">Nos sorbonnes de laboratoire sont fabriqu\u00e9es \u00e0 partir de <span style=\"color: #d6a390;\"><strong>mat\u00e9riaux robustes et durables<\/strong><\/span> :<\/p>\n<ul data-sourcepos=\"24:1-26:0\">\n<li data-sourcepos=\"24:1-24:79\"><strong>Plan de travail en m\u00e9lamin\u00e9 hydrofuge CTBH blanc 2 faces \u00e9paisseur 19 mm.<\/strong><\/li>\n<li data-sourcepos=\"25:1-26:0\"><strong>Fond de l&rsquo;enceinte de confinement plaqu\u00e9 en polypropyl\u00e8ne.<\/strong><\/li>\n<\/ul>\n<h2 data-sourcepos=\"1:1-1:80\"><span style=\"font-size: 14pt;\">Sorbonnes de Laboratoire Sur Mesure<\/span><\/h2>\n<p data-sourcepos=\"13:1-13:133\">Nous mettons l&rsquo;accent sur la personnalisation. C\u2019est pourquoi, nous proposons trois r\u00e9f\u00e9rences distinctes pour nos sorbonnes. Chacune offrant des dimensions sp\u00e9cifiques pour r\u00e9pondre \u00e0 divers besoins professionnels. De plus, vous pouvez ajuster <strong><span style=\"color: #d6a390;\">sur mesure<\/span><\/strong> chaque r\u00e9f\u00e9rence pour qu&rsquo;elle s&rsquo;adapte parfaitement \u00e0 votre espace.<\/p>\n<p data-sourcepos=\"13:1-13:133\"><span style=\"font-size: 14pt;\">Fonctionnalit\u00e9s :<\/span><\/p>\n<ul data-sourcepos=\"15:1-19:0\">\n<li data-sourcepos=\"15:1-15:155\"><strong><span class=\"citation-2\">Syst\u00e8me de contr\u00f4le de vitesse d&rsquo;entr\u00e9e d&rsquo;air<\/span><\/strong><span class=\"citation-2 citation-end-2\">\u00a0avec alarme visuelle et sonore qui informe l&rsquo;utilisateur en cas de rupture de confinement.<\/span><\/li>\n<li data-sourcepos=\"16:1-16:164\"><strong>Fa\u00e7ade avant escamotable en verre tremp\u00e9 Securit feuillet\u00e9<\/strong>\u00a0avec syst\u00e8me limitant l&rsquo;ouverture \u00e0 400 mm du plan de travail, pouvant \u00eatre d\u00e9bloqu\u00e9e manuellement.<\/li>\n<li data-sourcepos=\"17:1-17:61\"><strong>\u00c9clairage \u00e9tanche hors volume<\/strong>\u00a0assur\u00e9 par des tubes LED.<\/li>\n<li data-sourcepos=\"18:1-19:0\"><strong>Dispositif \u00ab\u00a0parachute\u00a0\u00bb<\/strong>\u00a0pr\u00e9vu pour la fa\u00e7ade mobile, en cas de rupture d&rsquo;un des dispositifs de suspension et de relevage.<\/li>\n<li data-sourcepos=\"31:1-31:65\">Existe \u00e9galement des <strong>fa\u00e7ades escamotables motoris\u00e9es avec d\u00e9tecteur de pr\u00e9sence.<\/strong><\/li>\n<li data-sourcepos=\"31:1-31:65\">En option : <strong>Essais de r\u00e9ception sur site par un organisme ext\u00e9rieur.<\/strong><\/li>\n<\/ul>\n<p>&nbsp;<\/p>\n<p>Pour une protection compl\u00e8te de votre laboratoire, compl\u00e9tez vos sorbonnes avec nos <span style=\"color: #d6a390;\"><a style=\"color: #d6a390;\" href=\"https:\/\/www.sidpa72.fr\/w\/categorie-produit\/hotte-sorbonne-de-laboratoire\/hotte-suspendue\"><strong>hottes de laboratoire<\/strong><\/a><\/span>.<\/p>\n<p>Pour plus d&rsquo;informations sur nos sorbonnes de laboratoire et pour obtenir un devis personnalis\u00e9, n&rsquo;h\u00e9sitez pas \u00e0 contacter notre bureau d&rsquo;\u00e9tude : <a href=\"mailto:contact@sidpafrance.fr\">contact@sidpafrance.fr<\/a><br \/>\nNotre \u00e9quipe d&rsquo;experts est \u00e0 votre disposition pour vous accompagner dans le choix de la solution la plus adapt\u00e9e \u00e0 vos besoins sp\u00e9cifiques.<\/p>\n","protected":false},"excerpt":{"rendered":"<p>Assurez une <span style=\"color: #d6a390;\"><strong>s\u00e9curit\u00e9 optimale dans votre laboratoire avec nos sorbonnes \u00e0 poser sur paillasse<\/strong><\/span>. En effet, le contr\u00f4le de vitesse, la fa\u00e7ade s\u00e9curis\u00e9e, l&rsquo;\u00e9clairage LED et le dispositif \u00ab\u00a0parachute\u00a0\u00bb se combinent pour garantir une s\u00e9curit\u00e9 in\u00e9gal\u00e9e. Fabriqu\u00e9es en m\u00e9lamin\u00e9 hydrofuge CTBH blanc, elles allient durabilit\u00e9 et esth\u00e9tique pour cr\u00e9er un <span style=\"color: #d6a390;\"><strong>environnement de travail s\u00e9curis\u00e9<\/strong><\/span> et soigneusement con\u00e7u. La mise en service est assur\u00e9e par un de nos techniciens experts.<\/p>\n<p>Choisissez parmi nos 3 longueurs :<\/p>\n<table style=\"width: 100%; border-collapse: collapse; border-style: solid; border-color: #d6a390;\">\n<tbody>\n<tr>\n<td style=\"width: 25%;\">Longueur (en mm)<\/td>\n<td style=\"width: 25%;\">1203<span style=\"color: #d6a390;\">*<\/span><\/td>\n<td style=\"width: 25%;\">1503<span style=\"color: #d6a390;\">*<\/span><\/td>\n<td style=\"width: 25%;\">1803<span style=\"color: #d6a390;\">*<\/span><\/td>\n<\/tr>\n<\/tbody>\n<\/table>\n<p><span style=\"color: #d6a390;\">*Ou sur mesure<\/span><\/p>\n","protected":false},"featured_media":22112,"template":"","meta":[],"product_brand":[],"product_cat":[56],"product_tag":[],"class_list":{"0":"post-356","1":"product","2":"type-product","3":"status-publish","4":"has-post-thumbnail","6":"product_cat-sorbonnes","8":"first","9":"instock","10":"shipping-taxable","11":"product-type-simple"},"yoast_head":"<!-- This site is optimized with the Yoast SEO plugin v27.2 - https:\/\/yoast.com\/product\/yoast-seo-wordpress\/ -->\n<title>Sorbonnes de Laboratoire | Sur Mesure | S\u00e9curit\u00e9 du Laboratoire | Sidpa France<\/title>\n<meta name=\"description\" content=\"Explorez nos Sorbonnes de Laboratoire, alliant conformit\u00e9 aux normes, s\u00e9curit\u00e9 avanc\u00e9e et durabilit\u00e9. Mise en service rapide par nos techniciens qualifi\u00e9s.\" \/>\n<meta name=\"robots\" content=\"index, follow, max-snippet:-1, max-image-preview:large, max-video-preview:-1\" \/>\n<link rel=\"canonical\" href=\"https:\/\/www.sidpa72.fr\/w\/produit\/sorbonnes-de-laboratoire\" \/>\n<meta property=\"og:locale\" content=\"fr_FR\" \/>\n<meta property=\"og:type\" content=\"article\" \/>\n<meta property=\"og:title\" content=\"Sorbonnes de Laboratoire | Sur Mesure | S\u00e9curit\u00e9 du Laboratoire | Sidpa France\" \/>\n<meta property=\"og:description\" content=\"Explorez nos Sorbonnes de Laboratoire, alliant conformit\u00e9 aux normes, s\u00e9curit\u00e9 avanc\u00e9e et durabilit\u00e9. Mise en service rapide par nos techniciens qualifi\u00e9s.\" \/>\n<meta property=\"og:url\" content=\"https:\/\/www.sidpa72.fr\/w\/produit\/sorbonnes-de-laboratoire\" \/>\n<meta property=\"og:site_name\" content=\"Sidpa France\" \/>\n<meta property=\"article:modified_time\" content=\"2024-04-18T09:32:05+00:00\" \/>\n<meta property=\"og:image\" content=\"https:\/\/www.sidpa72.fr\/w\/wp-content\/uploads\/2014\/07\/Image_3.jpg\" \/>\n\t<meta property=\"og:image:width\" content=\"1000\" \/>\n\t<meta property=\"og:image:height\" content=\"750\" \/>\n\t<meta property=\"og:image:type\" content=\"image\/jpeg\" \/>\n<meta name=\"twitter:label1\" content=\"Dur\u00e9e de lecture estim\u00e9e\" \/>\n\t<meta name=\"twitter:data1\" content=\"2 minutes\" \/>\n<script type=\"application\/ld+json\" class=\"yoast-schema-graph\">{\"@context\":\"https:\/\/schema.org\",\"@graph\":[{\"@type\":\"WebPage\",\"@id\":\"https:\/\/www.sidpa72.fr\/w\/produit\/sorbonnes-de-laboratoire\",\"url\":\"https:\/\/www.sidpa72.fr\/w\/produit\/sorbonnes-de-laboratoire\",\"name\":\"Sorbonnes de Laboratoire | Sur Mesure | S\u00e9curit\u00e9 du Laboratoire | Sidpa France\",\"isPartOf\":{\"@id\":\"https:\/\/www.sidpa72.fr\/w\/#website\"},\"primaryImageOfPage\":{\"@id\":\"https:\/\/www.sidpa72.fr\/w\/produit\/sorbonnes-de-laboratoire#primaryimage\"},\"image\":{\"@id\":\"https:\/\/www.sidpa72.fr\/w\/produit\/sorbonnes-de-laboratoire#primaryimage\"},\"thumbnailUrl\":\"https:\/\/www.sidpa72.fr\/w\/wp-content\/uploads\/2014\/07\/Image_3.jpg\",\"datePublished\":\"2014-07-01T07:15:20+00:00\",\"dateModified\":\"2024-04-18T09:32:05+00:00\",\"description\":\"Explorez nos Sorbonnes de Laboratoire, alliant conformit\u00e9 aux normes, s\u00e9curit\u00e9 avanc\u00e9e et durabilit\u00e9. Mise en service rapide par nos techniciens qualifi\u00e9s.\",\"breadcrumb\":{\"@id\":\"https:\/\/www.sidpa72.fr\/w\/produit\/sorbonnes-de-laboratoire#breadcrumb\"},\"inLanguage\":\"fr-FR\",\"potentialAction\":[{\"@type\":\"ReadAction\",\"target\":[\"https:\/\/www.sidpa72.fr\/w\/produit\/sorbonnes-de-laboratoire\"]}]},{\"@type\":\"ImageObject\",\"inLanguage\":\"fr-FR\",\"@id\":\"https:\/\/www.sidpa72.fr\/w\/produit\/sorbonnes-de-laboratoire#primaryimage\",\"url\":\"https:\/\/www.sidpa72.fr\/w\/wp-content\/uploads\/2014\/07\/Image_3.jpg\",\"contentUrl\":\"https:\/\/www.sidpa72.fr\/w\/wp-content\/uploads\/2014\/07\/Image_3.jpg\",\"width\":1000,\"height\":750},{\"@type\":\"BreadcrumbList\",\"@id\":\"https:\/\/www.sidpa72.fr\/w\/produit\/sorbonnes-de-laboratoire#breadcrumb\",\"itemListElement\":[{\"@type\":\"ListItem\",\"position\":1,\"name\":\"Home\",\"item\":\"https:\/\/www.sidpa72.fr\/w\"},{\"@type\":\"ListItem\",\"position\":2,\"name\":\"Produits\",\"item\":\"https:\/\/www.sidpa72.fr\/w\/produits\"},{\"@type\":\"ListItem\",\"position\":3,\"name\":\"Sorbonnes de Laboratoires \u00e0 Poser sur Paillasse\"}]},{\"@type\":\"WebSite\",\"@id\":\"https:\/\/www.sidpa72.fr\/w\/#website\",\"url\":\"https:\/\/www.sidpa72.fr\/w\/\",\"name\":\"Sidpa\",\"description\":\"Votre mobilier de laboratoire sur-mesure\",\"potentialAction\":[{\"@type\":\"SearchAction\",\"target\":{\"@type\":\"EntryPoint\",\"urlTemplate\":\"https:\/\/www.sidpa72.fr\/w\/?s={search_term_string}\"},\"query-input\":{\"@type\":\"PropertyValueSpecification\",\"valueRequired\":true,\"valueName\":\"search_term_string\"}}],\"inLanguage\":\"fr-FR\"}]}<\/script>\n<!-- \/ Yoast SEO plugin. -->","yoast_head_json":{"title":"Sorbonnes de Laboratoire | Sur Mesure | S\u00e9curit\u00e9 du Laboratoire | Sidpa France","description":"Explorez nos Sorbonnes de Laboratoire, alliant conformit\u00e9 aux normes, s\u00e9curit\u00e9 avanc\u00e9e et durabilit\u00e9. Mise en service rapide par nos techniciens qualifi\u00e9s.","robots":{"index":"index","follow":"follow","max-snippet":"max-snippet:-1","max-image-preview":"max-image-preview:large","max-video-preview":"max-video-preview:-1"},"canonical":"https:\/\/www.sidpa72.fr\/w\/produit\/sorbonnes-de-laboratoire","og_locale":"fr_FR","og_type":"article","og_title":"Sorbonnes de Laboratoire | Sur Mesure | S\u00e9curit\u00e9 du Laboratoire | Sidpa France","og_description":"Explorez nos Sorbonnes de Laboratoire, alliant conformit\u00e9 aux normes, s\u00e9curit\u00e9 avanc\u00e9e et durabilit\u00e9. Mise en service rapide par nos techniciens qualifi\u00e9s.","og_url":"https:\/\/www.sidpa72.fr\/w\/produit\/sorbonnes-de-laboratoire","og_site_name":"Sidpa France","article_modified_time":"2024-04-18T09:32:05+00:00","og_image":[{"width":1000,"height":750,"url":"https:\/\/www.sidpa72.fr\/w\/wp-content\/uploads\/2014\/07\/Image_3.jpg","type":"image\/jpeg"}],"twitter_misc":{"Dur\u00e9e de lecture estim\u00e9e":"2 minutes"},"schema":{"@context":"https:\/\/schema.org","@graph":[{"@type":"WebPage","@id":"https:\/\/www.sidpa72.fr\/w\/produit\/sorbonnes-de-laboratoire","url":"https:\/\/www.sidpa72.fr\/w\/produit\/sorbonnes-de-laboratoire","name":"Sorbonnes de Laboratoire | Sur Mesure | S\u00e9curit\u00e9 du Laboratoire | Sidpa France","isPartOf":{"@id":"https:\/\/www.sidpa72.fr\/w\/#website"},"primaryImageOfPage":{"@id":"https:\/\/www.sidpa72.fr\/w\/produit\/sorbonnes-de-laboratoire#primaryimage"},"image":{"@id":"https:\/\/www.sidpa72.fr\/w\/produit\/sorbonnes-de-laboratoire#primaryimage"},"thumbnailUrl":"https:\/\/www.sidpa72.fr\/w\/wp-content\/uploads\/2014\/07\/Image_3.jpg","datePublished":"2014-07-01T07:15:20+00:00","dateModified":"2024-04-18T09:32:05+00:00","description":"Explorez nos Sorbonnes de Laboratoire, alliant conformit\u00e9 aux normes, s\u00e9curit\u00e9 avanc\u00e9e et durabilit\u00e9. Mise en service rapide par nos techniciens qualifi\u00e9s.","breadcrumb":{"@id":"https:\/\/www.sidpa72.fr\/w\/produit\/sorbonnes-de-laboratoire#breadcrumb"},"inLanguage":"fr-FR","potentialAction":[{"@type":"ReadAction","target":["https:\/\/www.sidpa72.fr\/w\/produit\/sorbonnes-de-laboratoire"]}]},{"@type":"ImageObject","inLanguage":"fr-FR","@id":"https:\/\/www.sidpa72.fr\/w\/produit\/sorbonnes-de-laboratoire#primaryimage","url":"https:\/\/www.sidpa72.fr\/w\/wp-content\/uploads\/2014\/07\/Image_3.jpg","contentUrl":"https:\/\/www.sidpa72.fr\/w\/wp-content\/uploads\/2014\/07\/Image_3.jpg","width":1000,"height":750},{"@type":"BreadcrumbList","@id":"https:\/\/www.sidpa72.fr\/w\/produit\/sorbonnes-de-laboratoire#breadcrumb","itemListElement":[{"@type":"ListItem","position":1,"name":"Home","item":"https:\/\/www.sidpa72.fr\/w"},{"@type":"ListItem","position":2,"name":"Produits","item":"https:\/\/www.sidpa72.fr\/w\/produits"},{"@type":"ListItem","position":3,"name":"Sorbonnes de Laboratoires \u00e0 Poser sur Paillasse"}]},{"@type":"WebSite","@id":"https:\/\/www.sidpa72.fr\/w\/#website","url":"https:\/\/www.sidpa72.fr\/w\/","name":"Sidpa","description":"Votre mobilier de laboratoire sur-mesure","potentialAction":[{"@type":"SearchAction","target":{"@type":"EntryPoint","urlTemplate":"https:\/\/www.sidpa72.fr\/w\/?s={search_term_string}"},"query-input":{"@type":"PropertyValueSpecification","valueRequired":true,"valueName":"search_term_string"}}],"inLanguage":"fr-FR"}]}},"_links":{"self":[{"href":"https:\/\/www.sidpa72.fr\/w\/wp-json\/wp\/v2\/product\/356","targetHints":{"allow":["GET"]}}],"collection":[{"href":"https:\/\/www.sidpa72.fr\/w\/wp-json\/wp\/v2\/product"}],"about":[{"href":"https:\/\/www.sidpa72.fr\/w\/wp-json\/wp\/v2\/types\/product"}],"wp:featuredmedia":[{"embeddable":true,"href":"https:\/\/www.sidpa72.fr\/w\/wp-json\/wp\/v2\/media\/22112"}],"wp:attachment":[{"href":"https:\/\/www.sidpa72.fr\/w\/wp-json\/wp\/v2\/media?parent=356"}],"wp:term":[{"taxonomy":"product_brand","embeddable":true,"href":"https:\/\/www.sidpa72.fr\/w\/wp-json\/wp\/v2\/product_brand?post=356"},{"taxonomy":"product_cat","embeddable":true,"href":"https:\/\/www.sidpa72.fr\/w\/wp-json\/wp\/v2\/product_cat?post=356"},{"taxonomy":"product_tag","embeddable":true,"href":"https:\/\/www.sidpa72.fr\/w\/wp-json\/wp\/v2\/product_tag?post=356"}],"curies":[{"name":"wp","href":"https:\/\/api.w.org\/{rel}","templated":true}]}}